{"id":9809,"date":"2018-12-18T12:15:17","date_gmt":"2018-12-18T11:15:17","guid":{"rendered":"http:\/\/oves-geeb.eus\/?page_id=9809"},"modified":"2019-12-19T11:00:32","modified_gmt":"2019-12-19T10:00:32","slug":"biblioteca-de-la-economia-social","status":"publish","type":"page","link":"https:\/\/oves-geeb.eus\/es\/actividades\/area-cientifico-academica\/biblioteca-de-la-economia-social\/","title":{"rendered":"Biblioteca de la Econom\u00eda Social"},"content":{"rendered":"<p>Listado de las obras de Econom\u00eda Social disponibles en la biblioteca central de la Universidad del Pa\u00eds Vasco, secci\u00f3n Donostia.<\/p>\n<p><a href=\"\/wp-content\/uploads\/2018\/12\/Liburutegia_GEZKI_-ZK-.xlsx\">Liburutegia_GEZKI_ ZK-<\/a>\u00a0(Listado en formato Excell)<\/p>\n<p><a href=\"\/wp-content\/uploads\/2019\/12\/ZK-FONDO-GEZKI.docx\">LISTADO<\/a> de obras que se han a\u00f1adidas durante el 2019 a la biblioteca central de la Universidad del Pa\u00eds Vasco de Donostia, en la secci\u00f3n ZK-GEZKI.<\/p>\n<p><a href=\"\/wp-content\/uploads\/2019\/12\/FONDO-INTERNO.docx\">LISTADO<\/a> de obras disponibles en el Fondo Interno del Institu GEZKI.<\/p>\n<p>&nbsp;<\/p>\n<p>&nbsp;<\/p>\n","protected":false},"excerpt":{"rendered":"<p>Listado de las obras de Econom\u00eda Social disponibles en la biblioteca central de la Universidad del Pa\u00eds Vasco, secci\u00f3n Donostia. Liburutegia_GEZKI_ ZK-\u00a0(Listado en formato Excell) LISTADO de obras que se han a\u00f1adidas durante el 2019 a la biblioteca central de la Universidad del Pa\u00eds Vasco de Donostia, en la secci\u00f3n ZK-GEZKI. LISTADO de obras disponibles &hellip; <a href=\"https:\/\/oves-geeb.eus\/es\/actividades\/area-cientifico-academica\/biblioteca-de-la-economia-social\/\">Continuar leyendo<\/a><\/p>\n","protected":false},"author":3,"featured_media":0,"parent":9028,"menu_order":2,"comment_status":"closed","ping_status":"closed","template":"","meta":{"footnotes":""},"class_list":["post-9809","page","type-page","status-publish","hentry"],"acf":[],"_links":{"self":[{"href":"https:\/\/oves-geeb.eus\/es\/wp-json\/wp\/v2\/pages\/9809","targetHints":{"allow":["GET"]}}],"collection":[{"href":"https:\/\/oves-geeb.eus\/es\/wp-json\/wp\/v2\/pages"}],"about":[{"href":"https:\/\/oves-geeb.eus\/es\/wp-json\/wp\/v2\/types\/page"}],"author":[{"embeddable":true,"href":"https:\/\/oves-geeb.eus\/es\/wp-json\/wp\/v2\/users\/3"}],"replies":[{"embeddable":true,"href":"https:\/\/oves-geeb.eus\/es\/wp-json\/wp\/v2\/comments?post=9809"}],"version-history":[{"count":3,"href":"https:\/\/oves-geeb.eus\/es\/wp-json\/wp\/v2\/pages\/9809\/revisions"}],"predecessor-version":[{"id":14810,"href":"https:\/\/oves-geeb.eus\/es\/wp-json\/wp\/v2\/pages\/9809\/revisions\/14810"}],"up":[{"embeddable":true,"href":"https:\/\/oves-geeb.eus\/es\/wp-json\/wp\/v2\/pages\/9028"}],"wp:attachment":[{"href":"https:\/\/oves-geeb.eus\/es\/wp-json\/wp\/v2\/media?parent=9809"}],"curies":[{"name":"wp","href":"https:\/\/api.w.org\/{rel}","templated":true}]}}