{"id":9465,"date":"2018-06-11T12:03:29","date_gmt":"2018-06-11T10:03:29","guid":{"rendered":"http:\/\/oves-geeb.eus\/?page_id=9465"},"modified":"2022-12-07T11:00:47","modified_gmt":"2022-12-07T10:00:47","slug":"jurisprudencia","status":"publish","type":"page","link":"https:\/\/oves-geeb.eus\/es\/actividades\/area-juridico-politica\/marco-juridico\/jurisprudencia\/","title":{"rendered":"Jurisprudencia"},"content":{"rendered":"<h2 class=\"h4 subheader\">Sentencias del Tribunal Superior de Justicia de la Uni\u00f3n Europea<\/h2>\n<ul>\n<li>SENTENCIA DEL TRIBUNAL DE SUPERIOR DE JUSTICIA,DE LA UE de 2 de mayo de 2006, sobre la legalidad de la base jur\u00eddica de la creaci\u00f3n sociedad cooperativa europea y la legalidad y vigencia del REGLAMENTO (CE) 1435\/2003.<\/li>\n<li>SENTENCIA DEL TRIBUNAL SUPERIOR DE JUSTICIA DE LA UE, de 13 de noviembre de 2008, N\u00ba2009\/C6\/10, Asunto C-324\/07, sobre adjudicaci\u00f3n municipal a una sociedad cooperativa intermunicipal.<\/li>\n<\/ul>\n<h2 class=\"h4 subheader\">Sentencias del Tribunal Supremo, Tribunal Constitucional<\/h2>\n<h3>Sobre Cooperativas de Cr\u00e9dito:<\/h3>\n<ul>\n<li>SENTENCIA DEL TRIBUNAL CONSTITUCIONAL N\u00ba72\/1983, de 29 de julio.<\/li>\n<li>SENTENCIA DEL TRIBUNAL CONSTITUCIONAL N\u00ba44\/1984, de 27 de marzo.<\/li>\n<li>SENTENCIA DEL TRIBUNAL CONSTITUCIONAL N\u00ba77\/1985, de 27 de junio.<\/li>\n<li>SENTENCIA DEL TRIBUNAL CONSTITUCIONAL N\u00ba155\/1993, de 6 de mayo.<\/li>\n<li>SENTENCIA DEL TRIBUNAL CONSTITUCIONAL N\u00ba204\/1993, de 17 de junio.<\/li>\n<li>SENTENCIA DEL TRIBUNAL CONSTITUCIONAL N\u00ba235\/1999, de 16 de diciembre.<\/li>\n<li>SENTENCIA DEL TRIBUNAL CONSTITUCIONAL N\u00ba 275\/2002, de 16 de noviembre<\/li>\n<li>SENTENCIA DEL TRIBUNAL CONSTITUCIONAL N\u00ba291\/2005, de 10 de noviembre.<\/li>\n<\/ul>\n<h3>Sobre criterios de territorialidad<\/h3>\n<ul>\n<li>SENTENCIA DEL TRIBUNAL CONSTITUCIONAL N\u00ba72\/1983, de 29 de julio.<\/li>\n<li>SENTENCIA DEL TRIBUNAL CONSTITUCIONAL N\u00ba329\/1993, de 12 de noviembre.<\/li>\n<li>SENTENCIA DEL TRIBUNAL CONSTITUCIONAL N\u00ba102\/1995, de 26 de junio.<\/li>\n<li>SENTENCIA DEL TRIBUNAL CONSTITUCIONAL N\u00ba132\/1998, de 22 de junio.<\/li>\n<li>SENTENCIA DEL TRIBUNAL CONSTITUCIONAL N\u00ba65\/1998, de 18 de marzo.<\/li>\n<\/ul>\n<p>&lt;h2class=&#8221;h4 subheader&#8221;&gt;Sentencias del Tribunal Superior de Justicia del Pa\u00eds Vasco<\/p>\n<ul>\n<li>SENTENCIA DEL TRIBUNAL SUPERIOR DE JUSTICIA DEL PAIS VASCO, de 20 de mayo de 1999, sobre la inclusi\u00f3n de cooperativas especialmente protegidas como beneficiarias de la deducci\u00f3n por dotaciones a la reserva por inversiones productivas o para la conservaci\u00f3n del medio ambiente.<\/li>\n<li>SENTENCIA DEL TRIBUNAL SUPERIOR DE JUSTICIA DEL PAIS VASCO, de 01\/12\/2003, sobre la cotizaci\u00f3n de las revalorizaciones contables del inmovilizado material deben tributar no deben tributar al tipo general.<\/li>\n<li>SENTENCIA DEL TRIBUNAL SUPERIOR DE JUSTICIA DEL PAIS VASCO N\u00ba354\/2007, sobre inspecci\u00f3n y control de las Cooperativas de Cr\u00e9dito<\/li>\n<li>SENTENCIA DEL TRIBUNAL SUPERIOR DE JUSTICIA DEL PAIS VASCO, de 16\/06\/2008, sobre la consideraci\u00f3n de la paga \u201ccash flow\u201d como rendimiento de capital, con car\u00e1cter de retorno cooperativo, y por tanto, no deducible.<\/li>\n<\/ul>\n<h2 class=\"h4 subheader\">Sentencias del Tribunal Supremo<\/h2>\n<p>Orden cronol\u00f3gico<\/p>\n<h3>COOPERATIVAS<\/h3>\n<ul>\n<li class=\"Standard\"><span lang=\"EU\">ATS 25 de enero de 2022 (Social) (JUR 2022\/53690)<\/span><\/li>\n<li class=\"Standard\"><span lang=\"EU\">ATS 15 de diciembre del 2021(Social) (JUR 2021\/395897)<\/span><\/li>\n<li class=\"Standard\"><span lang=\"EU\">ATS 27 de abril del 2022 (Social) (JUR 2022\/168279)<\/span><\/li>\n<li class=\"Standard\"><span lang=\"EU\">ATS 19 de enero de 2022 (Civil) (JUR 2022\/42332)<\/span><\/li>\n<li class=\"Standard\"><span lang=\"EU\">ATS 16 de febrero de 2022 (Civil) (JUR 2022\/80976)<\/span><\/li>\n<li class=\"Standard\"><span lang=\"EU\">ATS 1 de diciembre del 2021 (Civil) (RJ 2021\/5667)<\/span><\/li>\n<li class=\"Standard\"><span lang=\"EU\">STS n\u00fam.232\/2022, de 14 de marzo (Penal) ( RJ 2022\/1515)<\/span><\/li>\n<li class=\"Standard\"><span lang=\"EU\">ATS 15 de diciembre del 2021(Social) (JUR 2021\/395897)<\/span><\/li>\n<li class=\"Standard\"><span lang=\"EU\">ATS 25 de enero de 2022 (Social) (JUR 2022\/53690)<\/span><\/li>\n<li class=\"Standard\"><span lang=\"EU\">ATS 27 de abril del 2022 (Social) (JUR 2022\/168279)<\/span><\/li>\n<li class=\"Standard\"><span lang=\"EU\">ATS 1 de diciembre del 2021 (Civil) (RJ 2021\/5667)<\/span><\/li>\n<li class=\"Standard\"><span lang=\"EU\">ATS 19 de enero de 2022 (Civil) (JUR 2022\/42332)<\/span><\/li>\n<li class=\"Standard\"><span lang=\"EU\">ATS 16 de febrero de 2022 (Civil) (JUR 2022\/80976)<\/span><\/li>\n<li>STS n\u00fam.229\/2021, de 27 de abril (Civil) (RJ 2021\/1907)<\/li>\n<li>STS n\u00fam.231\/2021, de 27 de abril (Civil) (RJ 2021\/1891)<\/li>\n<li>STS n\u00fam.488\/2021, de 6 de julio (Civil) (RJ 2021\/3074)<\/li>\n<li>STS n\u00fam.364\/2021, de 26 de mayo (RJ 2021\/2520)<\/li>\n<li>STS n\u00fam.411\/2021, 12 de mayo (Penal) (RJ 2021\/2496)<\/li>\n<li>STS n\u00fam.486\/2021, de 3 de junio (Penal) (RJ 2021\/3160)<\/li>\n<li>STS n\u00fam.411\/2021, 12 de mayo (Penal) (RJ 2021\/2496)<\/li>\n<li>Auto 21 de abril del 2021 (JUR 2021\/137598)<\/li>\n<li>STS n\u00fam.488\/2021, de 6 de julio (Civil) (RJ 2021\/3074)<\/li>\n<li>STS n\u00fam.222\/2021, de 20 de abril (Civil) (RJ 2021\/1532)<\/li>\n<li>STS n\u00fam.229\/2021, de 27 de abril (Civil) (RJ 2021\/1907)<\/li>\n<li>STS n\u00fam.231\/2021, de 27 de abril (Civil) (RJ 2021\/1891)<\/li>\n<li>STS n\u00fam.364\/2021, de 26 de mayo (RJ 2021\/2520)<\/li>\n<li>STS n\u00fam.486\/2021, de 3 de junio (Penal) (RJ 2021\/3160)<\/li>\n<li>STS n\u00fam. 289\/2020, de 11 de junio (Civil) (RJ 2020\/1592)<\/li>\n<li>ATS 17 de septiembre de 2020 (Social) (JUR 2020\/290882)<\/li>\n<li>ATS 9 de septiembre de 2020 (Social) (JUR 2020\/277487)<\/li>\n<li>STS n\u00fam.752\/2020, de 10 de septiembre (Social) (RJ 2020\/3888)<\/li>\n<li>ATS 29 de septiembre de 2020 (Social) (JUR 2020\/291942)<\/li>\n<li>STS n\u00fam. 1235\/2020, de 1 de octubre (Cont.-Admvo) (RJ 2020\/3535)<\/li>\n<li>STS n\u00fam. 289\/2020, de 11 de junio (Civil) (RJ 2020\/1592)<\/li>\n<li>STS n\u00fam. 126\/2020, de 26 de febrero de 2020 (Civil) (RJ 2020\/593)<\/li>\n<li>STS n\u00fam. 181\/2020, de 12 de febrero 2020 (Cont.-Admvo) (RJ 2020\/386)<\/li>\n<li>STS n\u00fam. 269\/2020, de 25 de febrero (Cont.-Admvo) (RJ 2020\/602)<\/li>\n<li>ATS 25 de septiembre de 2019 (JUR 2019\/276485)<\/li>\n<li>ATS de 10 de abril de 2019 (Civil) (JUR 2019\/127001)<\/li>\n<li>ATS de 8 mayo 2019 (Civil) (JUR 2019\/155240)<\/li>\n<li>STS n\u00fam. 260\/2019, de 24 de mayo (Penal) (RJ 2019\/3095)<\/li>\n<li>STS n\u00fam. 416\/2019, de 24 de septiembre (Penal) (RJ 2019\/3687)<\/li>\n<li>STS n\u00fam. 98\/2019, de 7 de febrero de 2019 (Social) (RJ 2019\/1002)<\/li>\n<li>STS n\u00fam. 634\/2019 de 17 de septiembre (Social) (RJ 2019\/3803)<\/li>\n<li>STS n\u00fam. 754\/2019, 6 de noviembre (Social) (RJ 2019\/5435)<\/li>\n<li>STS n\u00fam. 347\/2019, de 8 de mayo, de 2019 (Social) (RJ 2018\/2389)<\/li>\n<li>STS n\u00fam. 337\/2019, de 13 de marzo de 2019 (Cont.-Admvo) (RJ 2019\/1093)<\/li>\n<li>Sentencia TS de 19 de junio de 2018 (Cont.-admvo.) (RJ 2018, 3718)<\/li>\n<li>Auto TS de 26 de junio de 2018 (Social) (JUR 2018, 191177)<\/li>\n<li>Sentencia TS de 24 de abril de 2018 (Social) (RJ 2018, 2006)<\/li>\n<li>Sentencia TS de 24 de enero de 2018 (Civil) (JUR 2018, 31654)<\/li>\n<li>Sentencia TS de 24 de abril de 2018 (Social) (RJ 2018, 2006)<\/li>\n<li>Sentencia TS de 18 mayo de 2018 (Social) (RJ 2018, 2747)<\/li>\n<li>Auto TS de 18 de septiembre de 2017 (Cont.-admvo) (JUR 2017, 238341)<\/li>\n<li>Auto TS de 8 de noviembre de 2017 (Civil) (JUR 2017, 282970)<\/li>\n<li>Auto TS de 5 de julio de 2017 (Social) (JUR 2017, 201742)<\/li>\n<li>Auto TS de 18 de julio de 2017 (Social) (JUR 2017, 200900)<\/li>\n<li>Auto TS de 18 de julio de 2017 (Social) (JUR 2017, 200900)<\/li>\n<li>Sententencia TS (Penal) de 17 de marzo del 2016 (RJ 2016, 1096)<\/li>\n<li>Sentencia TS (Civil) de 7 de julio de 2016 (RJ 2016, 2898)<\/li>\n<li>Sentencia TS (Civil) de 12 de julio de 2016 (RJ 2016, 3562)<\/li>\n<li>Sentencia TS (Civil) de 14 de julio de 2016 (RJ 2016, 2965)<\/li>\n<li>Sentencia TS (Social) de 8 de noviembre de 2016 (RJ 2016, 5745)<\/li>\n<li>Sentencia TS (Cont. Admvo) de 10 de noviembre de 2016 (RJ 2016, 6445)<\/li>\n<li>Sentencia TS (Cont. Admvo) de 10 de noviembre de 2016 (RJ 2016, 6377)<\/li>\n<li>Sentencia TS (Cont. Admvo) de 10 de noviembre de 2016 (RJ 2016, 6375)<\/li>\n<li>Sentencia TS (Civil) de 21 de noviembre de 2016 (RJ 2016, 5730)<\/li>\n<li>Sentencia TS (Social) de 22 de noviembre de 2016 (RJ 2016,6089)<\/li>\n<li>Sentencia TS (Civil) de 24 de noviembre de 2016 (RJ 2016, 5639)<\/li>\n<\/ul>\n<h3>SOCIEDADES LABORALES<\/h3>\n<ul>\n<li>\n<p class=\"Standard\"><span lang=\"EU\">ATS 27 de abril del 2022 (Social) (JUR 2022\/169035)<\/span><\/p>\n<\/li>\n<li>STS n\u00fam. 507\/2017 de 4 de julio (Penal) (RJ 2017, 4128)<\/li>\n<li>Sentencia TS (Social) de 29 de abril de 2016 (RJ 2016, 2022)<\/li>\n<li>Sentencia TS (Social) de 14 de julio de 2016 (RJ 2016, 4085)<\/li>\n<\/ul>\n<h3>MUTUALIDADES DE PREVISI\u00d3N SOCIAL<\/h3>\n<ul>\n<li>STS n\u00fam. 988\/2017 de 5 de junio (Cont.-admvo) (RJ 2017, 2796)<\/li>\n<li>STS n\u00fam 1880\/2017 de 30 de noviembre (Cont.-Admvo.) (RJ 2017, 5133)<\/li>\n<li>Sentencia TS (Contencioso administrativo) de 2 de marzo de 2016 (RJ 2016, 642)<\/li>\n<\/ul>\n<h3>ASOCIACIONES Y FUNDACIONES<\/h3>\n<ul>\n<li>\n<p class=\"Standard\"><span lang=\"EU\">STS n\u00fam. 925\/2021, de 23 de diciembre (Civil) (RJ 2021\/5211)<\/span><\/p>\n<\/li>\n<li>STS n\u00fam. 434\/2020, 15 de julio (Civil) (RJ 2020\/2690)<\/li>\n<li>STS n\u00fam. 181\/2019, de 21 de marzo (Civil) (RJ 2019\/1124)<\/li>\n<li>STS n\u00fam. 782\/2019, de 6 de junio (Cont.-Admvo) (RJ 2019\/2361)<\/li>\n<li>Sentencia TS de 16 marzo de 2018 (Cont.-Admvo.) (RJ 2018, 1291)<\/li>\n<li>STS n\u00fam. 1053\/2017 de 14 de junio (Cont.-admvo.) (RJ 2017, 3161)<\/li>\n<li>STS n\u00fam. 1972\/2017 de 14 de diciembre (Cont.-admvo.) (JUR 2017, 312741)<\/li>\n<li>\u00a0STS n\u00fam. 1002\/2017 de 6 de junio (Cont.-admvo.) (RJ 2017, 2739)<\/li>\n<li>STS n\u00fam. 1119\/2017 de 26 de junio (Cont.-admvo.) (RJ 2017, 3010)<\/li>\n<li>STS n\u00fam. 1624\/2017 de 26 de octubre (Cont.-admvo.) (RJ 2017, 4542)<\/li>\n<li>STS num. 1188\/2017 de 7 de julio (Cont.-Admvo.) (RJ 2017, 4161)<\/li>\n<li>STS num. 862\/2017 de 7 de noviembre (Social) (JUR 2017, 288188)<\/li>\n<li>Sentencia TS (Contencioso administrativo) de 15 de febrero de 2016 (RJ 2016, 685)<\/li>\n<li>Sentencia TS (Contencioso administrativo) de 3 de marzo de 2016 (RJ 2016, 819)<\/li>\n<li>Sentencia TS (Civil) de 15 de marzo de 2016 (RJ 2016, 952)<\/li>\n<li>Sentencia TS (Conten. Admvo.) de 31 de marzo de 2016 (RJ 2016, 2194)<\/li>\n<li>Sentencia TS (Contenc. Admvo.) de 1 de abril de 2016 (JUR\/2016\/75663)<\/li>\n<li>Sentencia TS (Contenc. Admvo.) de26 de abril de 2016 (JUR\/2016\/99160)<\/li>\n<li>Sentencia TS (Civil) de 18 de mayo de 2016 (JUR\/2016\/117487)<\/li>\n<li>Sentencia TS (Civil) de 15 de junio de 2016 (JUR\/2016\/138734)<\/li>\n<li>Sentencia TS (Civil) de 7 de julio de 2016 (RJ 2016, 2893)<\/li>\n<li>Sentencia TS (Social) de 19 de julio de 2016 (RJ 2016, 4389)<\/li>\n<li>Sentencia TS (Civil) de 14 de septiembre de 2016 (RJ 2016, 4110)<\/li>\n<li>Sentencia TS (Cont. Admvo) de 8 de noviembre de 2016 (RJ 2016, 5816)<\/li>\n<li>Sentencia TS (Cont. Admvo) de 2 de junio de 2016 (RJ 2016, 3481)<\/li>\n<li>Sentencia TS (Social) de 30 de junio de 2016 (RJ 2016, 3598)<\/li>\n<\/ul>\n","protected":false},"excerpt":{"rendered":"<p>Sentencias del Tribunal Superior de Justicia de la Uni\u00f3n Europea SENTENCIA DEL TRIBUNAL DE SUPERIOR DE JUSTICIA,DE LA UE de 2 de mayo de 2006, sobre la legalidad de la base jur\u00eddica de la creaci\u00f3n sociedad cooperativa europea y la legalidad y vigencia del REGLAMENTO (CE) 1435\/2003. SENTENCIA DEL TRIBUNAL SUPERIOR DE JUSTICIA DE LA &hellip; <a href=\"https:\/\/oves-geeb.eus\/es\/actividades\/area-juridico-politica\/marco-juridico\/jurisprudencia\/\">Continuar leyendo<\/a><\/p>\n","protected":false},"author":1,"featured_media":0,"parent":9036,"menu_order":0,"comment_status":"closed","ping_status":"closed","template":"","meta":{"footnotes":""},"class_list":["post-9465","page","type-page","status-publish","hentry"],"acf":[],"_links":{"self":[{"href":"https:\/\/oves-geeb.eus\/es\/wp-json\/wp\/v2\/pages\/9465","targetHints":{"allow":["GET"]}}],"collection":[{"href":"https:\/\/oves-geeb.eus\/es\/wp-json\/wp\/v2\/pages"}],"about":[{"href":"https:\/\/oves-geeb.eus\/es\/wp-json\/wp\/v2\/types\/page"}],"author":[{"embeddable":true,"href":"https:\/\/oves-geeb.eus\/es\/wp-json\/wp\/v2\/users\/1"}],"replies":[{"embeddable":true,"href":"https:\/\/oves-geeb.eus\/es\/wp-json\/wp\/v2\/comments?post=9465"}],"version-history":[{"count":9,"href":"https:\/\/oves-geeb.eus\/es\/wp-json\/wp\/v2\/pages\/9465\/revisions"}],"predecessor-version":[{"id":14393,"href":"https:\/\/oves-geeb.eus\/es\/wp-json\/wp\/v2\/pages\/9465\/revisions\/14393"}],"up":[{"embeddable":true,"href":"https:\/\/oves-geeb.eus\/es\/wp-json\/wp\/v2\/pages\/9036"}],"wp:attachment":[{"href":"https:\/\/oves-geeb.eus\/es\/wp-json\/wp\/v2\/media?parent=9465"}],"curies":[{"name":"wp","href":"https:\/\/api.w.org\/{rel}","templated":true}]}}