{"id":9461,"date":"2018-06-11T11:59:05","date_gmt":"2018-06-11T09:59:05","guid":{"rendered":"http:\/\/oves-geeb.eus\/?page_id=9461"},"modified":"2024-07-15T16:06:51","modified_gmt":"2024-07-15T14:06:51","slug":"legislacion-autonomica","status":"publish","type":"page","link":"https:\/\/oves-geeb.eus\/es\/actividades\/area-juridico-politica\/marco-juridico\/legislacion-autonomica\/","title":{"rendered":"Legislaci\u00f3n Auton\u00f3mica"},"content":{"rendered":"<h3>Econom\u00eda Social:<\/h3>\n<ul>\n<li><strong>LEY ORG\u00c1NICA, 3\/1979,<\/strong> de 19 de diciembre, que aprueba el ESTATUTO DE AUTONOMIA DE LA COMUNIDAD AUTONOMA DEL PAIS VASCO, (articulos10.23\u00ba,.20.6\u00ba,41)<\/li>\n<li><a href=\"https:\/\/www.euskadi.eus\/bopv2\/datos\/2016\/05\/1602096a.pdf\"><strong>LEY 6\/2016<\/strong>, de 12 de mayo, del Tercer Sector Social de Euskadi<\/a><\/li>\n<li><a href=\"https:\/\/www.euskadi.eus\/bopv2\/datos\/2016\/05\/1602096a.pdf\"><strong><em>C<\/em><\/strong><strong>orrecci\u00f3n de errores de la Ley 6\/2016<\/strong>, de 12 de mayo, del Tercer Sector Social de Euskadi<\/a><\/li>\n<\/ul>\n<h3>Cooperativas:<\/h3>\n<ul>\n<li><a href=\"https:\/\/www.boe.es\/boe\/dias\/1990\/12\/20\/pdfs\/A37970-37977.pdf\"><strong>LEY 20\/1990<\/strong>, de 19 de diciembre, sobre REGIMEN FISCAL DE LAS COOPERATIVAS.<\/a><\/li>\n<li><a href=\"http:\/\/www.erkide.coop\/files\/legislacion\/1999_2_febrero.pdf\"><strong>DECRETO 64\/1999,<\/strong>de 2 de febrero sobre DECLARACION DE COOPERATIVAS DE UTILIDAD PUBLICA<\/a><\/li>\n<li><a href=\"https:\/\/www.euskadi.eus\/y22-bopv\/es\/bopv2\/datos\/2000\/04\/0001671a.pdf\"><strong>DECRETO 213\/1999,<\/strong> de 11 de mayo, por el que se regula el CONSEJO SUPERIOR DE COOPERATIVAS.<\/a><\/li>\n<li><a href=\"https:\/\/www.boe.es\/boe\/dias\/2011\/12\/13\/pdfs\/BOE-A-2011-19443.pdf\"><strong>LEY 1\/2000<\/strong>, de 29 de junio, DE MODIFICACION DE LA LEY DE COOPERATIVAS DE EUSKADI.<br \/>\n<\/a><\/li>\n<li><a href=\"http:\/\/www.erkide.coop\/files\/legislacion\/2000_4_abril.pdf\"><strong>DECRETO 61\/2000,<\/strong> de 4 de abril, por el que se regulan las COOPERATIVAS DE INICIATIVA SOCIAL.<\/a><\/li>\n<li><a href=\"https:\/\/www.euskadi.eus\/y22-bopv\/es\/bopv2\/datos\/2005\/06\/0502953a.pdf\"><strong>DECRETO 59\/2005<\/strong>, de 29 de marzo , por el que se aprueba el REGLAMENTO DE ORGANIZACI\u00d3N Y FUNCIONAMIENTO DEL REGISTRO DE COOPERATIVAS DE EUSKADI.<\/a><\/li>\n<li><a href=\"https:\/\/www.euskadi.eus\/y22-bopv\/es\/bopv2\/datos\/2005\/06\/0502953a.pdf\"><strong>DECRETO 59\/2005,<\/strong> de 29 de marzo, por el que se aprueba el Reglamento de Organizaci\u00f3n y Funcionamiento del Registro de Cooperativas de Euskadi<\/a><\/li>\n<li><a href=\"https:\/\/www.boe.es\/boe\/dias\/2011\/11\/04\/pdfs\/BOE-A-2011-17406.pdf\"><strong>LEY 8\/ 2006<\/strong>, de 1 de diciembre, de segunda modificaci\u00f3n de la LEY DE COOPERATIVAS DE EUSKADI.<\/a><\/li>\n<li><a href=\"https:\/\/www.euskadi.eus\/y22-bopv\/es\/bopv2\/datos\/2010\/02\/1000731a.pdf\"><strong>ORDEN<\/strong> de la Consejera de Empleo y Asuntos Sociales, por el que se aprueba el modelo de solicitud y de certificaci\u00f3n del \u00f3rgano de Administraci\u00f3n y representaci\u00f3n para la presentaci\u00f3n de las cuentas anuales de la SOCIEDAD COOPERATIVA PEQUE\u00d1A DE EUSKADI<\/a><\/li>\n<li><a href=\"https:\/\/www.euskadi.eus\/bopv2\/datos\/2008\/02\/0801049a.pdf\"><strong>DECRETO 18\/2008,<\/strong> de 29 de enero, por el que se aprueba el Reglamento del PROCEDIMIENTO DE IMPOSICION DE SANCIONES en materia de prevenci\u00f3n de riesgos laborales en el \u00e1mbito de las COOPERATIVAS DE LA COMUNIDAD AUTONOMA DEL PAIS VASCO.<\/a><\/li>\n<li><a href=\"https:\/\/www.euskadi.eus\/bopv2\/datos\/2008\/02\/0801049a.pdf\"><strong>DECRETO 18\/2008,<\/strong> de 29 de enero, por el que se aprueba el Reglamento del procedimiento para la imposici\u00f3n de sanciones por infracciones en materia de prevenci\u00f3n de riesgos laborales en el \u00e1mbito de las cooperativas de la Comunidad Aut\u00f3noma del Pa\u00eds Vasco<\/a><\/li>\n<li><a href=\"http:\/\/www.euskadi.eus\/bopv2\/datos\/2019\/12\/1905891a.pdf\"><strong>LEY 11\/2019<\/strong>, de 20 de diciembre, de Cooperativas de Euskadi<\/a><\/li>\n<li><a href=\"https:\/\/www.euskadi.eus\/web01-bopv\/es\/bopv2\/datos\/2023\/07\/2303268a.pdf\">Decreto 84\/2023, de 13 de junio, por el que se aprueba el Reglamento de organizaci\u00f3n y funcionamiento del\u00a0<strong>Registro de Cooperativas<\/strong>\u00a0de Euskadi.<\/a><\/li>\n<\/ul>\n<h3>Asociaciones y Fundaciones:<\/h3>\n<ul>\n<li><a href=\"https:\/\/www.euskadi.eus\/bopv2\/datos\/2007\/07\/0703902a.pdf\"><strong>LEY 7\/2007<\/strong>, de 22 de junio, DE ASOCIACIONES DE EUSKADI.<\/a><\/li>\n<li><a href=\"https:\/\/www.euskadi.eus\/bopv2\/datos\/2008\/08\/0804937a.pdf\"><strong>DECRETO 146\/2008<\/strong>, de 29 de julio, por el que se aprueba el REGLAMENTO SOBRE LAS ASOCIACIONES DE UTILIDAD PUBLICA Y SU PROTECTORADO.<\/a><\/li>\n<li><a href=\"https:\/\/www.euskadi.eus\/bopv2\/datos\/2008\/08\/0804936a.pdf\"><strong>DECRETO 145\/2008<\/strong>, de 29 de julio, por el que se aprueba el REGLAMENTO DEL REGISTRO GENERAL DE ASOCIACIONES DEL PAIS VASCO.<\/a><\/li>\n<li><a href=\"https:\/\/www.euskadi.eus\/bopv2\/datos\/2008\/08\/0804936a.pdf\"><strong>LEY 9\/2016<\/strong>, de 2 de junio, de Fundaciones del Pa\u00eds Vasco<\/a><\/li>\n<li><a href=\"https:\/\/www.legegunea.euskadi.eus\/eli\/es-pv\/d\/2021\/12\/28\/262\/dof\/spa\/html\/webleg00-contfich\/es\/\"><strong>Decreto 262\/2021,<\/strong> de 28 de diciembre, de\u00a0registro de asociaciones\u00a0de personas consumidoras y usuarias de Euskadi.<\/a><\/li>\n<li><a href=\"https:\/\/www.euskadi.eus\/y22-bopv\/es\/bopv2\/datos\/2022\/12\/2205728a.pdf\"><strong>Ley 14\/2022,<\/strong> de 22 de diciembre, del Sistema Vasco de Garant\u00eda de Ingresos y para la Inclusi\u00f3n.\u00a0<strong><em>Entidades del tercer sector social<\/em><\/strong>.<\/a><\/li>\n<li><a href=\"https:\/\/www.euskadi.eus\/y22-bopv\/es\/bopv2\/datos\/2023\/04\/2301993a.pdf\"><strong>Decreto 33\/2023,<\/strong> de 7 de marzo, por el que se crea el Censo de Organizaciones del\u00a0<strong>Tercer Sector Social<\/strong>\u00a0de Euskadi.<\/a><\/li>\n<\/ul>\n<h3>Empresas de Inserci\u00f3n Social y Centros Especiales de Empleo:<\/h3>\n<ul>\n<li><a href=\"https:\/\/www.euskadi.eus\/bopv2\/datos\/2008\/11\/0806515a.pdf\"><strong>DECRETO 182\/2008<\/strong>, de 11 de noviembre, por el que se regula la calificaci\u00f3n de empresas de inserci\u00f3n, se establece el procedimiento de acceso a las mismas y su registro de Euskadi<\/a><\/li>\n<li><a href=\"https:\/\/www.legegunea.euskadi.eus\/x59-preview\/es\/contenidos\/orden\/bopv202000122\/es_def\/index.shtml\"><strong>ORDEN<\/strong>\u00a0de 20 de diciembre de 2019, de la Consejera de Empleo y Pol\u00edticas Sociales, por la que se aprueban las instancias normalizadas de las solicitudes de subvenciones y de calificaci\u00f3n de <strong>centros especiales de empleo<\/strong>, previstas en el Decreto 168\/2019, de 29 de octubre, por el que se regulan los programas y servicios relacionados con la empleabilidad de las personas con discapacidad de la Comunidad Aut\u00f3noma de Euskadi y el Registro Vasco de Centros Especiales de Empleo<\/a><\/li>\n<\/ul>\n<h3>Sociedades Agrarias de Transformaci\u00f3n:<\/h3>\n<ul>\n<li><a href=\"https:\/\/www.boe.es\/buscar\/pdf\/2015\/BOE-A-2015-11599-consolidado.pdf\"><strong>LEY 8\/2015,<\/strong> de 15 de octubre, de Estatuto de las Mujeres Agricultoras <\/a><\/li>\n<\/ul>\n<h3>Sociedades Financiera de la Econom\u00eda Social:<\/h3>\n<ul>\n<li>\n<p class=\"x46normativa\"><a href=\"https:\/\/www.boe.es\/boe\/dias\/1989\/05\/31\/pdfs\/A16274-16276.pdf\"><strong>LEY 13\/1989<\/strong>, de 26 de mayo, de COOPERATIVAS DE CREDITO.\u00a0<\/a><\/p>\n<\/li>\n<li><a href=\"https:\/\/www.boe.es\/boe\/dias\/1993\/02\/19\/pdfs\/A05295-05310.pdf\"><strong>REAL DECRETO 84\/1993<\/strong>, de 22 de enero, que aprueba el REGLAMENTO DE COOPERATIVAS DE CREDITO. <\/a><\/li>\n<li><a href=\"https:\/\/www.boe.es\/boe\/dias\/1994\/03\/12\/pdfs\/A08172-08183.pdf\"><strong>LEY 1\/1994,<\/strong> de 11 de marzo, sobre r\u00e9gimen jur\u00eddico de las SOCIEDADES DE GARANTIA RECIPROCA.<\/a><\/li>\n<li><a href=\"https:\/\/www.euskadi.eus\/y22-bopv\/es\/bopv2\/datos\/1996\/08\/9603719a.pdf\"><strong>DECRETO 178\/1996<\/strong>, de 16 de julio de SOCIEDADES DE GARANTIA RECIPROCA EN EUSKADI.<\/a><\/li>\n<li><a href=\"http:\/\/www.euskadi.eus\/contenidos\/informacion\/6021\/es_2300\/adjuntos\/Texto%20Decreto%20ayudas1.pdf\"><strong>Decreto 252\/2006<\/strong> de 12 de diciembre<\/a>, por el que se regulan las &#8220;Ayudas econ\u00f3micas a la implantaci\u00f3n de determinados sistemas de previsi\u00f3n social complementaria instrumentados a trav\u00e9s de Entidades de Previsi\u00f3n Social Voluntaria&#8221;.<\/li>\n<li><a href=\"http:\/\/www.euskadi.eus\/contenidos\/informacion\/6021\/es_2300\/adjuntos\/DECRETO_92-2007.pdf\"><strong>Decreto<\/strong> 92\/2007, de 29 de mayo<\/a>, por el que se regula el ejercicio de determinadas actividades de las Entidades de Previsi\u00f3n Social Voluntaria. (ADAPTADO a las modificaciones introducidas por el Decreto 203\/2015).<\/li>\n<li><a href=\"http:\/\/www.euskadi.net\/bopv2\/datos\/2010\/06\/1002919a.pdf\"><strong>Decreto 86\/2010<\/strong>, de 16 de marzo<\/a>, por el que se aprueba la adaptaci\u00f3n del Plan de contabilidad de las entidades aseguradoras a las especificidades de las Entidades de Previsi\u00f3n Social Voluntaria del Pa\u00eds Vasco<strong>.<\/strong><\/li>\n<li><a href=\"https:\/\/www.boe.es\/boe\/dias\/2012\/03\/16\/pdfs\/BOE-A-2012-3754.pdf\"><strong>LEY 5\/2012<\/strong> de 23 de febrero, sobre ENTIDADES DE PREVISION SOCIAL VOLUNTARIA.<\/a><\/li>\n<li><a href=\"https:\/\/www.boe.es\/boe\/dias\/2012\/07\/05\/pdfs\/BOE-A-2012-9009.pdf\"><strong>LEY 11\/2012,<\/strong> de 14 de junio, de Cajas de Ahorros de la Comunidad Aut\u00f3noma de Euskadi.<\/a><\/li>\n<li><a href=\"https:\/\/www.euskadi.eus\/bopv2\/datos\/2015\/12\/1505200a.pdf\"><strong>DECRETO 203\/2015<\/strong>, de 27 de octubre, por el que se aprueba el Reglamento de la Ley 5\/2012, de 23 de febrero, sobre Entidades de Previsi\u00f3n Social Voluntaria<\/a><\/li>\n<li><a href=\"https:\/\/www.euskadi.eus\/bopv2\/datos\/2015\/12\/1505380a.pdf\"><strong>Correcci\u00f3n de errores de las correcci\u00f3n de errores del Decreto 203\/2015,<\/strong> de 27 de octubre, por el que se aprueba el Reglamento de la Ley 5\/2012, de 23 de febrero, sobre Entidades de Previsi\u00f3n Social Voluntaria<\/a><\/li>\n<li><a href=\"https:\/\/www.euskadi.eus\/y22-bopv\/es\/bopv2\/datos\/2016\/07\/1603380a.pdf\"><strong>ORDEN de 19 de julio de 2016<\/strong>, del Consejero de Hacienda y Finanzas, por la que se regula la organizaci\u00f3n y el funcionamiento del Fichero General de Socios de las Entidades de Previsi\u00f3n Social Voluntaria<strong>.<\/strong><\/a><\/li>\n<li><a href=\"http:\/\/www.euskadi.eus\/bopv2\/datos\/2020\/01\/2000140a.pdf\"><strong>ORDEN de 26 de diciembre de 2019<\/strong>, del Consejero de Hacienda y Econom\u00eda, por la que se desarrolla la regulaci\u00f3n de las Entidades de Previsi\u00f3n Social Voluntaria Indiferenciadas con R\u00e9gimen Especial que no realizan actividad aseguradora, reguladas en el Decreto 203\/2015,<\/a><br \/>\nde 27 de octubre, por el que se aprueba el Reglamento de la Ley 5\/2012, de 23 de febrero, sobre Entidades de Previsi\u00f3n Social Voluntaria.<\/li>\n<li>\n<p class=\"x46normativa\"><a href=\"https:\/\/www.legegunea.euskadi.eus\/eli\/es-pv\/o\/2024\/02\/13\/(3)\/dof\/spa\/html\/webleg00-contfich\/es\/\">ORDEN de 13 de febrero de 2024, del Consejero de Econom\u00eda y Hacienda, por la que se regulariza la organizaci\u00f3n y el funcionamiento del Fichero General de las Personas Socias de las Entidades de Previsi\u00f3n Social Voluntaria.<\/a><\/p>\n<\/li>\n<li>\n<p class=\"x46normativa\"><a href=\"https:\/\/www.legegunea.euskadi.eus\/eli\/es-pv\/d\/2024\/02\/13\/13\/dof\/spa\/html\/webleg00-contfich\/es\/\">DECRETO 13\/2024, de 13 de febrero, por el que se modifican diversos decretos en materia de Entidades de Previsi\u00f3n Social Voluntaria.<\/a><\/p>\n<\/li>\n<\/ul>\n","protected":false},"excerpt":{"rendered":"<p>Econom\u00eda Social: LEY ORG\u00c1NICA, 3\/1979, de 19 de diciembre, que aprueba el ESTATUTO DE AUTONOMIA DE LA COMUNIDAD AUTONOMA DEL PAIS VASCO, (articulos10.23\u00ba,.20.6\u00ba,41) LEY 6\/2016, de 12 de mayo, del Tercer Sector Social de Euskadi Correcci\u00f3n de errores de la Ley 6\/2016, de 12 de mayo, del Tercer Sector Social de Euskadi Cooperativas: LEY 20\/1990, &hellip; <a href=\"https:\/\/oves-geeb.eus\/es\/actividades\/area-juridico-politica\/marco-juridico\/legislacion-autonomica\/\">Continuar leyendo<\/a><\/p>\n","protected":false},"author":1,"featured_media":0,"parent":9036,"menu_order":0,"comment_status":"closed","ping_status":"closed","template":"","meta":{"footnotes":""},"class_list":["post-9461","page","type-page","status-publish","hentry"],"acf":[],"_links":{"self":[{"href":"https:\/\/oves-geeb.eus\/es\/wp-json\/wp\/v2\/pages\/9461","targetHints":{"allow":["GET"]}}],"collection":[{"href":"https:\/\/oves-geeb.eus\/es\/wp-json\/wp\/v2\/pages"}],"about":[{"href":"https:\/\/oves-geeb.eus\/es\/wp-json\/wp\/v2\/types\/page"}],"author":[{"embeddable":true,"href":"https:\/\/oves-geeb.eus\/es\/wp-json\/wp\/v2\/users\/1"}],"replies":[{"embeddable":true,"href":"https:\/\/oves-geeb.eus\/es\/wp-json\/wp\/v2\/comments?post=9461"}],"version-history":[{"count":14,"href":"https:\/\/oves-geeb.eus\/es\/wp-json\/wp\/v2\/pages\/9461\/revisions"}],"predecessor-version":[{"id":16764,"href":"https:\/\/oves-geeb.eus\/es\/wp-json\/wp\/v2\/pages\/9461\/revisions\/16764"}],"up":[{"embeddable":true,"href":"https:\/\/oves-geeb.eus\/es\/wp-json\/wp\/v2\/pages\/9036"}],"wp:attachment":[{"href":"https:\/\/oves-geeb.eus\/es\/wp-json\/wp\/v2\/media?parent=9461"}],"curies":[{"name":"wp","href":"https:\/\/api.w.org\/{rel}","templated":true}]}}