{"id":9459,"date":"2018-06-11T11:56:09","date_gmt":"2018-06-11T09:56:09","guid":{"rendered":"http:\/\/oves-geeb.eus\/?page_id=9459"},"modified":"2023-11-14T13:41:09","modified_gmt":"2023-11-14T12:41:09","slug":"legislacion-europea-y-estatal","status":"publish","type":"page","link":"https:\/\/oves-geeb.eus\/es\/actividades\/area-juridico-politica\/marco-juridico\/legislacion-europea-y-estatal\/","title":{"rendered":"Legislaci\u00f3n Europea y Estatal"},"content":{"rendered":"<h2 class=\"h4 subheader\">Marco Jur\u00eddico vigente en la CAPV: legislaci\u00f3n estatal y europea:<\/h2>\n<h3>Normativa Estatal<\/h3>\n<h4>Econom\u00eda Social:<\/h4>\n<ul>\n<li><a href=\"https:\/\/www.boe.es\/legislacion\/documentos\/ConstitucionCASTELLANO.pdf\"><strong>Constituci\u00f3n Espa\u00f1ola de 1978<\/strong> (arts., 128,129.2\u00ba,149.3\u00ba)<\/a><\/li>\n<li><a href=\"https:\/\/www.boe.es\/boe\/dias\/2011\/03\/30\/pdfs\/BOE-A-2011-5708.pdf\"><strong>Ley 5\/2011<\/strong>, de 29 de marzo, de Econom\u00eda Social.<\/a><\/li>\n<li><a href=\"https:\/\/www.boe.es\/boe\/dias\/2015\/09\/10\/pdfs\/BOE-A-2015-9735.pdf\"><strong>Ley 31\/2015<\/strong>, de 9 de septiembre, por la que se modifica y actualiza la normativa en materia de autoempleo y se adoptan medidas de fomento y\u00a0 promoci\u00f3n del trabajo aut\u00f3nomo y de la Econom\u00eda Social<\/a><\/li>\n<li><a href=\"https:\/\/www.boe.es\/boe\/dias\/2015\/09\/10\/pdfs\/BOE-A-2015-9735.pdf\"><strong>Correcci\u00f3n de errores de la Ley 31\/2015<\/strong>, de 9 de septiembre, por la que se modifica y actualiza la normativa en materia de autoempleo y se adoptan medidas de <strong>fomento y promoci\u00f3n del trabajo aut\u00f3nomo y de la Econom\u00eda Social<\/strong><\/a><\/li>\n<li>\u00a0<a href=\"https:\/\/www.boe.es\/boe\/dias\/2015\/10\/10\/pdfs\/BOE-A-2015-10922.pdf\"><strong>Ley 43\/2015<\/strong>, de 9 de octubre, del Tercer Sector de Acci\u00f3n Social<\/a><\/li>\n<li><a href=\"https:\/\/www.boe.es\/boe\/dias\/2015\/10\/15\/pdfs\/BOE-A-2015-11072.pdf\"><strong>Ley 45\/2015<\/strong>, de 14 de octubre, de Voluntariado<\/a><\/li>\n<li><a href=\"https:\/\/www.boe.es\/boe\/dias\/2015\/07\/04\/pdfs\/BOE-A-2015-7457.pdf\"><strong>Real Decreto 596\/2015<\/strong>, de 3 de julio, por el que se modifica el Real Decreto 699\/2013, de 20 de septiembre, por el que se establecen las bases reguladoras para la concesi\u00f3n de <strong>subvenciones a entidades del tercer sector u organizaciones no gubernamentales<\/strong> que desarrollen actividades de inter\u00e9s general consideradas de inter\u00e9s social en la protecci\u00f3n del medio ambiente<\/a><\/li>\n<li><a href=\"https:\/\/www.boe.es\/boe\/dias\/2016\/12\/24\/pdfs\/BOE-A-2016-12275.pdf\"><strong>Real Decreto 702\/2016<\/strong>, de 23 de diciembre, por el que se <strong>modifican las bases reguladoras de la concesi\u00f3n de ayudas a la integraci\u00f3n asociativa<\/strong> y la dinamizaci\u00f3n industrial, establecidas en el Real Decreto 1010\/2015, de 6 de noviembre; Real Decreto 126\/2016, de 1 de abril; Real Decreto 197\/2016, de 13 de mayo; Real Decreto 254\/2016, de 10 de junio y Real Decreto 312\/2016, de 29 de julio, en el marco del Programa Nacional de Desarrollo Rural 2014-2020<\/a><\/li>\n<li><a href=\"https:\/\/www.boe.es\/buscar\/doc.php?id=BOE-A-2017-12902\"><strong>Ley 9\/2017<\/strong>, de 8 de noviembre, de Contratos del Sector P\u00fablico<\/a><\/li>\n<li><a href=\"http:\/\/www.lexnavarra.navarra.es\/detalle.asp?r=50031\"><strong>Ley Foral 2\/2018<\/strong>, de 13 de abril, de Contratos P\u00fablicos<\/a><\/li>\n<li><a href=\"https:\/\/www.boe.es\/eli\/es\/rdl\/2020\/04\/21\/15\/con\"><strong>Real Decreto-ley 15\/2020<\/strong>, de 21 de abril, de medidas urgentes complementarias para apoyar la econom\u00eda y el empleo<\/a><\/li>\n<li><a href=\"https:\/\/noticias.juridicas.com\/base_datos\/CCAA\/731532-l-3-2022-de-13-jun-ca-canarias-de-economia-social-de-canarias.html\"><strong>LEY 3\/2022<\/strong>, de 13 de junio, de Econom\u00eda Social de Canarias.<\/a><\/li>\n<li>\n<p class=\"Standard\"><a href=\"https:\/\/www.boe.es\/diario_boe\/txt.php?id=BOE-A-2022-16986\"><span lang=\"EU\">Resoluci\u00f3n de 5 de octubre de 2022, de la Direcci\u00f3n General del Instituto Nacional de la Seguridad Social, por la que se modifica la de 26 de enero de 2022, por la que se aprueban los modelos normalizados que deber\u00e1n cumplimentar los Servicios Sociales y las\u00a0<b>Entidades del Tercer Sector de Acci\u00f3n Social<\/b>\u00a0para certificar el cumplimiento de los requisitos previstos en la Ley 19\/2021, de 20 de diciembre, por la que se establece el ingreso m\u00ednimo vital.<\/span><\/a><\/p>\n<\/li>\n<li>\n<p class=\"documento-tit\"><a href=\"https:\/\/www.boe.es\/eli\/es\/rdl\/2023\/01\/10\/1\"><strong>Real Decreto-ley 1\/2023, de 10 de enero,<\/strong> de medidas urgentes en materia de incentivos a la contrataci\u00f3n laboral y mejora de la protecci\u00f3n social de las personas artistas.<\/a><\/p>\n<\/li>\n<\/ul>\n<h4>Cooperativas:<\/h4>\n<ul>\n<li><a href=\"https:\/\/www.boe.es\/buscar\/pdf\/1992\/BOE-A-1992-27136-consolidado.pdf\"><strong>Real Decreto 1345\/1992<\/strong>, de 6 de noviembre, por el que se dictan normas para la adaptaci\u00f3n de las disposiciones que regulan la tributaci\u00f3n sobre el beneficio consolidado a los Grupos de Sociedades Cooperativas.<\/a><\/li>\n<li><a href=\"https:\/\/www.boe.es\/boe\/dias\/1999\/07\/17\/pdfs\/A27027-27062.pdf\"><strong>Ley 27\/1999<\/strong>, de 16 de julio, de Cooperativa.<\/a><\/li>\n<li><a href=\"https:\/\/www.boe.es\/boe\/dias\/1990\/12\/20\/pdfs\/A37970-37977.pdf\"><strong>Ley 20\/1990<\/strong>, de 19 de diciembre, sobre R\u00e9gimen Fiscal de las Cooperativas<\/a><\/li>\n<li><a href=\"https:\/\/www.boe.es\/boe\/dias\/2002\/02\/15\/pdfs\/A06088-06095.pdf\"><strong>Real Decreto 136\/2002, <\/strong>de 1 de febrero, por el que se aprueba el Reglamento del Registro de Sociedades Cooperativas<\/a><\/li>\n<li><a href=\"https:\/\/www.boe.es\/buscar\/pdf\/2006\/BOE-A-2006-18204-consolidado.pdf\"><strong>Ley 31\/2006,<\/strong> de 18 de octubre sobre implicaci\u00f3n de los trabajadores en las Sociedades An\u00f3nimas y Cooperativas Europeas.<\/a><\/li>\n<li><a href=\"https:\/\/www.boe.es\/boe\/dias\/2010\/12\/29\/pdfs\/BOE-A-2010-20034.pdf\"><strong>Orden EHA\/3360\/2010<\/strong>, de 21 de diciembre, por la que se aprueban las normas sobre los aspectos contables de las sociedades cooperativas<\/a><\/li>\n<li><a href=\"https:\/\/www.boe.es\/buscar\/pdf\/2011\/BOE-A-2011-4288-consolidado.pdf\"><strong>Ley 30\/2011<\/strong>, de 4 de marzo, por la que se regula la Sociedad Cooperativa Europea con domicilio en Espa\u00f1a.<\/a><\/li>\n<li><a href=\"https:\/\/www.boe.es\/boe\/dias\/2022\/12\/24\/pdfs\/BOE-A-2022-22128.pdf\"><strong>Ley 31\/2022<\/strong>, de 23 de diciembre, de Presupuestos Generales del Estado para el a\u00f1o 2023.\u00a0<strong><em>Cooperativas y fundaciones<\/em><\/strong>.<\/a><\/li>\n<li><a href=\"https:\/\/www.boe.es\/boe\/dias\/2023\/06\/01\/pdfs\/BOE-A-2023-13033.pdf\">Resoluci\u00f3n de 17 de mayo de 2023, de la Secretar\u00eda de Estado de Empleo y Econom\u00eda Social, por la que se publica el Acuerdo del Consejo de Ministros de 11 de abril de 2023, por el que se aprueba la\u00a0<strong>Estrategia Espa\u00f1ola de Econom\u00eda Social 2023-2027<\/strong>.<\/a><\/li>\n<\/ul>\n<h4>Sociedades Laborales:<\/h4>\n<ul>\n<li><a href=\"https:\/\/www.boe.es\/boe\/dias\/2015\/10\/15\/pdfs\/BOE-A-2015-11071.pdf\"><strong>Ley 44\/2015,<\/strong> de 14 de octubre, de Sociedades Laborales y Participadas<\/a><\/li>\n<\/ul>\n<h4>Asociaciones y Fundaciones:<\/h4>\n<ul>\n<li><a href=\"https:\/\/www.boe.es\/boe\/dias\/2002\/03\/26\/pdfs\/A11981-11991.pdf\"><strong>Ley Org\u00e1nica 1\/2002<\/strong>, de 22 de marzo, reguladora del Derecho de Asociaci\u00f3n.<\/a><\/li>\n<li><a href=\"https:\/\/www.boe.es\/boe\/dias\/2003\/12\/23\/pdfs\/A45665-45677.pdf\"><strong>Real Decreto 1497\/2003<\/strong>, de 28 de noviembre, por el que se aprueba el Reglamento del Registro Nacional de Asociaciones y de sus relaciones con el resto de los Registros de Asociaciones.<\/a><\/li>\n<li><a href=\"https:\/\/www.boe.es\/boe\/dias\/2004\/01\/13\/pdfs\/A01067-01071.pdf\"><strong>Real Decreto 1740\/2003,<\/strong> de 19 de diciembre sobre procedimientos relativos a Asociaciones de Utilidad P\u00fablica.<\/a><\/li>\n<li><a href=\"https:\/\/www.boe.es\/boe\/dias\/2002\/12\/27\/pdfs\/A45504-45515.pdf\"><strong>Ley 50\/2002<\/strong>, de 26 de diciembre, de Fundaciones<\/a><\/li>\n<li><a href=\"https:\/\/www.boe.es\/boe\/dias\/2005\/11\/22\/pdfs\/A38068-38082.pdf\"><strong>Real Decreto 1337\/2005<\/strong>, de 11 de noviembre, por el que se aprueba el Reglamento de fundaciones de competencia estatal<\/a><\/li>\n<li><a href=\"http:\/\/www.boe.es\/boe\/dias\/2015\/10\/24\/pdfs\/BOE-A-2015-11429.pdf\"><strong>Real Decreto 949\/2015<\/strong>, de 23 de octubre, por el que se aprueba el Reglamento del Registro Nacional de Asociaciones<\/a><\/li>\n<li><a href=\"https:\/\/www.boe.es\/boe\/dias\/2016\/12\/01\/pdfs\/BOE-A-2016-11399.pdf\">Resoluci\u00f3n de 14 de noviembre de<strong> 2016,<\/strong> de la Secretar\u00eda General T\u00e9cnica, por la que se establecen los modelos espec\u00edficos para el cumplimiento de las obligaciones de las <strong>Fundaciones de presentar al Protectorado<\/strong> las cuentas anuales y el plan de actuaci\u00f3n.<\/a><\/li>\n<li><a href=\"http:\/\/www.plataformatercersector.es\/sites\/default\/files\/20201104%20RDL%20Medidas%20urgentes%20apoyo%20Tercer%20Sector.pdf\"><strong>Real Decreto-ley 33\/2020<\/strong>, de 3 de noviembre, por el que se adoptan medidas urgentes de apoyo a entidades del Tercer Sector de Acci\u00f3n Social de \u00e1mbito estatal.<\/a><\/li>\n<li><a href=\"https:\/\/www.boe.es\/boe\/dias\/2023\/06\/14\/pdfs\/BOE-A-2023-14051.pdf\">Real Decreto 448\/2023, de 13 de junio, por el que se aprueba el Reglamento del Registro Estatal de\u00a0<strong>Asociaciones de Consumidores y Usuarios<\/strong>.<\/a><\/li>\n<\/ul>\n<h4>Empresas de Inserci\u00f3n y Centros Especiales de Empleo:<\/h4>\n<ul>\n<li><a href=\"https:\/\/www.boe.es\/boe\/dias\/2023\/08\/04\/pdfs\/BOE-A-2023-17875.pdf\">Orden DSA\/934\/2023, de 19 de julio, por la que se modifican los baremos que figuran como Anexos I, II, III, IV, V y VI del Real Decreto 888\/2022, de 18 de octubre, por el que se establece el procedimiento para el reconocimiento, declaraci\u00f3n y calificaci\u00f3n del grado de\u00a0<strong>discapacidad. <\/strong><\/a><\/li>\n<li><a href=\"https:\/\/www.boe.es\/diario_boe\/txt.php?id=BOE-A-2022-12509\"><strong>Real Decreto 636\/2022<\/strong>, de 26 de julio, por el que se regula el\u00a0<strong>Sello de Inclusi\u00f3n Social<\/strong>.<\/a><\/li>\n<li><a href=\"https:\/\/www.boe.es\/buscar\/doc.php?id=BOE-A-1985-25591\"><strong>Real Decreto 2273\/198<\/strong>5, de 4 de diciembre, de centros especiales de Empleo<\/a><\/li>\n<li><a href=\"https:\/\/www.boe.es\/buscar\/pdf\/2007\/BOE-A-2007-21492-consolidado.pdf\"><strong>Ley 44\/2007<\/strong>, de 13 de diciembre, para la regulaci\u00f3n del r\u00e9gimen de Empresas de Inserci\u00f3n Laboral.<\/a><\/li>\n<li><a href=\"https:\/\/www.boe.es\/buscar\/doc.php?id=BOE-A-2013-12632\"><strong>Real Decreto Legislativo 1\/2013<\/strong> de Texto Refundido de la Ley General de Derechos de las personas con discapacidad\u00a0 y de su inclusi\u00f3n social<\/a><\/li>\n<li><a href=\"https:\/\/www.boe.es\/eli\/es\/l\/2022\/04\/08\/7\/con\"><strong>Ley 7\/2022<\/strong>, de 8 de abril, de residuos y suelos contaminados para una econom\u00eda circular.\u00a0<em>Empresas de Inserci\u00f3n y Centros Especiales de Empleo de iniciativa social<\/em>.<\/a><\/li>\n<\/ul>\n<h4>Entidades financieras de la Econom\u00eda Social:<\/h4>\n<ul>\n<li><a href=\"https:\/\/www.boe.es\/boe\/dias\/1989\/05\/31\/pdfs\/A16274-16276.pdf\"><strong>Ley 13\/1989<\/strong>, de 26 de mayo, de Cooperativa de Cr\u00e9dito.<\/a><\/li>\n<li><a href=\"https:\/\/www.boe.es\/boe\/dias\/1993\/02\/19\/pdfs\/A05295-05310.pdf\"><strong>Real Decreto 84\/1993<\/strong>, de 22 de enero, por el que se aprueba en Reglamento de desarrollo de la Ley 13\/1989 de Cooperativas de Cr\u00e9dito.<\/a><\/li>\n<li><a href=\"https:\/\/www.boe.es\/boe\/dias\/1998\/11\/25\/pdfs\/A38695-38742.pdf\"><strong>Real Decreto 2486\/1998<\/strong>, de 20 de noviembre, por el que se aprueba el Reglamento de Ordenaci\u00f3n y Supervisi\u00f3n de los Seguros Privados. <\/a><\/li>\n<li><a href=\"https:\/\/www.boe.es\/boe\/dias\/2003\/01\/17\/pdfs\/A02205-02219.pdf\"><strong>Real Decreto 1430\/2002,<\/strong> de 27 de diciembre, por el que se aprueba el Reglamento de Mutualidades de Previsi\u00f3n Social.<\/a><\/li>\n<li><a href=\"https:\/\/www.boe.es\/boe\/dias\/2002\/12\/24\/pdfs\/A45229-45243.pdf\"><strong>Ley 49\/2002,<\/strong> de 23 de diciembre, de R\u00e9gimen Fiscal de las Entidades Sin Fines Lucrativos y de los Incentivos Fiscales al Mecenazgo.<\/a><\/li>\n<li><a href=\"https:\/\/www.boe.es\/boe_catalan\/dias\/2003\/11\/01\/pdfs\/A03925-03931.pdf\"><strong>Real Decreto 1270\/2003,<\/strong> de 10 de octubre, por el que se aprueba el Reglamento para la aplicaci\u00f3n del r\u00e9gimen fiscal de las Entidades Sin Fines Lucrativos y de los Incentivos Fiscales al Mecenazgo.<\/a><\/li>\n<li><a href=\"https:\/\/www.boe.es\/boe\/dias\/2004\/03\/03\/pdfs\/A09698-09702.pdf\"><strong>REAL DECRETO 302\/2004<\/strong>, de 20 de febrero, sobre Cuotas Participativas delas Cajas de Ahorros.<\/a><\/li>\n<li><a href=\"https:\/\/www.boe.es\/buscar\/pdf\/2004\/BOE-A-2004-18908-consolidado.pdf\"><strong>Real Decreto Legislativo 6\/2004<\/strong>, de 29 de octubre, por el que se aprueba el texto refundido de la Ley de Ordenaci\u00f3n y Supervisi\u00f3n de los Seguros Privados.<\/a><\/li>\n<li><a href=\"https:\/\/www.boe.es\/boe\/dias\/2013\/12\/28\/pdfs\/BOE-A-2013-13723.pdf\"><strong>Ley 26\/2013, de<\/strong> 27 de diciembre, de cajas de ahorros y fundaciones bancarias<\/a><\/li>\n<li><a href=\"https:\/\/www.boe.es\/boe\/dias\/2015\/07\/15\/pdfs\/BOE-A-2015-7897.pdf\"><strong>Ley 20\/2015<\/strong>, de 14 de julio, de ordenaci\u00f3n, supervisi\u00f3n y solvencia de las entidades aseguradoras y reaseguradoras<\/a><\/li>\n<li><a href=\"https:\/\/www.boe.es\/diario_boe\/txt.php?id=BOE-A-2017-7230\"><strong>Real Decreto- Ley 11\/2017<\/strong>, de 23 de junio, de medidas urgentes en materia financiera<\/a><\/li>\n<\/ul>\n<h4>Sociedades Agrarias de Transformaci\u00f3n<\/h4>\n<ul>\n<li><a href=\"https:\/\/www.boe.es\/buscar\/doc.php?id=BOE-A-1981-18431\"><strong>Real Decreto 1776\/1981,<\/strong> de 3 de agosto, por el que se aprueba el estatuto que regula las sociedades agrarias de transformaci\u00f3n<\/a><\/li>\n<li><a href=\"https:\/\/www.boe.es\/eli\/es\/rd\/2020\/01\/28\/137\"><strong>Real Decreto 137\/2020<\/strong>, de 28 de enero, por el que se modifican las bases reguladoras de la concesi\u00f3n de ayudas para el fomento de la integraci\u00f3n de entidades asociativas agroalimentarias de car\u00e1cter supraauton\u00f3mico, establecidas en el Real Decreto 1010\/2015, de 6 de noviembre; el Real Decreto 126\/2016, de 1 de abril; y el Real Decreto 312\/2016, de 29 de julio, en el marco del Programa Nacional de Desarrollo Rural 2014-2020<\/a><\/li>\n<\/ul>\n<h4>Cofradias de Pescadores:<\/h4>\n<ul>\n<li><a href=\"https:\/\/www.boe.es\/boe\/dias\/2011\/12\/31\/pdfs\/BOE-A-2011-20659.pdf\"><strong>Ley 16\/1998,<\/strong> de 25 de junio, sobre las cofrad\u00edas de pescadores<\/a><\/li>\n<li><a href=\"http:\/\/www.boe.es\/boe\/dias\/2015\/09\/29\/pdfs\/BOE-A-2015-10395.pdf\"><strong>Real Decreto 848\/2015<\/strong>, de 28 de septiembre, por el que se modifica el Real Decreto 1549\/2009, de 9 de octubre, sobre ordenaci\u00f3n del sector pesquero y adaptaci\u00f3n al Fondo Europeo de la Pesca<\/a><\/li>\n<li><a href=\"http:\/\/www.boe.es\/boe\/dias\/2017\/03\/06\/pdfs\/BOE-A-2017-2399.pdf\"><strong>Orden APM\/186\/2017<\/strong>, de 24 de febrero, sobre <strong>elecciones en la Federaci\u00f3n Nacional de Cofrad\u00edas de Pescadores<\/strong>.<\/a><\/li>\n<\/ul>\n<h3>Normativa Europea<\/h3>\n<ul>\n<li><a href=\"https:\/\/www.boe.es\/diario_boe\/txt.php?id=DOUE-L-2003-81380\"><strong>REGLAMENTO (CE)1435\/2003, de 22 de julio,<\/strong> del Consejo, relativo al ESTATUTO DE LA SOCIEDAD COOPERATIVA EUROPEA (SCE)<\/a><\/li>\n<li><strong>DIRECTIVA 72\/2003\/CEE del Consejo<\/strong>, de 22 de julio, que completa el ESTATUTO SE LA SOCIEDAD COOPERATIVA EUROPEA SOBRE IMPLICACION DE LOS TRABAJADORES, DOUE N\u00ba2, de 18\/08\/2003<\/li>\n<li><strong>DIRECTIVA 78\/660\/CEE,<\/strong> del Consejo, de 25 de julio de 1978, relativa a las CUENTAS ANUALES DE DETERMINADAS FORMAS SOCIETARIAS<\/li>\n<li><strong>DIRECTIVA 83\/349\/CEE,<\/strong> del Consejo de 13 de junio de 1983, relativa a las CUENTAS CONSOLIDADAS<\/li>\n<li><strong>DIRECTIVA 2006\/43\/CE <\/strong>del Parlamento Europeo y del Conse<strong>j<\/strong>o, de 17 de mayo de 2006, relativa a la auditor\u00eda legal de las cuentas anuales y de las cuentas consolidadas, por la que se modifican las DIRECTIVAS 78\/660\/CEE Y 83\/349\/CEE el Consejo.<\/li>\n<li><strong>DIRECTIVA 86\/635\/CEE,<\/strong> del Consejo de 8 de diciembre de 1986, relativa a las CUENTAS ANUALES Y CONSOLIDADAS DE LOS BANCOS Y OTRAS ENTIDADES FINANCIERAS<\/li>\n<li><strong>ORDEN ECO 3614\/2003<\/strong>, de 16 de diciembre, por la que se aprueban las normas sobre ASPECTOS CONTABLES DE LAS COOPERATIVAS.<\/li>\n<li><strong>REGLAMENTO CE N\u00ba1606\/2002,<\/strong> del Parlamento Europeo y del Consejo, relativo a la aplicaci\u00f3n de las NORMAS INTERNACIONALES DE INFORMACION FINANCIERA(NIF)<\/li>\n<li><a href=\"https:\/\/www.boe.es\/doue\/2013\/115\/L00018-00038.pdf\"><strong>REGLAMENTO (UE) N\u00ba 346\/2013<\/strong> del Parlamento Europeo y del Consejo de 17 de abril de 2013, sobre los fondos de emprendimiento social europeos<\/a><\/li>\n<li><a href=\"https:\/\/www.boe.es\/doue\/2013\/347\/L00238-00252.pdf\"><strong>REGLAMENTO (UE) N\u00ba 1296\/2013<\/strong> del Parlamento Europeo y del Consejo, de 11 de diciembre de 2013, relativo a un Programa de la UE para el Empleo y la Innovaci\u00f3n Social y por el que se modifica la Decisi\u00f3n n\u00ba 283\/2010\/UE, por la que se establece un instrumento europeo de microfinanciaci\u00f3n para el empleo y la inclusi\u00f3n social.<\/a><\/li>\n<\/ul>\n","protected":false},"excerpt":{"rendered":"<p>Marco Jur\u00eddico vigente en la CAPV: legislaci\u00f3n estatal y europea: Normativa Estatal Econom\u00eda Social: Constituci\u00f3n Espa\u00f1ola de 1978 (arts., 128,129.2\u00ba,149.3\u00ba) Ley 5\/2011, de 29 de marzo, de Econom\u00eda Social. Ley 31\/2015, de 9 de septiembre, por la que se modifica y actualiza la normativa en materia de autoempleo y se adoptan medidas de fomento y\u00a0 &hellip; <a href=\"https:\/\/oves-geeb.eus\/es\/actividades\/area-juridico-politica\/marco-juridico\/legislacion-europea-y-estatal\/\">Continuar leyendo<\/a><\/p>\n","protected":false},"author":1,"featured_media":0,"parent":9036,"menu_order":0,"comment_status":"closed","ping_status":"closed","template":"","meta":{"footnotes":""},"class_list":["post-9459","page","type-page","status-publish","hentry"],"acf":[],"_links":{"self":[{"href":"https:\/\/oves-geeb.eus\/es\/wp-json\/wp\/v2\/pages\/9459","targetHints":{"allow":["GET"]}}],"collection":[{"href":"https:\/\/oves-geeb.eus\/es\/wp-json\/wp\/v2\/pages"}],"about":[{"href":"https:\/\/oves-geeb.eus\/es\/wp-json\/wp\/v2\/types\/page"}],"author":[{"embeddable":true,"href":"https:\/\/oves-geeb.eus\/es\/wp-json\/wp\/v2\/users\/1"}],"replies":[{"embeddable":true,"href":"https:\/\/oves-geeb.eus\/es\/wp-json\/wp\/v2\/comments?post=9459"}],"version-history":[{"count":13,"href":"https:\/\/oves-geeb.eus\/es\/wp-json\/wp\/v2\/pages\/9459\/revisions"}],"predecessor-version":[{"id":15742,"href":"https:\/\/oves-geeb.eus\/es\/wp-json\/wp\/v2\/pages\/9459\/revisions\/15742"}],"up":[{"embeddable":true,"href":"https:\/\/oves-geeb.eus\/es\/wp-json\/wp\/v2\/pages\/9036"}],"wp:attachment":[{"href":"https:\/\/oves-geeb.eus\/es\/wp-json\/wp\/v2\/media?parent=9459"}],"curies":[{"name":"wp","href":"https:\/\/api.w.org\/{rel}","templated":true}]}}