{"id":9453,"date":"2018-06-11T12:07:41","date_gmt":"2018-06-11T10:07:41","guid":{"rendered":"http:\/\/oves-geeb.eus\/?page_id=9453"},"modified":"2024-06-13T12:11:23","modified_gmt":"2024-06-13T10:11:23","slug":"informes-juridicos","status":"publish","type":"page","link":"https:\/\/oves-geeb.eus\/es\/actividades\/area-juridico-politica\/marco-juridico\/informes-juridicos\/","title":{"rendered":"Informes Jur\u00eddicos"},"content":{"rendered":"<ul>\n<li><a href=\"\/wp-content\/uploads\/2024\/06\/ODS-8-y-la-ESS.pdf\">ODS 8 y la ESS<\/a><\/li>\n<li><a href=\"\/wp-content\/uploads\/2023\/12\/EL-PAPEL-DE-LA-ECONOMIA-SOCIAL-EN-LA-IMPLEMENTACION-DE-LOS-OBJETIVOS-DE-DESARROLLO-SOSTENIBLE.pdf\">EL PAPEL DE LA ECONOM\u00cdA SOCIAL EN LA IMPLEMENTACI\u00d3N DE LOS OBJETIVOS DE DESARROLLO SOSTENIBLE<\/a><\/li>\n<li><a href=\"\/wp-content\/uploads\/2022\/12\/La-Contratacion-Publica-Responsable-en-las-Administraciones-de-la-CAE-2.-Estudio-1.pdf\">La Contrataci\u00f3n P\u00fablica Responsable en las Administraciones de la CAE, 2. Estudio<\/a><\/li>\n<li><a href=\"\/wp-content\/uploads\/2022\/07\/Plan-de-Accion-Europeo-de-Economia-Social.pdf\">Plan de Acci\u00f3n Europeo de Econom\u00eda Social.<\/a><\/li>\n<li><a href=\"\/wp-content\/uploads\/2022\/12\/LA-CONTRATACION-PUBLICA-RESPONSABLE-EN-LAS-ADMINISTRACIONES-PUBLICAS-DE-LA-CAE-2.pdf\">LA CONTRATACI\u00d3N P\u00daBLICA RESPONSABLE EN LAS ADMINISTRACIONES PUBLICAS DE LA CAE (2)<\/a><\/li>\n<li><a href=\"\/wp-content\/uploads\/2019\/12\/LAS-SOCIEDADES-PARTICIPADAS.docx\">Informe sobre las Sociedades Participadas<\/a><\/li>\n<li><a href=\"\/wp-content\/uploads\/2019\/12\/INDICADORES-DE-MEDICI\u00d3N-PARA-LA-CONTRATACI\u00d3N-P\u00daBLICA-RESPONSABLE.docx\">Medici\u00f3n Contrataci\u00f3n P\u00fablica: indicadores<\/a><\/li>\n<li><a href=\"\/wp-content\/uploads\/2019\/12\/IMPLEMENTACI\u00d3N-DE-CLAUSULAS-SOCIALES-CADA-UNA-DE-LAS-FASES-DE-CONTRATACI\u00d3N-P\u00daBLICA.docx\">Informe sobre la implementaci\u00f3n de cl\u00e1usulas sociales en la Contrataci\u00f3n P\u00fablica<\/a><\/li>\n<li><a href=\"\/wp-content\/uploads\/2019\/12\/COOPERATIVAS-VIVIENDAS-EN-EUSKADI.docx\">Informe sobre la regulaci\u00f3n de las Cooperativas de Vivienda<\/a><\/li>\n<li><a href=\"\/wp-content\/uploads\/2018\/12\/INFORME-Contratos-del-Sector-P\u00fablico.docx\">Informe sobre la Contrataci\u00f3n del Sector P\u00fablico<\/a><\/li>\n<li><a href=\"\/wp-content\/uploads\/2018\/12\/INFORME-CONVENCI\u00d3N-ONU.docx\">Informe sobre la Convenci\u00f3n de la ONU sobre derechos de las personas con discapacidad<\/a><\/li>\n<li><a href=\"\/wp-content\/uploads\/2018\/12\/Informe_Coop_UtPubl_InicSoc.docx\">Informe sobre las diferencias entre las cooperativas de utilidad p\u00fablica y las cooperativas de iniciativa social<\/a><\/li>\n<li><a href=\"\/wp-content\/uploads\/2018\/12\/INFORME_EPSV.docx\">Informe sobre el desarrollo de la normativa de EPSV<\/a><\/li>\n<li><a href=\"\/wp-content\/uploads\/2018\/12\/Informe_LA-CONTRATACI\u00d3N-P\u00daBLICA-RESPONSABLE-Y-LOS-CONTRATOS-RESERVASDOS.docx\">Informe sobre la Contrataci\u00f3n P\u00fablica Responsable y contratos reservados<\/a><\/li>\n<li><a href=\"\/wp-content\/uploads\/2018\/06\/INFORME_Ley_del_tercer_sector.pdf\">Informe sobre la Ley del Tercer Sector de Euskadi<\/a><\/li>\n<li><a href=\"\/wp-content\/uploads\/2018\/06\/INFORME_LEY_DE_FUNDACIONES.pdf\">Informe sobre la Ley de Fundaciones de Euskadi<\/a><\/li>\n<li><a href=\"\/wp-content\/uploads\/2018\/06\/LA_LEGISLACON_COOPERATIVA.pdf\">Informe sobre la legislaci\u00f3n cooperativa y su evoluci\u00f3n<\/a><\/li>\n<li><a href=\"\/wp-content\/uploads\/2018\/06\/LEGISLACION_SOBRE_LAS_EMPRESAS_DE_INSERCION.pdf\">Informe sobre la legislaci\u00f3n de las Asociaciones<\/a><\/li>\n<li><a href=\"\/wp-content\/uploads\/2018\/06\/LEGISLACION_DE_LOS_CENTROS_ESPECIALES_DE_EMPLEO.pdf\">Informe sobre la regulaci\u00f3n de los Centros Especiales de Empleo<\/a><\/li>\n<li><a href=\"\/wp-content\/uploads\/2018\/06\/LA_LEGISLACION_DE_LAS_ASOCIACIONES.pdf\">Informe sobre las Empresas de Inserci\u00f3n y la normativa aplicable<\/a><\/li>\n<li><a href=\"\/wp-content\/uploads\/2018\/06\/LA_LEGISLACION_DE_LA_SOCIEDAD_LABORAL.pdf\">Informe sobre la legislaci\u00f3n de las Sociedades Laborales<\/a><\/li>\n<\/ul>\n<p><!--more--><\/p>\n","protected":false},"excerpt":{"rendered":"<p>ODS 8 y la ESS EL PAPEL DE LA ECONOM\u00cdA SOCIAL EN LA IMPLEMENTACI\u00d3N DE LOS OBJETIVOS DE DESARROLLO SOSTENIBLE La Contrataci\u00f3n P\u00fablica Responsable en las Administraciones de la CAE, 2. Estudio Plan de Acci\u00f3n Europeo de Econom\u00eda Social. LA CONTRATACI\u00d3N P\u00daBLICA RESPONSABLE EN LAS ADMINISTRACIONES PUBLICAS DE LA CAE (2) Informe sobre las Sociedades &hellip; <a href=\"https:\/\/oves-geeb.eus\/es\/actividades\/area-juridico-politica\/marco-juridico\/informes-juridicos\/\">Continuar leyendo<\/a><\/p>\n","protected":false},"author":1,"featured_media":0,"parent":9036,"menu_order":0,"comment_status":"closed","ping_status":"closed","template":"","meta":{"footnotes":""},"class_list":["post-9453","page","type-page","status-publish","hentry"],"acf":[],"_links":{"self":[{"href":"https:\/\/oves-geeb.eus\/es\/wp-json\/wp\/v2\/pages\/9453","targetHints":{"allow":["GET"]}}],"collection":[{"href":"https:\/\/oves-geeb.eus\/es\/wp-json\/wp\/v2\/pages"}],"about":[{"href":"https:\/\/oves-geeb.eus\/es\/wp-json\/wp\/v2\/types\/page"}],"author":[{"embeddable":true,"href":"https:\/\/oves-geeb.eus\/es\/wp-json\/wp\/v2\/users\/1"}],"replies":[{"embeddable":true,"href":"https:\/\/oves-geeb.eus\/es\/wp-json\/wp\/v2\/comments?post=9453"}],"version-history":[{"count":9,"href":"https:\/\/oves-geeb.eus\/es\/wp-json\/wp\/v2\/pages\/9453\/revisions"}],"predecessor-version":[{"id":16565,"href":"https:\/\/oves-geeb.eus\/es\/wp-json\/wp\/v2\/pages\/9453\/revisions\/16565"}],"up":[{"embeddable":true,"href":"https:\/\/oves-geeb.eus\/es\/wp-json\/wp\/v2\/pages\/9036"}],"wp:attachment":[{"href":"https:\/\/oves-geeb.eus\/es\/wp-json\/wp\/v2\/media?parent=9453"}],"curies":[{"name":"wp","href":"https:\/\/api.w.org\/{rel}","templated":true}]}}