{"id":9416,"date":"2018-06-09T13:03:01","date_gmt":"2018-06-09T11:03:01","guid":{"rendered":"http:\/\/oves-geeb.eus\/?page_id=9416"},"modified":"2018-06-09T13:04:15","modified_gmt":"2018-06-09T11:04:15","slug":"cuenta-de-perdidas-y-ganacias-de-las-sociedades-de-garantia-reciproca-de-empresas-de-economia-social","status":"publish","type":"page","link":"https:\/\/oves-geeb.eus\/es\/actividades\/area-socio-economica\/datos-economicos\/3-6-sociedades-de-garantia-reciproca-de-empresas-de-economia-social\/cuenta-de-perdidas-y-ganacias-de-las-sociedades-de-garantia-reciproca-de-empresas-de-economia-social\/","title":{"rendered":"Cuenta de p\u00e9rdidas y ganacias de las Sociedades de Garant\u00eda Rec\u00edproca de empresas de Econom\u00eda Social"},"content":{"rendered":"","protected":false},"excerpt":{"rendered":"","protected":false},"author":1,"featured_media":0,"parent":9342,"menu_order":0,"comment_status":"closed","ping_status":"closed","template":"views\/template-txostena.blade.php","meta":{"footnotes":""},"class_list":["post-9416","page","type-page","status-publish","hentry"],"acf":[],"_links":{"self":[{"href":"https:\/\/oves-geeb.eus\/es\/wp-json\/wp\/v2\/pages\/9416","targetHints":{"allow":["GET"]}}],"collection":[{"href":"https:\/\/oves-geeb.eus\/es\/wp-json\/wp\/v2\/pages"}],"about":[{"href":"https:\/\/oves-geeb.eus\/es\/wp-json\/wp\/v2\/types\/page"}],"author":[{"embeddable":true,"href":"https:\/\/oves-geeb.eus\/es\/wp-json\/wp\/v2\/users\/1"}],"replies":[{"embeddable":true,"href":"https:\/\/oves-geeb.eus\/es\/wp-json\/wp\/v2\/comments?post=9416"}],"version-history":[{"count":1,"href":"https:\/\/oves-geeb.eus\/es\/wp-json\/wp\/v2\/pages\/9416\/revisions"}],"predecessor-version":[{"id":9417,"href":"https:\/\/oves-geeb.eus\/es\/wp-json\/wp\/v2\/pages\/9416\/revisions\/9417"}],"up":[{"embeddable":true,"href":"https:\/\/oves-geeb.eus\/es\/wp-json\/wp\/v2\/pages\/9342"}],"wp:attachment":[{"href":"https:\/\/oves-geeb.eus\/es\/wp-json\/wp\/v2\/media?parent=9416"}],"curies":[{"name":"wp","href":"https:\/\/api.w.org\/{rel}","templated":true}]}}