{"id":9400,"date":"2018-06-09T12:57:38","date_gmt":"2018-06-09T10:57:38","guid":{"rendered":"http:\/\/oves-geeb.eus\/?page_id=9400"},"modified":"2020-07-16T11:34:54","modified_gmt":"2020-07-16T09:34:54","slug":"cuenta-de-perdidas-y-ganancias-de-las-cooperativas-de-credito-del-pais-vasco","status":"publish","type":"page","link":"https:\/\/oves-geeb.eus\/es\/actividades\/area-socio-economica\/datos-economicos\/3-4-cooperativas-de-credito\/cuenta-de-perdidas-y-ganancias-de-las-cooperativas-de-credito-del-pais-vasco\/","title":{"rendered":"Cuenta de p\u00e9rdidas y ganancias de las Cooperativas de Cr\u00e9dito del Pa\u00eds Vasco"},"content":{"rendered":"","protected":false},"excerpt":{"rendered":"","protected":false},"author":1,"featured_media":0,"parent":9334,"menu_order":0,"comment_status":"closed","ping_status":"closed","template":"views\/template-txostena.blade.php","meta":{"footnotes":""},"class_list":["post-9400","page","type-page","status-publish","hentry"],"acf":[],"_links":{"self":[{"href":"https:\/\/oves-geeb.eus\/es\/wp-json\/wp\/v2\/pages\/9400","targetHints":{"allow":["GET"]}}],"collection":[{"href":"https:\/\/oves-geeb.eus\/es\/wp-json\/wp\/v2\/pages"}],"about":[{"href":"https:\/\/oves-geeb.eus\/es\/wp-json\/wp\/v2\/types\/page"}],"author":[{"embeddable":true,"href":"https:\/\/oves-geeb.eus\/es\/wp-json\/wp\/v2\/users\/1"}],"replies":[{"embeddable":true,"href":"https:\/\/oves-geeb.eus\/es\/wp-json\/wp\/v2\/comments?post=9400"}],"version-history":[{"count":1,"href":"https:\/\/oves-geeb.eus\/es\/wp-json\/wp\/v2\/pages\/9400\/revisions"}],"predecessor-version":[{"id":9401,"href":"https:\/\/oves-geeb.eus\/es\/wp-json\/wp\/v2\/pages\/9400\/revisions\/9401"}],"up":[{"embeddable":true,"href":"https:\/\/oves-geeb.eus\/es\/wp-json\/wp\/v2\/pages\/9334"}],"wp:attachment":[{"href":"https:\/\/oves-geeb.eus\/es\/wp-json\/wp\/v2\/media?parent=9400"}],"curies":[{"name":"wp","href":"https:\/\/api.w.org\/{rel}","templated":true}]}}