{"id":9390,"date":"2018-06-09T12:53:54","date_gmt":"2018-06-09T10:53:54","guid":{"rendered":"http:\/\/oves-geeb.eus\/?page_id=9390"},"modified":"2022-12-13T14:22:27","modified_gmt":"2022-12-13T13:22:27","slug":"fuentes-de-ingresos-de-las-empresas-de-insercion-asociadas-a-gizatea-asociacion-de-empresas-de-insercion-del-pais-vasco","status":"publish","type":"page","link":"https:\/\/oves-geeb.eus\/es\/actividades\/area-socio-economica\/datos-economicos\/3-3-empresas-de-insercion\/fuentes-de-ingresos-de-las-empresas-de-insercion-asociadas-a-gizatea-asociacion-de-empresas-de-insercion-del-pais-vasco\/","title":{"rendered":"Fuentes de ingresos de las Empresas de Inserci\u00f3n asociadas a GIZATEA (Asociaci\u00f3n de Empresas de Inserci\u00f3n del Pa\u00eds Vasco)"},"content":{"rendered":"","protected":false},"excerpt":{"rendered":"","protected":false},"author":1,"featured_media":0,"parent":9332,"menu_order":0,"comment_status":"closed","ping_status":"closed","template":"views\/template-txostena.blade.php","meta":{"footnotes":""},"class_list":["post-9390","page","type-page","status-publish","hentry"],"acf":[],"_links":{"self":[{"href":"https:\/\/oves-geeb.eus\/es\/wp-json\/wp\/v2\/pages\/9390","targetHints":{"allow":["GET"]}}],"collection":[{"href":"https:\/\/oves-geeb.eus\/es\/wp-json\/wp\/v2\/pages"}],"about":[{"href":"https:\/\/oves-geeb.eus\/es\/wp-json\/wp\/v2\/types\/page"}],"author":[{"embeddable":true,"href":"https:\/\/oves-geeb.eus\/es\/wp-json\/wp\/v2\/users\/1"}],"replies":[{"embeddable":true,"href":"https:\/\/oves-geeb.eus\/es\/wp-json\/wp\/v2\/comments?post=9390"}],"version-history":[{"count":2,"href":"https:\/\/oves-geeb.eus\/es\/wp-json\/wp\/v2\/pages\/9390\/revisions"}],"predecessor-version":[{"id":9395,"href":"https:\/\/oves-geeb.eus\/es\/wp-json\/wp\/v2\/pages\/9390\/revisions\/9395"}],"up":[{"embeddable":true,"href":"https:\/\/oves-geeb.eus\/es\/wp-json\/wp\/v2\/pages\/9332"}],"wp:attachment":[{"href":"https:\/\/oves-geeb.eus\/es\/wp-json\/wp\/v2\/media?parent=9390"}],"curies":[{"name":"wp","href":"https:\/\/api.w.org\/{rel}","templated":true}]}}