{"id":9298,"date":"2018-06-08T16:42:52","date_gmt":"2018-06-08T14:42:52","guid":{"rendered":"http:\/\/oves-geeb.eus\/?page_id=9298"},"modified":"2024-07-16T16:24:32","modified_gmt":"2024-07-16T14:24:32","slug":"numero-de-entidades-y-de-asociados-en-las-entidades-de-prevision-social-entidades-de-prevision-social-voluntaria-de-euskadi","status":"publish","type":"page","link":"https:\/\/oves-geeb.eus\/es\/actividades\/area-socio-economica\/entidades\/2-6-entidades-de-prevision-social\/numero-de-entidades-y-de-asociados-en-las-entidades-de-prevision-social-entidades-de-prevision-social-voluntaria-de-euskadi\/","title":{"rendered":"N\u00famero de entidades y de asociados en las Entidades de Previsi\u00f3n Social, Entidades de Previsi\u00f3n Social Voluntaria de Euskadi"},"content":{"rendered":"","protected":false},"excerpt":{"rendered":"","protected":false},"author":1,"featured_media":0,"parent":9251,"menu_order":0,"comment_status":"closed","ping_status":"closed","template":"views\/template-txostena.blade.php","meta":{"footnotes":""},"class_list":["post-9298","page","type-page","status-publish","hentry"],"acf":[],"_links":{"self":[{"href":"https:\/\/oves-geeb.eus\/es\/wp-json\/wp\/v2\/pages\/9298","targetHints":{"allow":["GET"]}}],"collection":[{"href":"https:\/\/oves-geeb.eus\/es\/wp-json\/wp\/v2\/pages"}],"about":[{"href":"https:\/\/oves-geeb.eus\/es\/wp-json\/wp\/v2\/types\/page"}],"author":[{"embeddable":true,"href":"https:\/\/oves-geeb.eus\/es\/wp-json\/wp\/v2\/users\/1"}],"replies":[{"embeddable":true,"href":"https:\/\/oves-geeb.eus\/es\/wp-json\/wp\/v2\/comments?post=9298"}],"version-history":[{"count":2,"href":"https:\/\/oves-geeb.eus\/es\/wp-json\/wp\/v2\/pages\/9298\/revisions"}],"predecessor-version":[{"id":9896,"href":"https:\/\/oves-geeb.eus\/es\/wp-json\/wp\/v2\/pages\/9298\/revisions\/9896"}],"up":[{"embeddable":true,"href":"https:\/\/oves-geeb.eus\/es\/wp-json\/wp\/v2\/pages\/9251"}],"wp:attachment":[{"href":"https:\/\/oves-geeb.eus\/es\/wp-json\/wp\/v2\/media?parent=9298"}],"curies":[{"name":"wp","href":"https:\/\/api.w.org\/{rel}","templated":true}]}}