{"id":9290,"date":"2018-06-08T16:39:31","date_gmt":"2018-06-08T14:39:31","guid":{"rendered":"http:\/\/oves-geeb.eus\/?page_id=9290"},"modified":"2024-12-16T16:46:05","modified_gmt":"2024-12-16T15:46:05","slug":"numero-de-empresas-de-insercion-asociadas-a-gizatea-asociacion-de-empresas-de-insercion","status":"publish","type":"page","link":"https:\/\/oves-geeb.eus\/es\/actividades\/area-socio-economica\/entidades\/2-5-empresas-de-insercion\/numero-de-empresas-de-insercion-asociadas-a-gizatea-asociacion-de-empresas-de-insercion\/","title":{"rendered":"N\u00famero de Empresas de Inserci\u00f3n asociadas a GIZATEA (Asociaci\u00f3n de Empresas de Inserci\u00f3n)"},"content":{"rendered":"","protected":false},"excerpt":{"rendered":"","protected":false},"author":1,"featured_media":0,"parent":9246,"menu_order":0,"comment_status":"closed","ping_status":"closed","template":"views\/template-txostena.blade.php","meta":{"footnotes":""},"class_list":["post-9290","page","type-page","status-publish","hentry"],"acf":[],"_links":{"self":[{"href":"https:\/\/oves-geeb.eus\/es\/wp-json\/wp\/v2\/pages\/9290","targetHints":{"allow":["GET"]}}],"collection":[{"href":"https:\/\/oves-geeb.eus\/es\/wp-json\/wp\/v2\/pages"}],"about":[{"href":"https:\/\/oves-geeb.eus\/es\/wp-json\/wp\/v2\/types\/page"}],"author":[{"embeddable":true,"href":"https:\/\/oves-geeb.eus\/es\/wp-json\/wp\/v2\/users\/1"}],"replies":[{"embeddable":true,"href":"https:\/\/oves-geeb.eus\/es\/wp-json\/wp\/v2\/comments?post=9290"}],"version-history":[{"count":1,"href":"https:\/\/oves-geeb.eus\/es\/wp-json\/wp\/v2\/pages\/9290\/revisions"}],"predecessor-version":[{"id":9291,"href":"https:\/\/oves-geeb.eus\/es\/wp-json\/wp\/v2\/pages\/9290\/revisions\/9291"}],"up":[{"embeddable":true,"href":"https:\/\/oves-geeb.eus\/es\/wp-json\/wp\/v2\/pages\/9246"}],"wp:attachment":[{"href":"https:\/\/oves-geeb.eus\/es\/wp-json\/wp\/v2\/media?parent=9290"}],"curies":[{"name":"wp","href":"https:\/\/api.w.org\/{rel}","templated":true}]}}