{"id":9193,"date":"2024-06-17T15:09:00","date_gmt":"2024-06-17T13:09:00","guid":{"rendered":"http:\/\/oves-geeb.eus\/?page_id=9193"},"modified":"2024-06-17T15:13:14","modified_gmt":"2024-06-17T13:13:14","slug":"empleos-en-las-sociedades-de-garantia-reciproca-de-las-empresas-de-economia-social","status":"publish","type":"page","link":"https:\/\/oves-geeb.eus\/es\/actividades\/area-socio-economica\/empleo\/1-8-sociedades-de-garantia-reciproca-de-empresas-de-economia-social\/empleos-en-las-sociedades-de-garantia-reciproca-de-las-empresas-de-economia-social\/","title":{"rendered":"Empleos en las Sociedades de Garant\u00eda Rec\u00edproca de las empresas de Econom\u00eda Social."},"content":{"rendered":"","protected":false},"excerpt":{"rendered":"","protected":false},"author":1,"featured_media":0,"parent":9086,"menu_order":0,"comment_status":"closed","ping_status":"closed","template":"views\/template-txostena.blade.php","meta":{"footnotes":""},"class_list":["post-9193","page","type-page","status-publish","hentry"],"acf":[],"_links":{"self":[{"href":"https:\/\/oves-geeb.eus\/es\/wp-json\/wp\/v2\/pages\/9193","targetHints":{"allow":["GET"]}}],"collection":[{"href":"https:\/\/oves-geeb.eus\/es\/wp-json\/wp\/v2\/pages"}],"about":[{"href":"https:\/\/oves-geeb.eus\/es\/wp-json\/wp\/v2\/types\/page"}],"author":[{"embeddable":true,"href":"https:\/\/oves-geeb.eus\/es\/wp-json\/wp\/v2\/users\/1"}],"replies":[{"embeddable":true,"href":"https:\/\/oves-geeb.eus\/es\/wp-json\/wp\/v2\/comments?post=9193"}],"version-history":[{"count":1,"href":"https:\/\/oves-geeb.eus\/es\/wp-json\/wp\/v2\/pages\/9193\/revisions"}],"predecessor-version":[{"id":9194,"href":"https:\/\/oves-geeb.eus\/es\/wp-json\/wp\/v2\/pages\/9193\/revisions\/9194"}],"up":[{"embeddable":true,"href":"https:\/\/oves-geeb.eus\/es\/wp-json\/wp\/v2\/pages\/9086"}],"wp:attachment":[{"href":"https:\/\/oves-geeb.eus\/es\/wp-json\/wp\/v2\/media?parent=9193"}],"curies":[{"name":"wp","href":"https:\/\/api.w.org\/{rel}","templated":true}]}}