{"id":9177,"date":"2024-06-17T15:01:00","date_gmt":"2024-06-17T13:01:00","guid":{"rendered":"http:\/\/oves-geeb.eus\/?page_id=9177"},"modified":"2024-11-08T15:06:40","modified_gmt":"2024-11-08T14:06:40","slug":"numero-de-empleos-y-oficinas-de-las-cooperativas-de-credito-del-pais-vasco","status":"publish","type":"page","link":"https:\/\/oves-geeb.eus\/es\/actividades\/area-socio-economica\/empleo\/1-6-cooperativas-de-credito\/numero-de-empleos-y-oficinas-de-las-cooperativas-de-credito-del-pais-vasco\/","title":{"rendered":"N\u00famero de empleos y oficinas de las Cooperativas de Cr\u00e9dito del Pa\u00eds Vasco."},"content":{"rendered":"","protected":false},"excerpt":{"rendered":"","protected":false},"author":1,"featured_media":0,"parent":9078,"menu_order":0,"comment_status":"closed","ping_status":"closed","template":"views\/template-txostena.blade.php","meta":{"footnotes":""},"class_list":["post-9177","page","type-page","status-publish","hentry"],"acf":[],"_links":{"self":[{"href":"https:\/\/oves-geeb.eus\/es\/wp-json\/wp\/v2\/pages\/9177","targetHints":{"allow":["GET"]}}],"collection":[{"href":"https:\/\/oves-geeb.eus\/es\/wp-json\/wp\/v2\/pages"}],"about":[{"href":"https:\/\/oves-geeb.eus\/es\/wp-json\/wp\/v2\/types\/page"}],"author":[{"embeddable":true,"href":"https:\/\/oves-geeb.eus\/es\/wp-json\/wp\/v2\/users\/1"}],"replies":[{"embeddable":true,"href":"https:\/\/oves-geeb.eus\/es\/wp-json\/wp\/v2\/comments?post=9177"}],"version-history":[{"count":1,"href":"https:\/\/oves-geeb.eus\/es\/wp-json\/wp\/v2\/pages\/9177\/revisions"}],"predecessor-version":[{"id":9178,"href":"https:\/\/oves-geeb.eus\/es\/wp-json\/wp\/v2\/pages\/9177\/revisions\/9178"}],"up":[{"embeddable":true,"href":"https:\/\/oves-geeb.eus\/es\/wp-json\/wp\/v2\/pages\/9078"}],"wp:attachment":[{"href":"https:\/\/oves-geeb.eus\/es\/wp-json\/wp\/v2\/media?parent=9177"}],"curies":[{"name":"wp","href":"https:\/\/api.w.org\/{rel}","templated":true}]}}