{"id":9169,"date":"2024-11-08T00:00:00","date_gmt":"2024-11-07T23:00:00","guid":{"rendered":"http:\/\/oves-geeb.eus\/?page_id=9169"},"modified":"2024-11-08T14:22:11","modified_gmt":"2024-11-08T13:22:11","slug":"numero-de-empleos-en-las-empresas-de-insercion-asociadas-a-gizatea-asociacion-de-empresas-de-insercion-del-pais-vasco-por-tipo-de-empleo-y-sexo","status":"publish","type":"page","link":"https:\/\/oves-geeb.eus\/es\/actividades\/area-socio-economica\/empleo\/1-5-empresas-de-insercion\/numero-de-empleos-en-las-empresas-de-insercion-asociadas-a-gizatea-asociacion-de-empresas-de-insercion-del-pais-vasco-por-tipo-de-empleo-y-sexo\/","title":{"rendered":"N\u00famero de empleos en las Empresas de Inserci\u00f3n asociadas a GIZATEA (Asociaci\u00f3n de Empresas de Inserci\u00f3n del Pa\u00eds Vasco) por tipo de empleo y sexo."},"content":{"rendered":"","protected":false},"excerpt":{"rendered":"","protected":false},"author":1,"featured_media":0,"parent":9074,"menu_order":0,"comment_status":"closed","ping_status":"closed","template":"views\/template-txostena.blade.php","meta":{"footnotes":""},"class_list":["post-9169","page","type-page","status-publish","hentry"],"acf":[],"_links":{"self":[{"href":"https:\/\/oves-geeb.eus\/es\/wp-json\/wp\/v2\/pages\/9169","targetHints":{"allow":["GET"]}}],"collection":[{"href":"https:\/\/oves-geeb.eus\/es\/wp-json\/wp\/v2\/pages"}],"about":[{"href":"https:\/\/oves-geeb.eus\/es\/wp-json\/wp\/v2\/types\/page"}],"author":[{"embeddable":true,"href":"https:\/\/oves-geeb.eus\/es\/wp-json\/wp\/v2\/users\/1"}],"replies":[{"embeddable":true,"href":"https:\/\/oves-geeb.eus\/es\/wp-json\/wp\/v2\/comments?post=9169"}],"version-history":[{"count":1,"href":"https:\/\/oves-geeb.eus\/es\/wp-json\/wp\/v2\/pages\/9169\/revisions"}],"predecessor-version":[{"id":9170,"href":"https:\/\/oves-geeb.eus\/es\/wp-json\/wp\/v2\/pages\/9169\/revisions\/9170"}],"up":[{"embeddable":true,"href":"https:\/\/oves-geeb.eus\/es\/wp-json\/wp\/v2\/pages\/9074"}],"wp:attachment":[{"href":"https:\/\/oves-geeb.eus\/es\/wp-json\/wp\/v2\/media?parent=9169"}],"curies":[{"name":"wp","href":"https:\/\/api.w.org\/{rel}","templated":true}]}}