{"id":9153,"date":"2018-06-08T14:49:48","date_gmt":"2018-06-08T12:49:48","guid":{"rendered":"http:\/\/oves-geeb.eus\/?page_id=9153"},"modified":"2024-11-08T12:45:50","modified_gmt":"2024-11-08T11:45:50","slug":"sociedades-laborales-numero-de-sociedades-centros-de-cotizacion-y-sus-trabajadores-por-territorios-historicos","status":"publish","type":"page","link":"https:\/\/oves-geeb.eus\/es\/actividades\/area-socio-economica\/empleo\/1-3-sociedades-laborales\/sociedades-laborales-numero-de-sociedades-centros-de-cotizacion-y-sus-trabajadores-por-territorios-historicos\/","title":{"rendered":"Sociedades Laborales. N\u00famero de sociedades, centros de cotizaci\u00f3n y sus trabajadores por Territorios Hist\u00f3ricos"},"content":{"rendered":"","protected":false},"excerpt":{"rendered":"","protected":false},"author":1,"featured_media":0,"parent":9066,"menu_order":0,"comment_status":"closed","ping_status":"closed","template":"views\/template-txostena.blade.php","meta":{"footnotes":""},"class_list":["post-9153","page","type-page","status-publish","hentry"],"acf":[],"_links":{"self":[{"href":"https:\/\/oves-geeb.eus\/es\/wp-json\/wp\/v2\/pages\/9153","targetHints":{"allow":["GET"]}}],"collection":[{"href":"https:\/\/oves-geeb.eus\/es\/wp-json\/wp\/v2\/pages"}],"about":[{"href":"https:\/\/oves-geeb.eus\/es\/wp-json\/wp\/v2\/types\/page"}],"author":[{"embeddable":true,"href":"https:\/\/oves-geeb.eus\/es\/wp-json\/wp\/v2\/users\/1"}],"replies":[{"embeddable":true,"href":"https:\/\/oves-geeb.eus\/es\/wp-json\/wp\/v2\/comments?post=9153"}],"version-history":[{"count":1,"href":"https:\/\/oves-geeb.eus\/es\/wp-json\/wp\/v2\/pages\/9153\/revisions"}],"predecessor-version":[{"id":9154,"href":"https:\/\/oves-geeb.eus\/es\/wp-json\/wp\/v2\/pages\/9153\/revisions\/9154"}],"up":[{"embeddable":true,"href":"https:\/\/oves-geeb.eus\/es\/wp-json\/wp\/v2\/pages\/9066"}],"wp:attachment":[{"href":"https:\/\/oves-geeb.eus\/es\/wp-json\/wp\/v2\/media?parent=9153"}],"curies":[{"name":"wp","href":"https:\/\/api.w.org\/{rel}","templated":true}]}}