{"id":9122,"date":"2024-11-08T12:30:00","date_gmt":"2024-11-08T11:30:00","guid":{"rendered":"http:\/\/oves-geeb.eus\/?page_id=9122"},"modified":"2024-11-08T12:39:10","modified_gmt":"2024-11-08T11:39:10","slug":"sociedades-cooperativas-numero-de-sociedades-centros-de-cotizacion-y-sus-trabajadores-segun-regimen-de-cotizacion-por-territorios-historicos","status":"publish","type":"page","link":"https:\/\/oves-geeb.eus\/es\/actividades\/area-socio-economica\/empleo\/1-2-cooperativas\/sociedades-cooperativas-numero-de-sociedades-centros-de-cotizacion-y-sus-trabajadores-segun-regimen-de-cotizacion-por-territorios-historicos\/","title":{"rendered":"Sociedades Cooperativas. N\u00famero de sociedades, centros de cotizaci\u00f3n y sus trabajadores seg\u00fan r\u00e9gimen de cotizaci\u00f3n por Territorios Hist\u00f3ricos"},"content":{"rendered":"","protected":false},"excerpt":{"rendered":"","protected":false},"author":1,"featured_media":0,"parent":9062,"menu_order":0,"comment_status":"closed","ping_status":"closed","template":"views\/template-txostena.blade.php","meta":{"footnotes":""},"class_list":["post-9122","page","type-page","status-publish","hentry"],"acf":[],"_links":{"self":[{"href":"https:\/\/oves-geeb.eus\/es\/wp-json\/wp\/v2\/pages\/9122","targetHints":{"allow":["GET"]}}],"collection":[{"href":"https:\/\/oves-geeb.eus\/es\/wp-json\/wp\/v2\/pages"}],"about":[{"href":"https:\/\/oves-geeb.eus\/es\/wp-json\/wp\/v2\/types\/page"}],"author":[{"embeddable":true,"href":"https:\/\/oves-geeb.eus\/es\/wp-json\/wp\/v2\/users\/1"}],"replies":[{"embeddable":true,"href":"https:\/\/oves-geeb.eus\/es\/wp-json\/wp\/v2\/comments?post=9122"}],"version-history":[{"count":1,"href":"https:\/\/oves-geeb.eus\/es\/wp-json\/wp\/v2\/pages\/9122\/revisions"}],"predecessor-version":[{"id":9123,"href":"https:\/\/oves-geeb.eus\/es\/wp-json\/wp\/v2\/pages\/9122\/revisions\/9123"}],"up":[{"embeddable":true,"href":"https:\/\/oves-geeb.eus\/es\/wp-json\/wp\/v2\/pages\/9062"}],"wp:attachment":[{"href":"https:\/\/oves-geeb.eus\/es\/wp-json\/wp\/v2\/media?parent=9122"}],"curies":[{"name":"wp","href":"https:\/\/api.w.org\/{rel}","templated":true}]}}