{"id":9115,"date":"2024-11-08T12:00:00","date_gmt":"2024-11-08T11:00:00","guid":{"rendered":"http:\/\/oves-geeb.eus\/?page_id=9115"},"modified":"2024-11-08T12:19:54","modified_gmt":"2024-11-08T11:19:54","slug":"distribucion-sectorial-de-los-empleos-de-la-economia-social-vasca-por-territorio-historico-segun-forma-juridica","status":"publish","type":"page","link":"https:\/\/oves-geeb.eus\/es\/actividades\/area-socio-economica\/empleo\/1-1-cifras-agregadas-de-la-economia-social-vasca-cooperativas-y-sociedades-laborales\/distribucion-sectorial-de-los-empleos-de-la-economia-social-vasca-por-territorio-historico-segun-forma-juridica\/","title":{"rendered":"1.1.4 Distribuci\u00f3n sectorial de los empleos de la Econom\u00eda Social Vasca por Territorio Hist\u00f3rico, seg\u00fan forma jur\u00eddica"},"content":{"rendered":"","protected":false},"excerpt":{"rendered":"","protected":false},"author":1,"featured_media":0,"parent":9058,"menu_order":0,"comment_status":"closed","ping_status":"closed","template":"views\/template-txostena.blade.php","meta":{"footnotes":""},"class_list":["post-9115","page","type-page","status-publish","hentry"],"acf":[],"_links":{"self":[{"href":"https:\/\/oves-geeb.eus\/es\/wp-json\/wp\/v2\/pages\/9115","targetHints":{"allow":["GET"]}}],"collection":[{"href":"https:\/\/oves-geeb.eus\/es\/wp-json\/wp\/v2\/pages"}],"about":[{"href":"https:\/\/oves-geeb.eus\/es\/wp-json\/wp\/v2\/types\/page"}],"author":[{"embeddable":true,"href":"https:\/\/oves-geeb.eus\/es\/wp-json\/wp\/v2\/users\/1"}],"replies":[{"embeddable":true,"href":"https:\/\/oves-geeb.eus\/es\/wp-json\/wp\/v2\/comments?post=9115"}],"version-history":[{"count":2,"href":"https:\/\/oves-geeb.eus\/es\/wp-json\/wp\/v2\/pages\/9115\/revisions"}],"predecessor-version":[{"id":10436,"href":"https:\/\/oves-geeb.eus\/es\/wp-json\/wp\/v2\/pages\/9115\/revisions\/10436"}],"up":[{"embeddable":true,"href":"https:\/\/oves-geeb.eus\/es\/wp-json\/wp\/v2\/pages\/9058"}],"wp:attachment":[{"href":"https:\/\/oves-geeb.eus\/es\/wp-json\/wp\/v2\/media?parent=9115"}],"curies":[{"name":"wp","href":"https:\/\/api.w.org\/{rel}","templated":true}]}}