{"id":9046,"date":"2018-06-08T13:01:30","date_gmt":"2018-06-08T11:01:30","guid":{"rendered":"http:\/\/oves-geeb.eus\/?page_id=9046"},"modified":"2018-06-12T16:48:41","modified_gmt":"2018-06-12T14:48:41","slug":"proyectos","status":"publish","type":"page","link":"https:\/\/oves-geeb.eus\/es\/actividades\/area-cientifico-academica\/proyectos\/","title":{"rendered":"Proyectos"},"content":{"rendered":"<h2 class=\"h4\">GISKoop 1.0<\/h2>\n<p>GISKoop 1.0 es un proyecto dedicado a la aplicaci\u00f3n de un Sistema de Informaci\u00f3n Geogr\u00e1fica (SIG) para mostrar la realidad del movimiento cooperativo. Dicha herramienta consta de tres elementos fundamentales con un gran componente georeferencial y estad\u00edstico, posibilitando adem\u00e1s de ubicar cada entidad mediante sus coordenadas en su entorno, la explotaci\u00f3n de informaci\u00f3n referente a ellas, entidades y entorno, con sencillez y altas prestaciones. Los tres componentes son:<\/p>\n<ul>\n<li>Repositorio General de Informaci\u00f3n.<\/li>\n<li>Herramientas de Explotaci\u00f3n.<\/li>\n<li>Expositor On-line: <a href=\"http:\/\/www.atlaskoop.com\" target=\"_blank\" rel=\"noopener\">www.atlaskoop.com<\/a><\/li>\n<\/ul>\n","protected":false},"excerpt":{"rendered":"<p>GISKoop 1.0 GISKoop 1.0 es un proyecto dedicado a la aplicaci\u00f3n de un Sistema de Informaci\u00f3n Geogr\u00e1fica (SIG) para mostrar la realidad del movimiento cooperativo. Dicha herramienta consta de tres elementos fundamentales con un gran componente georeferencial y estad\u00edstico, posibilitando adem\u00e1s de ubicar cada entidad mediante sus coordenadas en su entorno, la explotaci\u00f3n de informaci\u00f3n &hellip; <a href=\"https:\/\/oves-geeb.eus\/es\/actividades\/area-cientifico-academica\/proyectos\/\">Continuar leyendo<\/a><\/p>\n","protected":false},"author":1,"featured_media":0,"parent":9028,"menu_order":0,"comment_status":"closed","ping_status":"closed","template":"","meta":{"footnotes":""},"class_list":["post-9046","page","type-page","status-publish","hentry"],"acf":[],"_links":{"self":[{"href":"https:\/\/oves-geeb.eus\/es\/wp-json\/wp\/v2\/pages\/9046","targetHints":{"allow":["GET"]}}],"collection":[{"href":"https:\/\/oves-geeb.eus\/es\/wp-json\/wp\/v2\/pages"}],"about":[{"href":"https:\/\/oves-geeb.eus\/es\/wp-json\/wp\/v2\/types\/page"}],"author":[{"embeddable":true,"href":"https:\/\/oves-geeb.eus\/es\/wp-json\/wp\/v2\/users\/1"}],"replies":[{"embeddable":true,"href":"https:\/\/oves-geeb.eus\/es\/wp-json\/wp\/v2\/comments?post=9046"}],"version-history":[{"count":3,"href":"https:\/\/oves-geeb.eus\/es\/wp-json\/wp\/v2\/pages\/9046\/revisions"}],"predecessor-version":[{"id":9598,"href":"https:\/\/oves-geeb.eus\/es\/wp-json\/wp\/v2\/pages\/9046\/revisions\/9598"}],"up":[{"embeddable":true,"href":"https:\/\/oves-geeb.eus\/es\/wp-json\/wp\/v2\/pages\/9028"}],"wp:attachment":[{"href":"https:\/\/oves-geeb.eus\/es\/wp-json\/wp\/v2\/media?parent=9046"}],"curies":[{"name":"wp","href":"https:\/\/api.w.org\/{rel}","templated":true}]}}