{"id":9044,"date":"2018-06-08T13:01:18","date_gmt":"2018-06-08T11:01:18","guid":{"rendered":"http:\/\/oves-geeb.eus\/?page_id=9044"},"modified":"2022-07-07T11:14:14","modified_gmt":"2022-07-07T09:14:14","slug":"guia-de-redes-y-recursos-de-investigacion","status":"publish","type":"page","link":"https:\/\/oves-geeb.eus\/es\/actividades\/area-cientifico-academica\/guia-de-redes-y-recursos-de-investigacion\/","title":{"rendered":"Gu\u00eda de redes y Recursos de investigaci\u00f3n"},"content":{"rendered":"<h2 class=\"h4\">RECURSOS DE INVESTIGACI\u00d3N<\/h2>\n<p><a href=\"\/wp-content\/uploads\/2018\/06\/01._Aurkibidea_AldizkariakSareak.pdf\"><strong>GU\u00cdA<\/strong> que recopila recursos para la investigaci\u00f3n de la Econom\u00eda Social<\/a><\/p>\n<h2 class=\"h4\">FICHA REVISTAS CIENT\u00cdFICO-ACAD\u00c9MICAS<\/h2>\n<p>Ficha que recoge link a la publicaci\u00f3n, frecuencia de publicaci\u00f3n, editorial y breve descripci\u00f3n<\/p>\n<ul>\n<li><a href=\"\/wp-content\/uploads\/2018\/06\/ANNALS.pdf\">Annals of Public and Cooperative Economics<\/a><\/li>\n<li><a href=\"\/wp-content\/uploads\/2018\/06\/CIRIEC-Economia1.pdf\">CIRIEC-Espa\u00f1a- Revista de Econom\u00eda P\u00fablica, Social y Cooperativa<\/a><\/li>\n<li><a href=\"\/wp-content\/uploads\/2018\/06\/CIRIEC-Juridica.pdf\">CIRIEC-Espa\u00f1a- Revista jur\u00eddica de Econom\u00eda Social y Cooperativa<\/a><\/li>\n<li><a href=\"\/wp-content\/uploads\/2018\/06\/Economic_and_Industrial_Democracy.pdf\">Economic and Industrial Democracy<\/a><\/li>\n<li><a href=\"\/wp-content\/uploads\/2018\/06\/Ekonomiaz.pdf\">Ekonomiaz. Ekonomia euskal aldizkaria<\/a><\/li>\n<li><a href=\"https:\/\/dialnet.unirioja.es\/servlet\/revista?codigo=2031\">Estudios financieros. Revista de trabajo y seguridad social<\/a><\/li>\n<li><a href=\"\/wp-content\/uploads\/2018\/06\/Housing_studies.pdf\">Housing Studies<\/a><\/li>\n<li><a href=\"https:\/\/www.upo.es\/revistas\/index.php\/lex_social\">Lex Social: Revista de Derechos Sociales<\/a><\/li>\n<li><a href=\"\/wp-content\/uploads\/2018\/06\/NONPROFIT_AND_VOLUNTARY_SECTOR_QUARTERLY.pdf\">Nonprofit and Voluntary Sector Quarterly<\/a><\/li>\n<li><a href=\"\/wp-content\/uploads\/2018\/06\/OTRA_ECONOMIA.pdf\">Otra Econom\u00eda- Revista latinoamericana de Econom\u00eda Social y Solidaria<\/a><\/li>\n<li><a href=\"\/wp-content\/uploads\/2018\/06\/RECMA.pdf\">RECMA- Revue internationale de L`\u00e9conomie Sociale<\/a><\/li>\n<li><a href=\"https:\/\/dialnet.unirioja.es\/servlet\/revista?codigo=1107\">Relaciones Laborales. Revista cr\u00edtica de teor\u00eda y pr\u00e1ctica<\/a><\/li>\n<li><a href=\"\/wp-content\/uploads\/2018\/06\/REVES.pdf\">REVES\/GEEA- Revista vasca de Econom\u00eda Social<\/a><\/li>\n<li><a href=\"\/wp-content\/uploads\/2018\/06\/REVESCO.pdf\">REVESCO- Revista de estudios cooperativos<\/a><\/li>\n<li><a href=\"\/wp-content\/uploads\/2018\/06\/Revista_de_Administracion_Publica.pdf\">Revista de Administraci\u00f3n P\u00fablica<\/a><\/li>\n<li><a href=\"https:\/\/dialnet.unirioja.es\/servlet\/revista?codigo=283\">Revista de Derecho Administrativo<\/a><\/li>\n<li><a href=\"\/wp-content\/uploads\/2018\/06\/Revista_de_Direccion_y_Administracion_de_empresas.pdf\">Revista de Direcci\u00f3n y Administraci\u00f3n de Empresas<\/a><\/li>\n<li><a href=\"\/wp-content\/uploads\/2018\/06\/Revista_de_Economia_Mundial.pdf\">Revista de Econom\u00eda Mundial<\/a><\/li>\n<li><a href=\"https:\/\/dialnet.unirioja.es\/servlet\/revista?codigo=5681\">Revista general de Derecho del Trabajo y de la Seguridad Social<\/a><\/li>\n<li><a href=\"\/wp-content\/uploads\/2018\/06\/SEJ.pdf\">SEJ- Social Enterprise Journal<\/a><\/li>\n<li><a href=\"https:\/\/dialnet.unirioja.es\/servlet\/revista?codigo=22997\">Trabajo y Derecho: nueva revista de actualidad y relaciones laborales<\/a><\/li>\n<li><a href=\"\/wp-content\/uploads\/2018\/06\/Uztaro._Giza_eta_Gizarte_zientzien_aldizkaria.pdf\">Uztaro. Giza eta gizarte zientzien aldizkaria<\/a><\/li>\n<li><a href=\"\/wp-content\/uploads\/2018\/06\/VOLUNTAS.pdf\">VOLUNTAS- International journal of voluntary and nonprofit organizations<\/a><\/li>\n<\/ul>\n","protected":false},"excerpt":{"rendered":"<p>RECURSOS DE INVESTIGACI\u00d3N GU\u00cdA que recopila recursos para la investigaci\u00f3n de la Econom\u00eda Social FICHA REVISTAS CIENT\u00cdFICO-ACAD\u00c9MICAS Ficha que recoge link a la publicaci\u00f3n, frecuencia de publicaci\u00f3n, editorial y breve descripci\u00f3n Annals of Public and Cooperative Economics CIRIEC-Espa\u00f1a- Revista de Econom\u00eda P\u00fablica, Social y Cooperativa CIRIEC-Espa\u00f1a- Revista jur\u00eddica de Econom\u00eda Social y Cooperativa Economic and &hellip; <a href=\"https:\/\/oves-geeb.eus\/es\/actividades\/area-cientifico-academica\/guia-de-redes-y-recursos-de-investigacion\/\">Continuar leyendo<\/a><\/p>\n","protected":false},"author":1,"featured_media":0,"parent":9028,"menu_order":0,"comment_status":"closed","ping_status":"closed","template":"","meta":{"footnotes":""},"class_list":["post-9044","page","type-page","status-publish","hentry"],"acf":[],"_links":{"self":[{"href":"https:\/\/oves-geeb.eus\/es\/wp-json\/wp\/v2\/pages\/9044","targetHints":{"allow":["GET"]}}],"collection":[{"href":"https:\/\/oves-geeb.eus\/es\/wp-json\/wp\/v2\/pages"}],"about":[{"href":"https:\/\/oves-geeb.eus\/es\/wp-json\/wp\/v2\/types\/page"}],"author":[{"embeddable":true,"href":"https:\/\/oves-geeb.eus\/es\/wp-json\/wp\/v2\/users\/1"}],"replies":[{"embeddable":true,"href":"https:\/\/oves-geeb.eus\/es\/wp-json\/wp\/v2\/comments?post=9044"}],"version-history":[{"count":3,"href":"https:\/\/oves-geeb.eus\/es\/wp-json\/wp\/v2\/pages\/9044\/revisions"}],"predecessor-version":[{"id":13918,"href":"https:\/\/oves-geeb.eus\/es\/wp-json\/wp\/v2\/pages\/9044\/revisions\/13918"}],"up":[{"embeddable":true,"href":"https:\/\/oves-geeb.eus\/es\/wp-json\/wp\/v2\/pages\/9028"}],"wp:attachment":[{"href":"https:\/\/oves-geeb.eus\/es\/wp-json\/wp\/v2\/media?parent=9044"}],"curies":[{"name":"wp","href":"https:\/\/api.w.org\/{rel}","templated":true}]}}