{"id":9040,"date":"2018-06-08T13:00:21","date_gmt":"2018-06-08T11:00:21","guid":{"rendered":"http:\/\/oves-geeb.eus\/?page_id=9040"},"modified":"2024-07-15T15:57:00","modified_gmt":"2024-07-15T13:57:00","slug":"iniciativas-politicas","status":"publish","type":"page","link":"https:\/\/oves-geeb.eus\/es\/actividades\/area-juridico-politica\/iniciativas-politicas\/","title":{"rendered":"Iniciativas Pol\u00edticas"},"content":{"rendered":"<h2>\u00daLTIMAS INICIATIVAS POL\u00cdTICAS<\/h2>\n<ul>\n<li><a href=\"https:\/\/www.euskadi.eus\/contenidos\/plan_gubernamental\/08_planest_xiileg\/es_def\/adjuntos\/Economia-Circular-y-Bioeconomia-WEB.pdf\">Plan de econom\u00eda circula y bioeconom\u00eda 2024<\/a><\/li>\n<li><a href=\"https:\/\/www.boe.es\/eli\/es\/o\/2023\/07\/22\/tes869\">Plan Integral de Impulso de la Econom\u00eda Social\u00a0<\/a><\/li>\n<li><a href=\"https:\/\/prensa.mites.gob.es\/WebPrensa\/noticias\/laboral\/detalle\/4261\">Manifiesto de San Sebastian sobre Econom\u00eda Social 2023<\/a><\/li>\n<li><a href=\"https:\/\/www.cepes.es\/files\/docs\/recomendacion-consejo-economia-social2023.pdf\">Recomendaci\u00f3n del Consejo sobre el desarrollo de condiciones marco para la econom\u00eda social 2023 (13287\/ 23)<\/a><\/li>\n<li><a href=\"https:\/\/www.cepes.es\/files\/docs\/estrategia-espaola-de-economia-social-20232027.pdf\">Estrategia Espa\u00f1ola de Econom\u00eda Social 2023-2027<\/a><\/li>\n<li><a href=\"https:\/\/documents-dds-ny.un.org\/doc\/UNDOC\/LTD\/N23\/086\/75\/PDF\/N2308675.pdf?OpenElement\">Resoluci\u00f3n de la ONU: Promover la econom\u00eda social y solidaria para el desarrollo (2023)<\/a><\/li>\n<li><a href=\"https:\/\/www.euskadi.eus\/contenidos\/noticia\/plan_eco_social_2022\/es_def\/adjuntos\/E5213-ECONOMIA-SOCIAL-INFF_PEIES-26-de-abril-2022.pdf\">Plan Estrat\u00e9gico Interdepartamental de Econom\u00eda Social 2021-2024<\/a><\/li>\n<li><a href=\"file:\/\/\/C:\/Users\/aetxebarria023\/Downloads\/archivo_5c5c490e9c49f.pdf\">Plan de Acci\u00f3n Europeo de Econom\u00eda Social<\/a><\/li>\n<li><a href=\"https:\/\/www.euskadi.eus\/contenidos\/documentacion\/impacto_covid_2021\/es_def\/Evaluacion-de-impacto-del-COVID-19-en-las-EPSV-2021.pdf\">GV-EJ, Direcci\u00f3n Pol\u00edtica Financiera, Departamento de Econom\u00eda y Hacienda (2022). EVALUACI\u00d3N DEL IMPACTO DE LA COVID-19 EN LAS EPSV (DESEMPLEO-ERTE, RESCATES Y APORTACIONES. 2021<\/a><\/li>\n<li><a href=\"https:\/\/www.ilo.org\/wcmsp5\/groups\/public\/---ed_norm\/---relconf\/documents\/meetingdocument\/wcms_848074.pdf\">ILO, Informes de la Comisi\u00f3n de la Discusi\u00f3n General: Trabajo decente y econom\u00eda social y solidaria. Propuesta de resoluci\u00f3n y conclusiones presentadas a la Conferencia para su aprobaci\u00f3n<\/a><\/li>\n<li><a href=\"https:\/\/legalinstruments.oecd.org\/api\/download\/?uri=\/public\/9fb3ff40-8e07-42d9-9b23-c6973bb506dd.pdf\">OCDE. Recomendaci\u00f3n del Consejo sobre la Econom\u00eda Social y Solidaria y la Innovaci\u00f3n Social<\/a><\/li>\n<li><a href=\"https:\/\/cpage.mpr.gob.es\/producto\/manifiesto-de-la-economia-social-2\/\">Gobierno de Espa\u00f1a, Ministerio de Trabajo y Econom\u00eda Social. Manifiesto de la Econom\u00eda Social. X Aniversario de la Ley 5\/2011, de 29 de marzo, de Econom\u00eda Social<\/a><\/li>\n<li><a href=\"https:\/\/www.lamoncloa.gob.es\/consejodeministros\/resumenes\/Documents\/2022\/210622-perte-economia-social-y-de-los-cuidados-memoria-completa.pdf\">Gobierno de Espa\u00f1a. PERTE de Econom\u00eda Social y de los cuidados.<\/a><\/li>\n<\/ul>\n<h2>INICIATIVAS POL\u00cdTICAS DE A\u00d1OS ANTERIORES<\/h2>\n<ul>\n<li><a href=\"https:\/\/drive.google.com\/file\/d\/1bFtTcs3OOoedxxdDtipvnIiOXdyT2Btu\/view\">El papel de la Econom\u00eda Social y Solidaria en la era Post Covid-19. UNTFSSE, Naciones Unidas. 2020<\/a><\/li>\n<li><a href=\"https:\/\/www.agenda2030.gob.es\/sites\/default\/files\/INFORME_PROGRESO_2030.pdf\"><strong>Informe de Progreso.<\/strong> La implementaci\u00f3n de la Agenda 2030 en Espa\u00f1a, 2019<\/a><\/li>\n<li><a href=\"https:\/\/www.ilo.org\/wcmsp5\/groups\/public\/---ed_norm\/---relconf\/documents\/meetingdocument\/wcms_711290.pdf\"><strong>Declaraci\u00f3n del Centenario de la OIT<\/strong> para el Futuro del Trabajo, 2019<\/a><\/li>\n<li><a href=\"file:\/\/\/C:\/Users\/aetxebarria023\/Downloads\/archivo_5d3ade1523de7%20(1).pdf\"><strong>DICTAMEN CESE:<\/strong> Dictamen INT\/880 &#8220;La tecnolog\u00eda de cadena de bloques y registros distribuidos: una infraestructura ideal para la econom\u00eda social&#8221;<\/a><\/li>\n<li><strong>DICTAMEN CESE:<\/strong> <a href=\"http:\/\/www.observatorioeconomiasocial.es\/media\/archivos2012\/DictamenCESE_MarcoJuridico.pdf\">Dictamen INT\/871 &#8220;Hacia un marco jur\u00eddico europeo adaptado para las empresas de la econom\u00eda social&#8221;<\/a><\/li>\n<li><strong>DICTAMEN CESE:<\/strong> <a href=\"http:\/\/observatorioeconomiasocial.es\/actualidad-observatorio.php?id=4230\">Dictamen INT\/875 \u2018La contribuci\u00f3n de las empresas de la econom\u00eda social a una Europa m\u00e1s cohesionada y democr\u00e1tica\u2019<\/a><\/li>\n<li><strong>Social Economy Europe<\/strong> (2018). <a href=\"http:\/\/ciriec.es\/wp-content\/uploads\/2018\/11\/SEE_Hacia_Plan_Accion_Economia_Social.pdf\">El futuro de las pol\u00edticas europeas para la Econom\u00eda Social: Hacia un Plan de Acci\u00f3n<\/a><\/li>\n<li><a href=\"https:\/\/www.boe.es\/diario_boe\/txt.php?id=BOE-A-2018-3857\"><strong>Estrategia Nacional de Econom\u00eda Social 2017-2020<\/strong><\/a><\/li>\n<li><a href=\"\/wp-content\/uploads\/2018\/06\/Dictamen-CESE-Distintos-tipos-de-empresa.pdf\">Dictamen del <strong>Comit\u00e9 Econ\u00f3mico y Social Europeo<\/strong>, sobre <strong>&#8220;La dimensi\u00f3n exterior de la Econom\u00eda Social&#8221;<\/strong>, aprobado el 5 de julio de 2017<\/a><\/li>\n<li><a href=\"\/wp-content\/uploads\/2018\/06\/Declaracion_de_Madrid.pdf\"><strong>Declaraci\u00f3n de Madrid<\/strong>, la Econom\u00eda Social un modelo empresarial para el futuro de Europa, de 23 de mayo de 2017<\/a><\/li>\n<li><a href=\"http:\/\/www.europarl.europa.eu\/sides\/getDoc.do?pubRef=-\/\/EP\/\/NONSGML+TA+P8-TA-2017-0010+0+DOC+PDF+V0\/\/ES\"><strong>Resoluci\u00f3n del Parlamento Europeo<\/strong>, de 19 de enero de 2017, sobre un<strong> pilar europeo de derechos sociales<\/strong><\/a><\/li>\n<li><a href=\"http:\/\/www.irekia.euskadi.eus\/uploads\/attachments\/8137\/Kooperatiben_Lege-proiektua.pdf?1464081338\"><strong>Anteproyecto de Ley de Cooperativas<\/strong> de Euskadi<\/a><\/li>\n<li><a href=\"http:\/\/data.consilium.europa.eu\/doc\/document\/ST-15071-2015-INIT\/es\/pdf\"><strong>Conclusiones<\/strong> del Consejo de la UE sobre <strong>fomento de la Econom\u00eda Social<\/strong>, 7\/12\/2015<\/a><\/li>\n<li><a href=\"http:\/\/www.empleo.gob.es\/es\/sec_trabajo\/autonomos\/economia-soc\/NoticiasDoc\/NoticiasPortada\/Programa_Fomento_e_Impulso_de_la_Economxa_Social.pdf\">Programa de <strong>Fomento e Impulso de la Econom\u00eda Social<\/strong> 2015-2016<\/a><\/li>\n<li><a href=\"http:\/\/www.observatorioeconomiasocial.es\/media\/archivos2012\/Declaracion_Murcia_2015.pdf\"><strong>Declaraci\u00f3n de Murcia<\/strong> 20\/7\/2015<\/a><\/li>\n<li><a href=\"http:\/\/www.empleo.gob.es\/es\/sec_trabajo\/Autonomos\/economia-soc\/noticias\/index.htm\"><strong>Programa de Fomento e Impulso de la econom\u00eda social 2015-2016.<\/strong> Direcci\u00f3n General del Trabajo Aut\u00f3nomo, de la Econom\u00eda Social y la Responsabilidad Social de las empresas, Ministerio de Empleo y Seguridad Social<\/a><\/li>\n<li><a href=\"http:\/\/www.europarl.europa.eu\/committees\/en\/supporting-analyses-search.html\"><strong><em>Study on Social Economy 2015<\/em><\/strong>, Parlamento Europeo<\/a><\/li>\n<li><a href=\"http:\/\/www.europarl.europa.eu\/sides\/getDoc.do?pubRef=-\/\/EP\/\/TEXT+TA+20090219+ITEMS+DOC+XML+V0\/\/ES&amp;language=ES#sdocta5\" target=\"_blank\" rel=\"noopener\"><strong>Resoluci\u00f3n del Parlamento Europeo<\/strong>, de 19 de febrero de 2009, sobre Econom\u00eda Social (1008\/2250(INI))<\/a><\/li>\n<li><a href=\"\/wp-content\/uploads\/2018\/06\/Dictamen-CESE-Distintos-tipos-de-empresa.pdf\" target=\"_blank\" rel=\"noopener\"><strong>Dictamen<\/strong> del Comit\u00e9 Econ\u00f3mico y Social Europeo sobre el tema &#8220;Distintos tipos de Empresa&#8221; (Dictamen de iniciativa) (INT\/447) (pdf &#8211; 182 Kb)<\/a><\/li>\n<li><a href=\"\/wp-content\/uploads\/2018\/06\/Resolucio\u0301n-ONU-2012-AIC.pdf\" target=\"_blank\" rel=\"noopener\"><strong>Resoluci\u00f3n<\/strong> aprobada por la Asamblea General de Naciones Unidas del 11 de febrero de 2011. A\/64\/136 Las cooperativas en el desarrollo social<\/a><\/li>\n<\/ul>\n","protected":false},"excerpt":{"rendered":"<p>\u00daLTIMAS INICIATIVAS POL\u00cdTICAS Plan de econom\u00eda circula y bioeconom\u00eda 2024 Plan Integral de Impulso de la Econom\u00eda Social\u00a0 Manifiesto de San Sebastian sobre Econom\u00eda Social 2023 Recomendaci\u00f3n del Consejo sobre el desarrollo de condiciones marco para la econom\u00eda social 2023 (13287\/ 23) Estrategia Espa\u00f1ola de Econom\u00eda Social 2023-2027 Resoluci\u00f3n de la ONU: Promover la econom\u00eda &hellip; <a href=\"https:\/\/oves-geeb.eus\/es\/actividades\/area-juridico-politica\/iniciativas-politicas\/\">Continuar leyendo<\/a><\/p>\n","protected":false},"author":1,"featured_media":0,"parent":9026,"menu_order":0,"comment_status":"closed","ping_status":"closed","template":"","meta":{"footnotes":""},"class_list":["post-9040","page","type-page","status-publish","hentry"],"acf":[],"_links":{"self":[{"href":"https:\/\/oves-geeb.eus\/es\/wp-json\/wp\/v2\/pages\/9040","targetHints":{"allow":["GET"]}}],"collection":[{"href":"https:\/\/oves-geeb.eus\/es\/wp-json\/wp\/v2\/pages"}],"about":[{"href":"https:\/\/oves-geeb.eus\/es\/wp-json\/wp\/v2\/types\/page"}],"author":[{"embeddable":true,"href":"https:\/\/oves-geeb.eus\/es\/wp-json\/wp\/v2\/users\/1"}],"replies":[{"embeddable":true,"href":"https:\/\/oves-geeb.eus\/es\/wp-json\/wp\/v2\/comments?post=9040"}],"version-history":[{"count":19,"href":"https:\/\/oves-geeb.eus\/es\/wp-json\/wp\/v2\/pages\/9040\/revisions"}],"predecessor-version":[{"id":16758,"href":"https:\/\/oves-geeb.eus\/es\/wp-json\/wp\/v2\/pages\/9040\/revisions\/16758"}],"up":[{"embeddable":true,"href":"https:\/\/oves-geeb.eus\/es\/wp-json\/wp\/v2\/pages\/9026"}],"wp:attachment":[{"href":"https:\/\/oves-geeb.eus\/es\/wp-json\/wp\/v2\/media?parent=9040"}],"curies":[{"name":"wp","href":"https:\/\/api.w.org\/{rel}","templated":true}]}}