{"id":9036,"date":"2018-06-08T12:59:37","date_gmt":"2018-06-08T10:59:37","guid":{"rendered":"http:\/\/oves-geeb.eus\/?page_id=9036"},"modified":"2018-06-11T12:11:45","modified_gmt":"2018-06-11T10:11:45","slug":"marco-juridico","status":"publish","type":"page","link":"https:\/\/oves-geeb.eus\/es\/actividades\/area-juridico-politica\/marco-juridico\/","title":{"rendered":"Marco Jur\u00eddico"},"content":{"rendered":"<h2 class=\"h4 subheader\">Marco Jur\u00eddico vigente en la Comunidad Aut\u00f3noma del Pa\u00eds Vasco<\/h2>\n<h3 class=\"h4\"><a href=\"https:\/\/oves-geeb.eus\/es\/actividades\/area-juridico-politica\/marco-juridico\/legislacion-europea-y-estatal\/\">1. Legislaci\u00f3n Europea y Estatal<\/a><\/h3>\n<h3 class=\"h4\"><a href=\"https:\/\/oves-geeb.eus\/es\/actividades\/area-juridico-politica\/marco-juridico\/legislacion-autonomica\/\">2. Legislaci\u00f3n Auton\u00f3mica<\/a><\/h3>\n<h3 class=\"h4\"><a href=\"https:\/\/oves-geeb.eus\/es\/actividades\/area-juridico-politica\/marco-juridico\/normas-y-decretos-forales-de-los-territorios-historicos\/\">3. Normas y Decretos Forales de los Territorios Hist\u00f3ricos<\/a><\/h3>\n<h3 class=\"h4\"><a href=\"https:\/\/oves-geeb.eus\/es\/actividades\/area-juridico-politica\/marco-juridico\/jurisprudencia\/\">4. Jurisprudencia<\/a><\/h3>\n<h3 class=\"h4\"><a href=\"https:\/\/oves-geeb.eus\/es\/informes-juridicos\/\">5. Informes Jur\u00eddicos<\/a><\/h3>\n","protected":false},"excerpt":{"rendered":"<p>Marco Jur\u00eddico vigente en la Comunidad Aut\u00f3noma del Pa\u00eds Vasco 1. Legislaci\u00f3n Europea y Estatal 2. Legislaci\u00f3n Auton\u00f3mica 3. Normas y Decretos Forales de los Territorios Hist\u00f3ricos 4. Jurisprudencia 5. Informes Jur\u00eddicos<\/p>\n","protected":false},"author":1,"featured_media":0,"parent":9026,"menu_order":0,"comment_status":"closed","ping_status":"closed","template":"","meta":{"footnotes":""},"class_list":["post-9036","page","type-page","status-publish","hentry"],"acf":[],"_links":{"self":[{"href":"https:\/\/oves-geeb.eus\/es\/wp-json\/wp\/v2\/pages\/9036","targetHints":{"allow":["GET"]}}],"collection":[{"href":"https:\/\/oves-geeb.eus\/es\/wp-json\/wp\/v2\/pages"}],"about":[{"href":"https:\/\/oves-geeb.eus\/es\/wp-json\/wp\/v2\/types\/page"}],"author":[{"embeddable":true,"href":"https:\/\/oves-geeb.eus\/es\/wp-json\/wp\/v2\/users\/1"}],"replies":[{"embeddable":true,"href":"https:\/\/oves-geeb.eus\/es\/wp-json\/wp\/v2\/comments?post=9036"}],"version-history":[{"count":7,"href":"https:\/\/oves-geeb.eus\/es\/wp-json\/wp\/v2\/pages\/9036\/revisions"}],"predecessor-version":[{"id":9470,"href":"https:\/\/oves-geeb.eus\/es\/wp-json\/wp\/v2\/pages\/9036\/revisions\/9470"}],"up":[{"embeddable":true,"href":"https:\/\/oves-geeb.eus\/es\/wp-json\/wp\/v2\/pages\/9026"}],"wp:attachment":[{"href":"https:\/\/oves-geeb.eus\/es\/wp-json\/wp\/v2\/media?parent=9036"}],"curies":[{"name":"wp","href":"https:\/\/api.w.org\/{rel}","templated":true}]}}