{"id":9034,"date":"2018-06-08T12:59:14","date_gmt":"2018-06-08T10:59:14","guid":{"rendered":"http:\/\/oves-geeb.eus\/?page_id=9034"},"modified":"2020-07-14T11:01:02","modified_gmt":"2020-07-14T09:01:02","slug":"datos-economicos","status":"publish","type":"page","link":"https:\/\/oves-geeb.eus\/es\/actividades\/area-socio-economica\/datos-economicos\/","title":{"rendered":"Datos Econ\u00f3micos"},"content":{"rendered":"<h4>3.1. Cifras agregadas de la Econom\u00eda Social Vasca (Cooperativas y Sociedades Laborales):<\/h4>\n<ul>\n<li><a href=\"https:\/\/oves-geeb.eus\/es\/actividades\/area-socio-economica\/datos-economicos\/3-1-cifras-agregadas-de-la-economia-social-vasca-cooperativas-y-sociedades-laborales\/valor-anadido-bruto\/\">Valor A\u00f1adido Bruto<\/a>.<\/li>\n<li><a href=\"https:\/\/oves-geeb.eus\/es\/actividades\/area-socio-economica\/datos-economicos\/3-1-cifras-agregadas-de-la-economia-social-vasca-cooperativas-y-sociedades-laborales\/productividad-aparente\/\">Productividad aparente<\/a>.<\/li>\n<li><a href=\"https:\/\/oves-geeb.eus\/es\/actividades\/area-socio-economica\/datos-economicos\/3-1-cifras-agregadas-de-la-economia-social-vasca-cooperativas-y-sociedades-laborales\/participacion-en-el-producto-interior-bruto\/\">Participaci\u00f3n en el Producto Interior Bruto<\/a>.<\/li>\n<li><a href=\"https:\/\/oves-geeb.eus\/es\/actividades\/area-socio-economica\/datos-economicos\/3-1-cifras-agregadas-de-la-economia-social-vasca-cooperativas-y-sociedades-laborales\/cuenta-de-perdidas-y-ganancias\/\">Cuenta de resultados<\/a>.<\/li>\n<\/ul>\n<h4>3.2. Centros Especiales de Empleo:<\/h4>\n<ul>\n<li><a href=\"https:\/\/oves-geeb.eus\/es\/actividades\/area-socio-economica\/datos-economicos\/3-2-centros-especiales-de-empleo\/cuenta-de-perdidas-y-ganancias\/\">Cuenta de resultados de los Centros Especiales de Empleo<\/a>.<\/li>\n<\/ul>\n<h4>3.3. Empresas de Inserci\u00f3n:<\/h4>\n<ul>\n<li><a href=\"https:\/\/oves-geeb.eus\/es\/actividades\/area-socio-economica\/datos-economicos\/3-3-empresas-de-insercion\/fuentes-de-ingresos-de-las-empresas-de-insercion-asociadas-a-gizatea-asociacion-de-empresas-de-insercion-del-pais-vasco\/\">Ingresos de las Empresas de Inserci\u00f3n asociadas a GIZATEA (Asociaci\u00f3n de Empresas de Inserci\u00f3n del Pa\u00eds Vasco).<\/a><\/li>\n<\/ul>\n<h4>3.4. Cooperativas de Cr\u00e9dito:<\/h4>\n<ul>\n<li><a href=\"https:\/\/oves-geeb.eus\/es\/actividades\/area-socio-economica\/datos-economicos\/3-4-cooperativas-de-credito\/cuenta-de-perdidas-y-ganancias-de-las-cooperativas-de-credito-del-pais-vasco\/\">Cuenta de resultados de las Cooperativas de Cr\u00e9dito.<\/a><\/li>\n<\/ul>\n<h4>3.5. Entidades de Previsi\u00f3n Social Voluntaria:<\/h4>\n<ul>\n<li><a href=\"https:\/\/oves-geeb.eus\/es\/actividades\/area-socio-economica\/datos-economicos\/3-5-mutualidades-de-prevision-social\/patrimonio-cuotas-e-inversiones-en-las-mutualidades-de-prevision-social-entidades-de-prevision-social-voluntaria-de-euskadi\/\">Patrimonio, cuotas e inversiones de las Entidades de Previsi\u00f3n Social Voluntarias.<\/a><\/li>\n<\/ul>\n<h4>3.6. Sociedades de Garant\u00eda Rec\u00edproca:<\/h4>\n<ul>\n<li><a href=\"https:\/\/oves-geeb.eus\/es\/actividades\/area-socio-economica\/datos-economicos\/3-6-sociedades-de-garantia-reciproca-de-empresas-de-economia-social\/cuenta-de-perdidas-y-ganacias-de-las-sociedades-de-garantia-reciproca-de-empresas-de-economia-social\/\">Cuenta de resultados de las Sociedades de Garant\u00eda Rec\u00edproca de la Econom\u00eda Social<\/a>.<\/li>\n<\/ul>\n","protected":false},"excerpt":{"rendered":"<p>3.1. Cifras agregadas de la Econom\u00eda Social Vasca (Cooperativas y Sociedades Laborales): Valor A\u00f1adido Bruto. Productividad aparente. Participaci\u00f3n en el Producto Interior Bruto. Cuenta de resultados. 3.2. Centros Especiales de Empleo: Cuenta de resultados de los Centros Especiales de Empleo. 3.3. Empresas de Inserci\u00f3n: Ingresos de las Empresas de Inserci\u00f3n asociadas a GIZATEA (Asociaci\u00f3n de &hellip; <a href=\"https:\/\/oves-geeb.eus\/es\/actividades\/area-socio-economica\/datos-economicos\/\">Continuar leyendo<\/a><\/p>\n","protected":false},"author":1,"featured_media":0,"parent":9024,"menu_order":0,"comment_status":"closed","ping_status":"closed","template":"","meta":{"footnotes":""},"class_list":["post-9034","page","type-page","status-publish","hentry"],"acf":[],"_links":{"self":[{"href":"https:\/\/oves-geeb.eus\/es\/wp-json\/wp\/v2\/pages\/9034","targetHints":{"allow":["GET"]}}],"collection":[{"href":"https:\/\/oves-geeb.eus\/es\/wp-json\/wp\/v2\/pages"}],"about":[{"href":"https:\/\/oves-geeb.eus\/es\/wp-json\/wp\/v2\/types\/page"}],"author":[{"embeddable":true,"href":"https:\/\/oves-geeb.eus\/es\/wp-json\/wp\/v2\/users\/1"}],"replies":[{"embeddable":true,"href":"https:\/\/oves-geeb.eus\/es\/wp-json\/wp\/v2\/comments?post=9034"}],"version-history":[{"count":8,"href":"https:\/\/oves-geeb.eus\/es\/wp-json\/wp\/v2\/pages\/9034\/revisions"}],"predecessor-version":[{"id":11621,"href":"https:\/\/oves-geeb.eus\/es\/wp-json\/wp\/v2\/pages\/9034\/revisions\/11621"}],"up":[{"embeddable":true,"href":"https:\/\/oves-geeb.eus\/es\/wp-json\/wp\/v2\/pages\/9024"}],"wp:attachment":[{"href":"https:\/\/oves-geeb.eus\/es\/wp-json\/wp\/v2\/media?parent=9034"}],"curies":[{"name":"wp","href":"https:\/\/api.w.org\/{rel}","templated":true}]}}