{"id":9032,"date":"2018-06-08T12:59:00","date_gmt":"2018-06-08T10:59:00","guid":{"rendered":"http:\/\/oves-geeb.eus\/?page_id=9032"},"modified":"2020-07-14T11:02:55","modified_gmt":"2020-07-14T09:02:55","slug":"entidades","status":"publish","type":"page","link":"https:\/\/oves-geeb.eus\/es\/actividades\/area-socio-economica\/entidades\/","title":{"rendered":"Entidades"},"content":{"rendered":"<h4><a href=\"https:\/\/oves-geeb.eus\/es\/actividades\/area-socio-economica\/entidades\/2-1-cifras-agregadas-de-la-economia-social-vasca-cooperativas-y-sociedades-laborales\/\">2.1. Cifras agregadas de la Econom\u00eda Social Vasca (Cooperativas y Sociedades Laborales)<\/a><\/h4>\n<h4>2.2. Cooperativas:<\/h4>\n<ul>\n<li><a href=\"https:\/\/oves-geeb.eus\/es\/actividades\/area-socio-economica\/entidades\/2-2-cooperativas\/numero-de-cooperativas-constituidas-y-socios-iniciales-por-clase-y-territorio-historico\/\">N\u00famero de Cooperativas constituidas y socios iniciales por clase y Territorio Hist\u00f3rico<\/a><\/li>\n<\/ul>\n<h4>2.3. Sociedades Laborales:<\/h4>\n<ul>\n<li><a href=\"https:\/\/oves-geeb.eus\/es\/actividades\/area-socio-economica\/entidades\/2-3-sociedades-laborales\/sociedades-laborales-registradas-y-socios-iniciales-por-sector-y-territorio-historico\/\">Sociedades Laborales registradas y socios iniciales por sector y Territorio Hist\u00f3rico<\/a><\/li>\n<\/ul>\n<h4>2.4. Centros Especiales de Empleo:<\/h4>\n<ul>\n<li><a href=\"https:\/\/oves-geeb.eus\/es\/actividades\/area-socio-economica\/entidades\/2-4-centros-especiales-de-empleo\/numero-de-centros-especiales-de-empleo-forma-juridica-centros-de-trabajo-empleo-y-socios\/\">N\u00famero de Centros Especiales de Empleo , forma jur\u00eddica, centros de trabajo, empleo y socios<\/a><\/li>\n<\/ul>\n<h4>2.5. Empresas de Inserci\u00f3n:<\/h4>\n<ul>\n<li><a href=\"https:\/\/oves-geeb.eus\/es\/actividades\/area-socio-economica\/entidades\/2-5-empresas-de-insercion\/numero-de-empresas-de-insercion-asociadas-a-gizatea-asociacion-de-empresas-de-insercion\/\">N\u00famero de Empresas de Inserci\u00f3n asociadas a GIZATEA (Asociaci\u00f3n de Empresas de Inserci\u00f3n)<\/a><\/li>\n<\/ul>\n<h4>2.6. Entidades de Previsi\u00f3n Social:<\/h4>\n<ul>\n<li><a href=\"https:\/\/oves-geeb.eus\/es\/actividades\/area-socio-economica\/entidades\/2-6-entidades-de-prevision-social\/numero-de-entidades-y-de-asociados-en-las-entidades-de-prevision-social-entidades-de-prevision-social-voluntaria-de-euskadi\/\">N\u00famero de entidades y de asociados en las Entidades de Previsi\u00f3n Social, Entidades de Previsi\u00f3n Social Voluntaria de Euskadi<\/a><\/li>\n<\/ul>\n<h4>2.7. Asociaciones y Fundaciones:<\/h4>\n<ul>\n<li><a href=\"https:\/\/oves-geeb.eus\/es\/actividades\/area-socio-economica\/entidades\/2-7-asociaciones-y-fundaciones\/datos-agregados-del-numero-de-entidades\/\">Datos agregados del n\u00famero de entidades<\/a><\/li>\n<\/ul>\n<h4>2.8. Sociedades de Garant\u00eda Rec\u00edproca:<\/h4>\n<ul>\n<li><a href=\"https:\/\/oves-geeb.eus\/es\/actividades\/area-socio-economica\/entidades\/2-8-sociedades-de-garantia-reciproca\/distribucion-de-socios-participes-por-tipo-de-empresa-sector-de-actividad-numero-de-trabajadores-y-territorio-historico\/\">Distribuci\u00f3n de socios part\u00edcipes por tipo de empresa, sector de actividad, n\u00famero de trabajadores y Territorio Hist\u00f3rico<\/a><\/li>\n<\/ul>\n","protected":false},"excerpt":{"rendered":"<p>2.1. Cifras agregadas de la Econom\u00eda Social Vasca (Cooperativas y Sociedades Laborales) 2.2. Cooperativas: N\u00famero de Cooperativas constituidas y socios iniciales por clase y Territorio Hist\u00f3rico 2.3. Sociedades Laborales: Sociedades Laborales registradas y socios iniciales por sector y Territorio Hist\u00f3rico 2.4. Centros Especiales de Empleo: N\u00famero de Centros Especiales de Empleo , forma jur\u00eddica, centros &hellip; <a href=\"https:\/\/oves-geeb.eus\/es\/actividades\/area-socio-economica\/entidades\/\">Continuar leyendo<\/a><\/p>\n","protected":false},"author":1,"featured_media":0,"parent":9024,"menu_order":0,"comment_status":"closed","ping_status":"closed","template":"","meta":{"footnotes":""},"class_list":["post-9032","page","type-page","status-publish","hentry"],"acf":[],"_links":{"self":[{"href":"https:\/\/oves-geeb.eus\/es\/wp-json\/wp\/v2\/pages\/9032","targetHints":{"allow":["GET"]}}],"collection":[{"href":"https:\/\/oves-geeb.eus\/es\/wp-json\/wp\/v2\/pages"}],"about":[{"href":"https:\/\/oves-geeb.eus\/es\/wp-json\/wp\/v2\/types\/page"}],"author":[{"embeddable":true,"href":"https:\/\/oves-geeb.eus\/es\/wp-json\/wp\/v2\/users\/1"}],"replies":[{"embeddable":true,"href":"https:\/\/oves-geeb.eus\/es\/wp-json\/wp\/v2\/comments?post=9032"}],"version-history":[{"count":6,"href":"https:\/\/oves-geeb.eus\/es\/wp-json\/wp\/v2\/pages\/9032\/revisions"}],"predecessor-version":[{"id":11622,"href":"https:\/\/oves-geeb.eus\/es\/wp-json\/wp\/v2\/pages\/9032\/revisions\/11622"}],"up":[{"embeddable":true,"href":"https:\/\/oves-geeb.eus\/es\/wp-json\/wp\/v2\/pages\/9024"}],"wp:attachment":[{"href":"https:\/\/oves-geeb.eus\/es\/wp-json\/wp\/v2\/media?parent=9032"}],"curies":[{"name":"wp","href":"https:\/\/api.w.org\/{rel}","templated":true}]}}