{"id":9030,"date":"2018-06-08T12:58:49","date_gmt":"2018-06-08T10:58:49","guid":{"rendered":"http:\/\/oves-geeb.eus\/?page_id=9030"},"modified":"2022-02-25T13:23:21","modified_gmt":"2022-02-25T12:23:21","slug":"empleo","status":"publish","type":"page","link":"https:\/\/oves-geeb.eus\/es\/actividades\/area-socio-economica\/empleo\/","title":{"rendered":"Empleo"},"content":{"rendered":"<h4>1.1 Cifras agregadas de la Econom\u00eda Social Vasca (Cooperativas y Sociedades Laborales):<\/h4>\n<ul>\n<li><a href=\"https:\/\/oves-geeb.eus\/es\/actividades\/area-socio-economica\/empleo\/1-1-cifras-agregadas-de-la-economia-social-vasca-cooperativas-y-sociedades-laborales\/cifras-generales\/\">Cifras Generales<\/a><\/li>\n<li><a href=\"https:\/\/oves-geeb.eus\/es\/actividades\/area-socio-economica\/empleo\/1-1-cifras-agregadas-de-la-economia-social-vasca-cooperativas-y-sociedades-laborales\/empleo-total-de-la-economia-social-por-sectores\/\">Empleo total de la Econom\u00eda Social por Sectores<\/a><\/li>\n<li><a href=\"https:\/\/oves-geeb.eus\/es\/actividades\/area-socio-economica\/empleo\/1-1-cifras-agregadas-de-la-economia-social-vasca-cooperativas-y-sociedades-laborales\/empleo-total-de-la-economia-social-por-sexo-y-relacion-contractual\/\">Empleo total de la Econom\u00eda Social por Sexo y Relaci\u00f3n Contractual<\/a><\/li>\n<li><a href=\"https:\/\/oves-geeb.eus\/es\/actividades\/area-socio-economica\/empleo\/1-1-cifras-agregadas-de-la-economia-social-vasca-cooperativas-y-sociedades-laborales\/distribucion-sectorial-de-los-empleos-de-la-economia-social-vasca-por-territorio-historico-segun-forma-juridica\/\">Distribuci\u00f3n sectorial de los empleos de la Econom\u00eda Social Vasca por Territorio Hist\u00f3rico, seg\u00fan forma jur\u00eddica<\/a><\/li>\n<\/ul>\n<h4>1.2 Cooperativas:<\/h4>\n<ul>\n<li><a href=\"https:\/\/oves-geeb.eus\/es\/actividades\/area-socio-economica\/empleo\/1-2-cooperativas\/sociedades-cooperativas-numero-de-sociedades-centros-de-cotizacion-y-sus-trabajadores-segun-regimen-de-cotizacion-por-territorios-historicos\/\">Sociedades Cooperativas. N\u00famero de sociedades, centros de cotizaci\u00f3n y sus trabajadores seg\u00fan r\u00e9gimen de cotizaci\u00f3n por Territorios Hist\u00f3ricos<\/a><\/li>\n<\/ul>\n<h4>1.3 Sociedades Laborales:<\/h4>\n<ul>\n<li><a href=\"https:\/\/oves-geeb.eus\/es\/actividades\/area-socio-economica\/empleo\/1-3-sociedades-laborales\/sociedades-laborales-numero-de-sociedades-centros-de-cotizacion-y-sus-trabajadores-por-territorios-historicos\/\">Sociedades Laborales. N\u00famero de sociedades, centros de cotizaci\u00f3n y sus trabajadores por Territorios Hist\u00f3ricos<\/a><\/li>\n<\/ul>\n<h4>1.4 Centros Especiales de Empleo:<\/h4>\n<ul>\n<li><a href=\"https:\/\/oves-geeb.eus\/es\/actividades\/area-socio-economica\/empleo\/1-4-centros-especiales-de-empleo\/personas-empleadas-en-centros-especiales-de-empleo-ehlabe-asociacion-de-trabajo-protegido-del-pais-vasco\/\">Personas empleadas en centros especiales de empleo EHLABE (Asociaci\u00f3n de Trabajo Protegido del Pa\u00eds Vasco).<\/a><\/li>\n<\/ul>\n<h4>1.5 Empresas de Inserci\u00f3n:<\/h4>\n<ul>\n<li><a href=\"https:\/\/oves-geeb.eus\/es\/actividades\/area-socio-economica\/empleo\/1-5-empresas-de-insercion\/numero-de-empleos-en-las-empresas-de-insercion-asociadas-a-gizatea-asociacion-de-empresas-de-insercion-del-pais-vasco-por-tipo-de-empleo-y-sexo\/\">N\u00famero de empleos en las Empresas de Inserci\u00f3n asociadas a GIZATEA (Asociaci\u00f3n de Empresas de Inserci\u00f3n del Pa\u00eds Vasco) por tipo de empleo y sexo.<\/a><\/li>\n<\/ul>\n<h4>1.6 Cooperativas de Cr\u00e9dito:<\/h4>\n<ul>\n<li><a href=\"https:\/\/oves-geeb.eus\/es\/actividades\/area-socio-economica\/empleo\/1-6-cooperativas-de-credito\/numero-de-empleos-y-oficinas-de-las-cooperativas-de-credito-del-pais-vasco\/\">N\u00famero de empleos y oficinas de las Cooperativas de Cr\u00e9dito del Pa\u00eds Vasco.<\/a><\/li>\n<\/ul>\n<h4>1.7 Asociaciones y Fundaciones:<\/h4>\n<ul>\n<li><a href=\"https:\/\/oves-geeb.eus\/es\/actividades\/area-socio-economica\/empleo\/1-7-asociaciones-y-fundaciones\/datos-agregados-de-empleo-y-voluntariado\/\">Datos agregados de empleo y voluntariado.<\/a><\/li>\n<\/ul>\n<h4>1.8 Sociedades de Garant\u00eda Rec\u00edproca de empresas de Econom\u00eda Social:<\/h4>\n<ul>\n<li><a href=\"https:\/\/oves-geeb.eus\/es\/actividades\/area-socio-economica\/empleo\/1-8-sociedades-de-garantia-reciproca-de-empresas-de-economia-social\/empleos-en-las-sociedades-de-garantia-reciproca-de-las-empresas-de-economia-social\/\">Empleos en las Sociedades de Garant\u00eda Rec\u00edproca de las empresas de Econom\u00eda Social.<\/a><\/li>\n<\/ul>\n<h4>1.9 Entidades de Previsi\u00f3n Social Voluntaria:<\/h4>\n<ul>\n<li><a href=\"https:\/\/oves-geeb.eus\/es\/actividades\/area-socio-economica\/empleo\/1-9-entidades-de-prevision-social-voluntaria\/empleo-y-numero-de-entidades-en-las-entidades-de-prevision-social-voluntaria\/?preview_id=13271&amp;preview_nonce=482703bee2&amp;preview=true\" target=\"_blank\" rel=\"noopener\">Empleos en las Entidades de Previsi\u00f3n Social Voluntaria<\/a><\/li>\n<\/ul>\n","protected":false},"excerpt":{"rendered":"<p>1.1 Cifras agregadas de la Econom\u00eda Social Vasca (Cooperativas y Sociedades Laborales): Cifras Generales Empleo total de la Econom\u00eda Social por Sectores Empleo total de la Econom\u00eda Social por Sexo y Relaci\u00f3n Contractual Distribuci\u00f3n sectorial de los empleos de la Econom\u00eda Social Vasca por Territorio Hist\u00f3rico, seg\u00fan forma jur\u00eddica 1.2 Cooperativas: Sociedades Cooperativas. N\u00famero de &hellip; <a href=\"https:\/\/oves-geeb.eus\/es\/actividades\/area-socio-economica\/empleo\/\">Continuar leyendo<\/a><\/p>\n","protected":false},"author":1,"featured_media":0,"parent":9024,"menu_order":0,"comment_status":"closed","ping_status":"closed","template":"","meta":{"footnotes":""},"class_list":["post-9030","page","type-page","status-publish","hentry"],"acf":[],"_links":{"self":[{"href":"https:\/\/oves-geeb.eus\/es\/wp-json\/wp\/v2\/pages\/9030","targetHints":{"allow":["GET"]}}],"collection":[{"href":"https:\/\/oves-geeb.eus\/es\/wp-json\/wp\/v2\/pages"}],"about":[{"href":"https:\/\/oves-geeb.eus\/es\/wp-json\/wp\/v2\/types\/page"}],"author":[{"embeddable":true,"href":"https:\/\/oves-geeb.eus\/es\/wp-json\/wp\/v2\/users\/1"}],"replies":[{"embeddable":true,"href":"https:\/\/oves-geeb.eus\/es\/wp-json\/wp\/v2\/comments?post=9030"}],"version-history":[{"count":7,"href":"https:\/\/oves-geeb.eus\/es\/wp-json\/wp\/v2\/pages\/9030\/revisions"}],"predecessor-version":[{"id":13275,"href":"https:\/\/oves-geeb.eus\/es\/wp-json\/wp\/v2\/pages\/9030\/revisions\/13275"}],"up":[{"embeddable":true,"href":"https:\/\/oves-geeb.eus\/es\/wp-json\/wp\/v2\/pages\/9024"}],"wp:attachment":[{"href":"https:\/\/oves-geeb.eus\/es\/wp-json\/wp\/v2\/media?parent=9030"}],"curies":[{"name":"wp","href":"https:\/\/api.w.org\/{rel}","templated":true}]}}