{"id":9028,"date":"2018-06-08T12:58:34","date_gmt":"2018-06-08T10:58:34","guid":{"rendered":"http:\/\/oves-geeb.eus\/?page_id=9028"},"modified":"2018-12-18T14:37:05","modified_gmt":"2018-12-18T13:37:05","slug":"area-cientifico-academica","status":"publish","type":"page","link":"https:\/\/oves-geeb.eus\/es\/actividades\/area-cientifico-academica\/","title":{"rendered":"\u00c1rea Cient\u00edfico-Acad\u00e9mica"},"content":{"rendered":"<div class=\"row\">\n<div class=\"medium-4 small-12 column\">\n<h2><a class=\"button fix-4-both expanded\" href=\"https:\/\/oves-geeb.eus\/es\/actividades\/area-cientifico-academica\/guia-de-redes-y-recursos-de-investigacion\/\">Gu\u00eda de Redes y Recursos de Investigaci\u00f3n<\/a><\/h2>\n<\/div>\n<div class=\"medium-4 small-12 column text-center\">\n<h2><a class=\"button fix-4-both expanded\" href=\"https:\/\/oves-geeb.eus\/es\/actividades\/area-cientifico-academica\/proyectos\/\">Proyectos<\/a><\/h2>\n<\/div>\n<div class=\"medium-4 small-12 column\">\n<h2><a class=\"button fix-4-both expanded\" href=\"https:\/\/oves-geeb.eus\/es\/actividades\/area-cientifico-academica\/informes-y-publicaciones\/\">Informes y Publicaciones<\/a><\/h2>\n<h2><a class=\"button fix-4-both expanded\" href=\"https:\/\/oves-geeb.eus\/es\/actividades\/area-cientifico-academica\/biblioteca-de-la-economia-social\/\">Biblioteca de Econom\u00eda Social<\/a><\/h2>\n","protected":false},"excerpt":{"rendered":"<p>Gu\u00eda de Redes y Recursos de Investigaci\u00f3n Proyectos Informes y Publicaciones Biblioteca de Econom\u00eda Social<\/p>\n","protected":false},"author":1,"featured_media":0,"parent":9022,"menu_order":0,"comment_status":"closed","ping_status":"closed","template":"","meta":{"footnotes":""},"class_list":["post-9028","page","type-page","status-publish","hentry"],"acf":[],"_links":{"self":[{"href":"https:\/\/oves-geeb.eus\/es\/wp-json\/wp\/v2\/pages\/9028","targetHints":{"allow":["GET"]}}],"collection":[{"href":"https:\/\/oves-geeb.eus\/es\/wp-json\/wp\/v2\/pages"}],"about":[{"href":"https:\/\/oves-geeb.eus\/es\/wp-json\/wp\/v2\/types\/page"}],"author":[{"embeddable":true,"href":"https:\/\/oves-geeb.eus\/es\/wp-json\/wp\/v2\/users\/1"}],"replies":[{"embeddable":true,"href":"https:\/\/oves-geeb.eus\/es\/wp-json\/wp\/v2\/comments?post=9028"}],"version-history":[{"count":14,"href":"https:\/\/oves-geeb.eus\/es\/wp-json\/wp\/v2\/pages\/9028\/revisions"}],"predecessor-version":[{"id":9872,"href":"https:\/\/oves-geeb.eus\/es\/wp-json\/wp\/v2\/pages\/9028\/revisions\/9872"}],"up":[{"embeddable":true,"href":"https:\/\/oves-geeb.eus\/es\/wp-json\/wp\/v2\/pages\/9022"}],"wp:attachment":[{"href":"https:\/\/oves-geeb.eus\/es\/wp-json\/wp\/v2\/media?parent=9028"}],"curies":[{"name":"wp","href":"https:\/\/api.w.org\/{rel}","templated":true}]}}