{"id":9026,"date":"2018-06-08T12:58:06","date_gmt":"2018-06-08T10:58:06","guid":{"rendered":"http:\/\/oves-geeb.eus\/?page_id=9026"},"modified":"2024-12-10T12:27:43","modified_gmt":"2024-12-10T11:27:43","slug":"area-juridico-politica","status":"publish","type":"page","link":"https:\/\/oves-geeb.eus\/es\/actividades\/area-juridico-politica\/","title":{"rendered":"\u00c1rea Jur\u00eddico-Pol\u00edtica"},"content":{"rendered":"<div class=\"row\">\n<div class=\"medium-4 small-12 column\">\n<h2 class=\"h4\"><a class=\"button fix-4-both expanded\" href=\"https:\/\/oves-geeb.eus\/es\/actividades\/area-juridico-politica\/marco-juridico\/\">Marco Jur\u00eddico<\/a><\/h2>\n<\/div>\n<div class=\"medium-4 small-12 column\">\n<h2 class=\"h4\"><a class=\"button fix-4-both expanded\" href=\"https:\/\/oves-geeb.eus\/es\/actividades\/area-juridico-politica\/politicas-publicas\/\">Pol\u00edticas P\u00fablicas<\/a><\/h2>\n<\/div>\n<div class=\"medium-4 small-12 column\">\n<h2 class=\"h4\"><a class=\"button fix-4-both expanded\" href=\"https:\/\/oves-geeb.eus\/es\/actividades\/area-juridico-politica\/iniciativas-politicas\/\">Iniciativas Pol\u00edticas<\/a><\/h2>\n<\/div>\n<\/div>\n","protected":false},"excerpt":{"rendered":"<p>Marco Jur\u00eddico Pol\u00edticas P\u00fablicas Iniciativas Pol\u00edticas<\/p>\n","protected":false},"author":1,"featured_media":0,"parent":9022,"menu_order":0,"comment_status":"closed","ping_status":"closed","template":"","meta":{"footnotes":""},"class_list":["post-9026","page","type-page","status-publish","hentry"],"acf":[],"_links":{"self":[{"href":"https:\/\/oves-geeb.eus\/es\/wp-json\/wp\/v2\/pages\/9026","targetHints":{"allow":["GET"]}}],"collection":[{"href":"https:\/\/oves-geeb.eus\/es\/wp-json\/wp\/v2\/pages"}],"about":[{"href":"https:\/\/oves-geeb.eus\/es\/wp-json\/wp\/v2\/types\/page"}],"author":[{"embeddable":true,"href":"https:\/\/oves-geeb.eus\/es\/wp-json\/wp\/v2\/users\/1"}],"replies":[{"embeddable":true,"href":"https:\/\/oves-geeb.eus\/es\/wp-json\/wp\/v2\/comments?post=9026"}],"version-history":[{"count":4,"href":"https:\/\/oves-geeb.eus\/es\/wp-json\/wp\/v2\/pages\/9026\/revisions"}],"predecessor-version":[{"id":9783,"href":"https:\/\/oves-geeb.eus\/es\/wp-json\/wp\/v2\/pages\/9026\/revisions\/9783"}],"up":[{"embeddable":true,"href":"https:\/\/oves-geeb.eus\/es\/wp-json\/wp\/v2\/pages\/9022"}],"wp:attachment":[{"href":"https:\/\/oves-geeb.eus\/es\/wp-json\/wp\/v2\/media?parent=9026"}],"curies":[{"name":"wp","href":"https:\/\/api.w.org\/{rel}","templated":true}]}}