{"id":9022,"date":"2018-06-08T12:57:17","date_gmt":"2018-06-08T10:57:17","guid":{"rendered":"http:\/\/oves-geeb.eus\/?page_id=9022"},"modified":"2018-10-18T14:01:07","modified_gmt":"2018-10-18T12:01:07","slug":"actividades","status":"publish","type":"page","link":"https:\/\/oves-geeb.eus\/es\/actividades\/","title":{"rendered":"Actividades"},"content":{"rendered":"<div class=\"row\">\n<div class=\"medium-4 small-12 column\">\n<h2 class=\"h4\"><a class=\"button fix-4-both expanded\" href=\"https:\/\/oves-geeb.eus\/es\/actividades\/area-socio-economica\/\">\u00c1rea Socio-Econ\u00f3mica<\/a><\/h2>\n<\/div>\n<div class=\"medium-4 small-12 column\">\n<h2 class=\"h4\"><a class=\"button fix-4-both expanded\" href=\"https:\/\/oves-geeb.eus\/es\/actividades\/area-juridico-politica\/\">\u00c1rea Jur\u00eddico-Pol\u00edtica<\/a><\/h2>\n<\/div>\n<div class=\"medium-4 small-12 column\">\n<h2 class=\"h4\"><a class=\"button fix-4-both expanded\" href=\"https:\/\/oves-geeb.eus\/es\/actividades\/area-cientifico-academica\/\">\u00c1rea Cient\u00edfico-Acad\u00e9mica<\/a><\/h2>\n<\/div>\n<\/div>\n","protected":false},"excerpt":{"rendered":"<p>\u00c1rea Socio-Econ\u00f3mica \u00c1rea Jur\u00eddico-Pol\u00edtica \u00c1rea Cient\u00edfico-Acad\u00e9mica<\/p>\n","protected":false},"author":1,"featured_media":0,"parent":0,"menu_order":0,"comment_status":"closed","ping_status":"closed","template":"","meta":{"footnotes":""},"class_list":["post-9022","page","type-page","status-publish","hentry"],"acf":[],"_links":{"self":[{"href":"https:\/\/oves-geeb.eus\/es\/wp-json\/wp\/v2\/pages\/9022","targetHints":{"allow":["GET"]}}],"collection":[{"href":"https:\/\/oves-geeb.eus\/es\/wp-json\/wp\/v2\/pages"}],"about":[{"href":"https:\/\/oves-geeb.eus\/es\/wp-json\/wp\/v2\/types\/page"}],"author":[{"embeddable":true,"href":"https:\/\/oves-geeb.eus\/es\/wp-json\/wp\/v2\/users\/1"}],"replies":[{"embeddable":true,"href":"https:\/\/oves-geeb.eus\/es\/wp-json\/wp\/v2\/comments?post=9022"}],"version-history":[{"count":4,"href":"https:\/\/oves-geeb.eus\/es\/wp-json\/wp\/v2\/pages\/9022\/revisions"}],"predecessor-version":[{"id":9790,"href":"https:\/\/oves-geeb.eus\/es\/wp-json\/wp\/v2\/pages\/9022\/revisions\/9790"}],"wp:attachment":[{"href":"https:\/\/oves-geeb.eus\/es\/wp-json\/wp\/v2\/media?parent=9022"}],"curies":[{"name":"wp","href":"https:\/\/api.w.org\/{rel}","templated":true}]}}