{"id":8970,"date":"2018-06-07T10:10:05","date_gmt":"2018-06-07T08:10:05","guid":{"rendered":"http:\/\/oves-geeb.eus\/behatokia\/"},"modified":"2025-05-16T09:44:35","modified_gmt":"2025-05-16T07:44:35","slug":"behatokia","status":"publish","type":"page","link":"https:\/\/oves-geeb.eus\/es\/behatokia\/","title":{"rendered":"Observatorio"},"content":{"rendered":"<ul id=\"observatorio\" class=\"tabs\" data-tabs=\"\">\n<li class=\"tabs-title is-active\"><a href=\"#panel1v\">Qui\u00e9nes somos<\/a><\/li>\n<li class=\"tabs-title\"><a href=\"#panel2v\">Campos de observaci\u00f3n<\/a><\/li>\n<li class=\"tabs-title\"><a href=\"#panel3v\">Organizaci\u00f3n<\/a><\/li>\n<li class=\"tabs-title\"><a href=\"#panel4v\">Comit\u00e9 Asesor<\/a><\/li>\n<\/ul>\n<div class=\"tabs-content\" data-tabs-content=\"observatorio\">\n<div id=\"panel1v\" class=\"tabs-panel is-active\">\n<h2>Qui\u00e9nes somos<\/h2>\n<p><img loading=\"lazy\" decoding=\"async\" class=\"alignnone size-large wp-image-8965\" src=\"\/wp-content\/uploads\/2018\/06\/csm-eraikina-1024x510.jpg\" alt=\"\" width=\"1024\" height=\"510\" srcset=\"https:\/\/oves-geeb.eus\/wp-content\/uploads\/2018\/06\/csm-eraikina-1024x510.jpg 1024w, https:\/\/oves-geeb.eus\/wp-content\/uploads\/2018\/06\/csm-eraikina-300x149.jpg 300w, https:\/\/oves-geeb.eus\/wp-content\/uploads\/2018\/06\/csm-eraikina-768x382.jpg 768w, https:\/\/oves-geeb.eus\/wp-content\/uploads\/2018\/06\/csm-eraikina.jpg 1280w\" sizes=\"auto, (max-width: 1024px) 100vw, 1024px\" \/><\/p>\n<p>El Observatorio Vasco de Econom\u00eda Social (en adelante OVES\/GEEB) nace al amparo del Convenio de Colaboraci\u00f3n del 30 de diciembre de 2008 firmado entre el Gobierno Vasco, representado por el Consejero de Justicia, Empleo y Seguridad Social y la UPV\/EHU, representada por el Instituto de Derecho Cooperativo y Econom\u00eda Social GEZKI, para la implantaci\u00f3n progresiva de dicho Observatorio Vasco de Econom\u00eda Social. De esta forma se daba respuesta a las resoluciones del Parlamento Vasco recogidas en el BOPV N\u00ba 153 de 25 de abril de 2008. El OVES\/GEEB naci\u00f3 as\u00ed con la finalidad de servir al desarrollo de la identificaci\u00f3n y cuantificaci\u00f3n de la actividad de la Econom\u00eda Social de la Comunidad Aut\u00f3noma del Pa\u00eds Vasco entendida \u00e9sta como el sector que aglutina a aquellas entidades de naturaleza privada cuya caracter\u00edstica com\u00fan es que se constituyen para satisfacer necesidades sociales y no para retribuir a inversores capitalistas.<\/p>\n<p>Son tres los contenidos o \u00e1reas funcionales que aborda el OVES\/GEEB:<\/p>\n<ul>\n<li>\u00c1rea socio-econ\u00f3mica: captaci\u00f3n y publicaci\u00f3n de datos econ\u00f3micos y socio-laborales de las entidades de Econom\u00eda Social, y su entorno socio-econ\u00f3mico: Empleo, Entidades y datos econ\u00f3micos. Emisi\u00f3n de informe anual.<\/li>\n<li>\u00c1rea jur\u00eddico-pol\u00edtica: identificaci\u00f3n tanto de la legislaci\u00f3n y normativa general vigente y aplicable a la Econom\u00eda Social Vasca como de las Pol\u00edticas P\u00fablicas dirigidas a la Econom\u00eda Social Vasca.<\/li>\n<li>\u00c1rea cient\u00edfico-acad\u00e9mica: realizaci\u00f3n de publicaciones, informes, cursos, etc., con la colaboraci\u00f3n de GEZKI.<\/li>\n<\/ul>\n<\/div>\n<div id=\"panel2v\" class=\"tabs-panel\">\n<h2>Campos de observaci\u00f3n<\/h2>\n<p>El OVES\/GEEB asume la definici\u00f3n realizada por CIRIEC-Espa\u00f1a de la que GEZKI es miembro, pero la matiza con base en las especificaciones del Pa\u00eds Vasco y la nueva Ley 5\/2011 de Econom\u00eda Social. As\u00ed, el OVES\/GEEB propone en el siguiente cuadro las entidades que conforman el universo de la Econom\u00eda Social Vasca<\/p>\n<style type=\"text\/css\">\n<\/style>\n<table class=\"unstriped\">\n<thead>\n<tr>\n<th class=\"bg-dark cl-white\" colspan=\"3\">El universo de la Econom\u00eda Social vasca<\/th>\n<\/tr>\n<\/thead>\n<tbody>\n<tr>\n<td class=\"cl-white bg-medium\" rowspan=\"2\"><strong>Subsector Productores de mercado<\/strong><\/td>\n<td class=\"\"><strong>Sociedades no financieras<\/strong><\/td>\n<td class=\"\">\n<ul>\n<li>Cooperativas<\/li>\n<li>Sociedades Laborales<\/li>\n<li>Centros Especiales de Empleo<\/li>\n<li>Empresas de Inserci\u00f3n<\/li>\n<li>Cofradias de Pescadores<\/li>\n<li>Sociedades Agrarias de Transformaci\u00f3n<\/li>\n<li>Otros productores privados de mercado (asociaciones, fundaciones y sociedades)<\/li>\n<\/ul>\n<\/td>\n<\/tr>\n<tr>\n<td class=\"\"><strong>Sociedades financieras<\/strong><\/td>\n<td class=\"\">\n<ul>\n<li>Cooperativas de Cr\u00e9dito<\/li>\n<li>Entidades de Previsi\u00f3n Social Voluntarias<\/li>\n<li>Sociedades de Garant\u00eda Rec\u00edproca de entidades de Econom\u00eda Social<\/li>\n<\/ul>\n<\/td>\n<\/tr>\n<tr>\n<td class=\"cl-white bg-medium\"><strong>Subsector Productores de no mercado<\/strong><\/td>\n<td class=\"\" colspan=\"2\">\n<ul>\n<li>Asociaciones de acci\u00f3n social<\/li>\n<li>Fundaciones de acci\u00f3n social<\/li>\n<li>Otras instituciones sin fines de lucro al servicio de los hogares<\/li>\n<\/ul>\n<\/td>\n<\/tr>\n<\/tbody>\n<\/table>\n<\/div>\n<div id=\"panel3v\" class=\"tabs-panel\">\n<h2>Organizaci\u00f3n<\/h2>\n<p>Para la puesta en marcha del Observatorio se cuenta con las infraestructuras facilitadas por la UPV\/EHU en el Campus de Gipuzkoa, as\u00ed como las del Instituto universitario GEZKI y de un grupo de expertos con dilatada experiencia en estas actividades y contenidos.<\/p>\n<p>Se establece un organigrama del Observatorio con dos \u00f3rganos de composici\u00f3n diversa:<\/p>\n<ul>\n<li>Consejo de Direcci\u00f3n: encargado de desarrollar el Plan de Gesti\u00f3n Anual, configur\u00e1ndose como un \u00f3rgano permanente para la coordinaci\u00f3n de las actuaciones diarias del Observatorio. Dicho Consejo est\u00e1 compuesto por la Directora del OVES\/GEEB y los Responsables de las distintas \u00e1reas del Observatorio. El Presidente del OVES\/GEEB podr\u00e1 acudir, presidi\u00e9ndolo, a las reuniones de este Consejo cuando lo estime oportuno. Coordinadora del OVES\/GEEB: Artitzar Erauskin Tolosa.<\/li>\n<li>Comit\u00e9 Asesor: \u00f3rgano de asesoramiento y orientaci\u00f3n general del Observatorio, que establece la estrategia general de sus actividades a trav\u00e9s de sus propuestas y recomendaciones.<\/li>\n<\/ul>\n<\/div>\n<div id=\"panel4v\" class=\"tabs-panel\">\n<h2>Comit\u00e9 Asesor<\/h2>\n<p><img loading=\"lazy\" decoding=\"async\" class=\"alignnone size-full wp-image-8980\" src=\"\/wp-content\/uploads\/2018\/06\/observatorio-comite-asesor-01.jpg\" alt=\"\" width=\"250\" height=\"175\" \/><\/p>\n<p>Comit\u00e9 Asesor es el \u00f3rgano de asesoramiento y orientaci\u00f3n general del Observatorio y, por tanto, establece la estrategia general de sus actividades a trav\u00e9s de sus propuestas y recomendaciones.<\/p>\n<p>Son miembros natos del Comit\u00e9 Asesor: El Director y el Secretario del Instituto Universitario GEZKI. Este \u00faltimo ser\u00e1, a su vez, Secretario del Comit\u00e9 Asesor.<\/p>\n<p>El Director de GEZKI ser\u00e1 el Presidente del Comit\u00e9 Asesor y del Observatorio.<\/p>\n<p>Los vocales del Comit\u00e9 Asesor ser\u00e1n personas o entidades representativas de la Econom\u00eda Social; representantes de los Institutos universitarios especializadas en Econom\u00eda Social de las Universidades vascas; responsables de instituciones p\u00fablicas vinculadas a la Econom\u00eda Social. Tambi\u00e9n otras entidades t\u00e9cnicas y cient\u00edficas y personas de constatado prestigio y experiencia.<\/p>\n<p>En la actualidad son miembros del Comit\u00e9:<\/p>\n<ul>\n<li>Vocales:\n<ul>\n<li>En representaci\u00f3n de ASLE: Anabel Yoldi<\/li>\n<li>En representaci\u00f3n de la Federaci\u00f3n de EPSV de Euskadi: Patxo Aiestaran<\/li>\n<li>En representaci\u00f3n de Gizatea: Joana Revilla<\/li>\n<li>En representaci\u00f3n de Konfekoop: I\u00f1aki Nubla\/Rosa Lavin<\/li>\n<li>En representaci\u00f3n de Mondragon Unibertsitatea: Igor Ortega<\/li>\n<li>En representaci\u00f3n de Reas-Euskadi: Zaloa P\u00e9rez<\/li>\n<li>En representaci\u00f3n de Universidad de Deusto: Aitziber Mugarra<\/li>\n<li>A t\u00edtulo personal: Patxi Ormazabal<\/li>\n<\/ul>\n<\/li>\n<\/ul>\n<p><img loading=\"lazy\" decoding=\"async\" class=\"alignnone size-large wp-image-8981\" src=\"\/wp-content\/uploads\/2018\/06\/observatorio-comite-asesor-02.jpg\" alt=\"\" width=\"250\" height=\"175\" \/><\/p>\n<\/div>\n<\/div>\n","protected":false},"excerpt":{"rendered":"<p>Qui\u00e9nes somos Campos de observaci\u00f3n Organizaci\u00f3n Comit\u00e9 Asesor Qui\u00e9nes somos El Observatorio Vasco de Econom\u00eda Social (en adelante OVES\/GEEB) nace al amparo del Convenio de Colaboraci\u00f3n del 30 de diciembre de 2008 firmado entre el Gobierno Vasco, representado por el Consejero de Justicia, Empleo y Seguridad Social y la UPV\/EHU, representada por el Instituto de &hellip; <a href=\"https:\/\/oves-geeb.eus\/es\/behatokia\/\">Continuar leyendo<\/a><\/p>\n","protected":false},"author":1,"featured_media":0,"parent":0,"menu_order":0,"comment_status":"closed","ping_status":"closed","template":"","meta":{"footnotes":""},"class_list":["post-8970","page","type-page","status-publish","hentry"],"acf":[],"_links":{"self":[{"href":"https:\/\/oves-geeb.eus\/es\/wp-json\/wp\/v2\/pages\/8970","targetHints":{"allow":["GET"]}}],"collection":[{"href":"https:\/\/oves-geeb.eus\/es\/wp-json\/wp\/v2\/pages"}],"about":[{"href":"https:\/\/oves-geeb.eus\/es\/wp-json\/wp\/v2\/types\/page"}],"author":[{"embeddable":true,"href":"https:\/\/oves-geeb.eus\/es\/wp-json\/wp\/v2\/users\/1"}],"replies":[{"embeddable":true,"href":"https:\/\/oves-geeb.eus\/es\/wp-json\/wp\/v2\/comments?post=8970"}],"version-history":[{"count":14,"href":"https:\/\/oves-geeb.eus\/es\/wp-json\/wp\/v2\/pages\/8970\/revisions"}],"predecessor-version":[{"id":17416,"href":"https:\/\/oves-geeb.eus\/es\/wp-json\/wp\/v2\/pages\/8970\/revisions\/17416"}],"wp:attachment":[{"href":"https:\/\/oves-geeb.eus\/es\/wp-json\/wp\/v2\/media?parent=8970"}],"curies":[{"name":"wp","href":"https:\/\/api.w.org\/{rel}","templated":true}]}}