{"id":17144,"date":"2024-11-19T10:29:28","date_gmt":"2024-11-19T09:29:28","guid":{"rendered":"https:\/\/oves-geeb.eus\/el-ods-8-y-la-relacion-con-la-economia-social-y-solidaria\/"},"modified":"2026-03-26T12:44:29","modified_gmt":"2026-03-26T11:44:29","slug":"el-ods-8-y-la-relacion-con-la-economia-social-y-solidaria","status":"publish","type":"page","link":"https:\/\/oves-geeb.eus\/es\/el-ods-8-y-la-relacion-con-la-economia-social-y-solidaria\/","title":{"rendered":"El ODS 8 y la relaci\u00f3n con la Econom\u00eda Social y Solidaria"},"content":{"rendered":"\r\n<p data-wp-interactive=\"core\/file\"><strong>Resumen<\/strong><\/p>\r\n<p style=\"text-align: left;\"><a href=\"https:\/\/oves-geeb.eus\/wp-content\/uploads\/2024\/06\/ODS-8-y-la-ESS.pdf\">Este trabajo se enfoca en analizar el papel fundamental que desempe\u00f1a la ESS en la consecuci\u00f3n de este objetivo, adem\u00e1s de analizar el ODS 8 y su relaci\u00f3n con otros objetivos. Adem\u00e1s, considerando la relevancia del sector de la ESS en Euskadi, otro de los objetivos es analizar ejemplos de buenas pr\u00e1cticas relacionadas con este objetivo en el sector de la Econom\u00eda Social de nuestro territorio.<\/a><\/p>\r\n<p><!--more--><\/p>\r\n<p style=\"text-align: center;\"><strong><a href=\"https:\/\/oves-geeb.eus\/wp-content\/uploads\/2024\/06\/ODS-8-y-la-ESS.pdf\"><span style=\"text-decoration: underline;\">Txostena hemen &#8212; Descarga aqu\u00ed<\/span><\/a><\/strong><\/p>\r\n<p style=\"text-align: center;\"><!--more--><a href=\"https:\/\/oves-geeb.eus\/wp-content\/uploads\/2024\/06\/ODS-8-y-la-ESS.pdf\"><img loading=\"lazy\" decoding=\"async\" class=\"wp-image-17634 aligncenter\" src=\"https:\/\/oves-geeb.eus\/wp-content\/uploads\/2026\/03\/Captura-de-pantalla-2026-03-26-a-las-12.33.44.png\" alt=\"\" width=\"278\" height=\"394\" srcset=\"https:\/\/oves-geeb.eus\/wp-content\/uploads\/2026\/03\/Captura-de-pantalla-2026-03-26-a-las-12.33.44.png 936w, https:\/\/oves-geeb.eus\/wp-content\/uploads\/2026\/03\/Captura-de-pantalla-2026-03-26-a-las-12.33.44-212x300.png 212w, https:\/\/oves-geeb.eus\/wp-content\/uploads\/2026\/03\/Captura-de-pantalla-2026-03-26-a-las-12.33.44-723x1024.png 723w, https:\/\/oves-geeb.eus\/wp-content\/uploads\/2026\/03\/Captura-de-pantalla-2026-03-26-a-las-12.33.44-768x1088.png 768w\" sizes=\"auto, (max-width: 278px) 100vw, 278px\" \/><\/a><\/p>\r\n<h1>\u00a0<\/h1>\r\n","protected":false},"excerpt":{"rendered":"","protected":false},"author":3,"featured_media":0,"parent":0,"menu_order":0,"comment_status":"closed","ping_status":"closed","template":"","meta":{"footnotes":""},"class_list":["post-17144","page","type-page","status-publish","hentry"],"acf":[],"_links":{"self":[{"href":"https:\/\/oves-geeb.eus\/es\/wp-json\/wp\/v2\/pages\/17144","targetHints":{"allow":["GET"]}}],"collection":[{"href":"https:\/\/oves-geeb.eus\/es\/wp-json\/wp\/v2\/pages"}],"about":[{"href":"https:\/\/oves-geeb.eus\/es\/wp-json\/wp\/v2\/types\/page"}],"author":[{"embeddable":true,"href":"https:\/\/oves-geeb.eus\/es\/wp-json\/wp\/v2\/users\/3"}],"replies":[{"embeddable":true,"href":"https:\/\/oves-geeb.eus\/es\/wp-json\/wp\/v2\/comments?post=17144"}],"version-history":[{"count":10,"href":"https:\/\/oves-geeb.eus\/es\/wp-json\/wp\/v2\/pages\/17144\/revisions"}],"predecessor-version":[{"id":17648,"href":"https:\/\/oves-geeb.eus\/es\/wp-json\/wp\/v2\/pages\/17144\/revisions\/17648"}],"wp:attachment":[{"href":"https:\/\/oves-geeb.eus\/es\/wp-json\/wp\/v2\/media?parent=17144"}],"curies":[{"name":"wp","href":"https:\/\/api.w.org\/{rel}","templated":true}]}}