{"id":17129,"date":"2024-11-19T10:20:14","date_gmt":"2024-11-19T09:20:14","guid":{"rendered":"https:\/\/oves-geeb.eus\/el-papel-de-la-economia-social-en-la-implementacion-de-los-objetivos-de-desarrollo-sostenible\/"},"modified":"2026-03-26T14:38:21","modified_gmt":"2026-03-26T13:38:21","slug":"el-papel-de-la-economia-social-en-la-implementacion-de-los-objetivos-de-desarrollo-sostenible","status":"publish","type":"page","link":"https:\/\/oves-geeb.eus\/es\/el-papel-de-la-economia-social-en-la-implementacion-de-los-objetivos-de-desarrollo-sostenible\/","title":{"rendered":"EL Papel de la Econom\u00eda Social en la implementaci\u00f3n de los Objetivos de Desarrollo Sostenible"},"content":{"rendered":"<p><\/p>\r\n<p>Recientemente, el OVES\/GEEB ha publicado un informe sobre el ODS 8 \u201ctrabajo decente y crecimiento econ\u00f3mico\u201d y la relaci\u00f3n con la econom\u00eda social y solidaria. Se trata de la continuaci\u00f3n de un estudio anterior, realizado en el 2023 y que analizaba el papel de la ESS en la implementaci\u00f3n de los ODS, con una especial referencia a Euskadi.<\/p>\r\n<p>\r\n\r\n<\/p>\r\n<p>En este segundo estudio, el an\u00e1lisis se centra en la relaci\u00f3n entre el ODS 8 sobre el trabajo decente y crecimiento econ\u00f3mico y la Econom\u00eda Social y Solidaria. En este caso, el papel del sector es muy importante, ya que dada sus caracter\u00edsticas se alinea directamente con el objetivo planteado. Las organizaciones de ESS contribuyen al trabajo decente y a menudo facilitan la integraci\u00f3n de las personas en riesgo de exclusi\u00f3n en el mercado laboral. Adem\u00e1s, promueven el desarrollo econ\u00f3mico y empresarial local y pueden crear actividades econ\u00f3micas sostenibles en \u00e1mbitos de producci\u00f3n y prestaci\u00f3n de servicios.<\/p>\r\n<p>\r\n\r\n<\/p>\r\n<p>Dada la fuerte correlaci\u00f3n entre la ESS y el ODS 8, este trabajo se enfoca en analizar el papel fundamental que desempe\u00f1a la ESS en la consecuci\u00f3n de este objetivo, adem\u00e1s de analizar el ODS 8 y su relaci\u00f3n con otros objetivos. Adem\u00e1s, considerando la relevancia del sector de la ESS en Euskadi, otro de los objetivos es analizar ejemplos de buenas pr\u00e1cticas relacionadas con este objetivo en el sector de la Econom\u00eda Social de nuestro territorio.<\/p>\r\n<p>\r\n\r\n<\/p>\r\n<p>La metodolog\u00eda empleada en esta investigaci\u00f3n se divide en dos partes. En primer lugar, se llev\u00f3 a cabo un an\u00e1lisis bibliogr\u00e1fico para sentar las bases te\u00f3ricas relacionadas con los ODS y la Econom\u00eda Social y Solidaria. La segunda parte se enfoc\u00f3 en la b\u00fasqueda de ejemplos de buenas pr\u00e1cticas en nuestro territorio que promuevan el trabajo decente y el crecimiento sostenible.<\/p>\r\n<p>\r\n\r\n<\/p>\r\n<p>Este trabajo constituye una continuaci\u00f3n del <a href=\"https:\/\/oves-geeb.eus\/wp-content\/uploads\/2023\/12\/Ekonomia-Soziala-eta-Garapen-Iraunkorreko-Helburuak.pdf\">informe presentado por el OVES\/GEEB en el a\u00f1o 2023.<\/a><\/p>\r\n<p>\r\n\r\n<\/p>\r\n<p><a href=\"https:\/\/oves-geeb.eus\/wp-content\/uploads\/2024\/06\/ODS-8-y-la-ESS.pdf\">El informe aqu\u00ed<\/a><\/p>\r\n<p>\r\n\r\n<\/p>\r\n<p>Fuente: OVES\/GEEB<\/p>\r\n<p><\/p>","protected":false},"excerpt":{"rendered":"<p>Recientemente, el OVES\/GEEB ha publicado un informe sobre el ODS 8 \u201ctrabajo decente y crecimiento econ\u00f3mico\u201d y la relaci\u00f3n con la econom\u00eda social y solidaria. Se trata de la continuaci\u00f3n de un estudio anterior, realizado en el 2023 y que analizaba el papel de la ESS en la implementaci\u00f3n de los ODS, con una especial &hellip; <a href=\"https:\/\/oves-geeb.eus\/es\/el-papel-de-la-economia-social-en-la-implementacion-de-los-objetivos-de-desarrollo-sostenible\/\">Continuar leyendo<\/a><\/p>\n","protected":false},"author":3,"featured_media":17118,"parent":0,"menu_order":0,"comment_status":"closed","ping_status":"closed","template":"","meta":{"footnotes":""},"class_list":["post-17129","page","type-page","status-publish","has-post-thumbnail","hentry"],"acf":[],"_links":{"self":[{"href":"https:\/\/oves-geeb.eus\/es\/wp-json\/wp\/v2\/pages\/17129","targetHints":{"allow":["GET"]}}],"collection":[{"href":"https:\/\/oves-geeb.eus\/es\/wp-json\/wp\/v2\/pages"}],"about":[{"href":"https:\/\/oves-geeb.eus\/es\/wp-json\/wp\/v2\/types\/page"}],"author":[{"embeddable":true,"href":"https:\/\/oves-geeb.eus\/es\/wp-json\/wp\/v2\/users\/3"}],"replies":[{"embeddable":true,"href":"https:\/\/oves-geeb.eus\/es\/wp-json\/wp\/v2\/comments?post=17129"}],"version-history":[{"count":3,"href":"https:\/\/oves-geeb.eus\/es\/wp-json\/wp\/v2\/pages\/17129\/revisions"}],"predecessor-version":[{"id":17705,"href":"https:\/\/oves-geeb.eus\/es\/wp-json\/wp\/v2\/pages\/17129\/revisions\/17705"}],"wp:featuredmedia":[{"embeddable":true,"href":"https:\/\/oves-geeb.eus\/es\/wp-json\/wp\/v2\/media\/17118"}],"wp:attachment":[{"href":"https:\/\/oves-geeb.eus\/es\/wp-json\/wp\/v2\/media?parent=17129"}],"curies":[{"name":"wp","href":"https:\/\/api.w.org\/{rel}","templated":true}]}}