{"id":16496,"date":"2024-05-29T13:15:28","date_gmt":"2024-05-29T11:15:28","guid":{"rendered":"https:\/\/oves-geeb.eus\/perte-de-la-economia-social-y-los-cuidados\/"},"modified":"2026-03-26T14:36:22","modified_gmt":"2026-03-26T13:36:22","slug":"perte-de-la-economia-social-y-los-cuidados","status":"publish","type":"page","link":"https:\/\/oves-geeb.eus\/es\/perte-de-la-economia-social-y-los-cuidados\/","title":{"rendered":"PERTE de la Econom\u00eda Social y los cuidados"},"content":{"rendered":"<p><\/p>\r\n<p>Se ha publicado el informe \u201cPerte de la Econom\u00eda social y de los cuidados: contribuci\u00f3n a la igualdad de g\u00e9nero\u201d elaborado por el OVES\/GEEB.<\/p>\r\n\r\n\r\n\r\n<p>Este informe tiene como objetivo analizar la contribuci\u00f3n que el PERTE hace a la igualdad de g\u00e9nero, as\u00ed como la comprensi\u00f3n de la intersecci\u00f3n entre econom\u00eda social y solidaria y g\u00e9nero. Para ello, se definieron conceptos como igualdad de g\u00e9nero, los principios de la Econom\u00eda Social y Solidaria (en adelante ESS), la integraci\u00f3n de la Econom\u00eda Social en los Objetivos de Desarrollo Sostenible (ODS). Asimismo, se ha indagado en los logros principales de la ESS, como son la generaci\u00f3n de empleo para las mujeres y la contribuci\u00f3n a la promoci\u00f3n de la igualdad de g\u00e9nero.<\/p>\r\n\r\n\r\n\r\n<p>Por otra parte, a nivel te\u00f3rico se constata que, a pesar de los avances logrados por la ESS, perduran retos significativos, principalmente en relaci\u00f3n con la Econom\u00eda Social ya que a\u00fan dentro de este modelo persisten desigualdades de g\u00e9nero que afectan de manera espec\u00edfica a las mujeres. Este informe pone de manifiesto la necesidad de una evaluaci\u00f3n en profundidad de c\u00f3mo las mujeres participan dentro de la ES y c\u00f3mo ellas se enfrentan a las barreras persistentes.<\/p>\r\n\r\n\r\n\r\n<p>En este sentido, es importante destacar la contribuci\u00f3n de las mujeres a la econom\u00eda social, as\u00ed como a sus esfuerzos por romper las barreras que enfrentan. Pese a ello, la ESS ha demostrado realizar un apoyo expl\u00edcito a la generaci\u00f3n de oportunidades de empleo concretamente para la promoci\u00f3n de la igualdad entre sexos. Finalmente, en el apartado te\u00f3rico concluye con el abordaje a los retos futuros que deber\u00e1 enfrentar la ESS.<\/p>\r\n\r\n\r\n\r\n<p>De manera global, comprender la intersecci\u00f3n entre la Econom\u00eda Social y la Igualdad de G\u00e9nero proyectar\u00e1 luz sobre la complejidad de esta relaci\u00f3n y permitir\u00e1 orientas las estrategias m\u00e1s id\u00f3neas para superar los desaf\u00edos de igualdad de g\u00e9nero en la econom\u00eda social.<\/p>\r\n\r\n\r\n\r\n<p>Este informe ha indagado en las formas en las que el PERTE de la Econom\u00eda Social y de los cuidados ha contribuido al desarrollo de la Igualdad de G\u00e9nero. Asimismo, se ha buscado conocer el alcance de esta iniciativa p\u00fablica en el desarrollo de la igualdad de g\u00e9nero en el territorio vasco. Se centra en comprender de qu\u00e9 manera la implementaci\u00f3n estrat\u00e9gica de proyectos relacionados con los cuidados y la econom\u00eda social, dentro del marco del PERTE, impacta positivamente en el desarrollo de la igualdad y particularmente ver el alcance que han tenido en el territorio vasco.<\/p>\r\n\r\n\r\n\r\n<p>Fuente: OVES\/GEEB<\/p>\r\n\r\n\r\n\r\n<p><a href=\"https:\/\/oves-geeb.eus\/wp-content\/uploads\/2023\/12\/VF_PERTE-DE-LA-ES-Y-DE-LOS-CUIDADOS_CONTRIBUCION-A-LA-IGUALDAD-DE-GENERO.pdf\" target=\"_blank\" rel=\"noopener\">Link informe<\/a><\/p>\r\n\r\n<p>&nbsp;<\/p>\r\n<p><!-- \/wp:post-content --><\/p>","protected":false},"excerpt":{"rendered":"<p>Se ha publicado el informe \u201cPerte de la Econom\u00eda social y de los cuidados: contribuci\u00f3n a la igualdad de g\u00e9nero\u201d elaborado por el OVES\/GEEB. Este informe tiene como objetivo analizar la contribuci\u00f3n que el PERTE hace a la igualdad de g\u00e9nero, as\u00ed como la comprensi\u00f3n de la intersecci\u00f3n entre econom\u00eda social y solidaria y g\u00e9nero. &hellip; <a href=\"https:\/\/oves-geeb.eus\/es\/perte-de-la-economia-social-y-los-cuidados\/\">Continuar leyendo<\/a><\/p>\n","protected":false},"author":3,"featured_media":0,"parent":0,"menu_order":0,"comment_status":"closed","ping_status":"closed","template":"","meta":{"footnotes":""},"class_list":["post-16496","page","type-page","status-publish","hentry"],"acf":[],"_links":{"self":[{"href":"https:\/\/oves-geeb.eus\/es\/wp-json\/wp\/v2\/pages\/16496","targetHints":{"allow":["GET"]}}],"collection":[{"href":"https:\/\/oves-geeb.eus\/es\/wp-json\/wp\/v2\/pages"}],"about":[{"href":"https:\/\/oves-geeb.eus\/es\/wp-json\/wp\/v2\/types\/page"}],"author":[{"embeddable":true,"href":"https:\/\/oves-geeb.eus\/es\/wp-json\/wp\/v2\/users\/3"}],"replies":[{"embeddable":true,"href":"https:\/\/oves-geeb.eus\/es\/wp-json\/wp\/v2\/comments?post=16496"}],"version-history":[{"count":4,"href":"https:\/\/oves-geeb.eus\/es\/wp-json\/wp\/v2\/pages\/16496\/revisions"}],"predecessor-version":[{"id":17701,"href":"https:\/\/oves-geeb.eus\/es\/wp-json\/wp\/v2\/pages\/16496\/revisions\/17701"}],"wp:attachment":[{"href":"https:\/\/oves-geeb.eus\/es\/wp-json\/wp\/v2\/media?parent=16496"}],"curies":[{"name":"wp","href":"https:\/\/api.w.org\/{rel}","templated":true}]}}