{"id":16449,"date":"2024-05-24T15:18:29","date_gmt":"2024-05-24T13:18:29","guid":{"rendered":"https:\/\/oves-geeb.eus\/roadmap-ii-version-ampliada-estadisticas-vascas-de-la-economia-social\/"},"modified":"2026-03-26T14:34:02","modified_gmt":"2026-03-26T13:34:02","slug":"roadmap-ii-version-ampliada-estadisticas-vascas-de-la-economia-social","status":"publish","type":"page","link":"https:\/\/oves-geeb.eus\/es\/roadmap-ii-version-ampliada-estadisticas-vascas-de-la-economia-social\/","title":{"rendered":"ROADMAP II: Versi\u00f3n ampliada. Estad\u00edsticas vascas de la econom\u00eda social"},"content":{"rendered":"\r\n<div data-wp-interactive=\"core\/file\" class=\"wp-block-file\">\r\n<div data-wp-interactive=\"core\/file\" class=\"wp-block-file\">\r\n<p>Se ha publicado en la p\u00e1gina web del Observatorio Vasco de la Econom\u00eda Social (OVES\/GEEB) los informes: ROADMAP I (versi\u00f3n priorizada) y el ROADMAP II (versi\u00f3n ampliada) de las Estad\u00edsticas de la Econom\u00eda Social. Estos informes representan un avance significativo en la recopilaci\u00f3n y sistematizaci\u00f3n de datos sobre la econom\u00eda social, un \u00e1mbito que muchas veces carece de visibilidad y reconocimiento adecuado y que, sin embargo, es crucial para mejorar la calidad y disponibilidad de datos del sector.<\/p>\r\n\r\n\r\n\r\n<p>El OVES\/GEEB ha elaborado sendos informes partiendo de la versi\u00f3n priorizada y de la versi\u00f3n ampliada de indicadores del Informe Neurtzen. Dicho informe fue elaborado por las tres universidades del Pa\u00eds Vasco (MU, UPV\/EHU Y Deusto), y como resultado final cre\u00f3 una herramienta de diagn\u00f3stico sobre la situaci\u00f3n de la econom\u00eda social. Su principal aportaci\u00f3n es una bater\u00eda de indicadores que permiten evaluar la contribuci\u00f3n de la econom\u00eda social a la econom\u00eda y sociedad vasca. Estos indicadores se obtuvieron a trav\u00e9s de un profundo proceso de reflexi\u00f3n y construcci\u00f3n de una narrativa que refleja la realidad de la econom\u00eda social vasca y sus diversas categor\u00edas.<\/p>\r\n\r\n\r\n\r\n<p>Tanto la versi\u00f3n priorizada (con 45 indicadores) como la versi\u00f3n ampliada (con 75 indicadores) son herramientas que toman el relevo del trabajo realizado por personas investigadoras de las universidades vascas para luego realizar una propuesta de trabajo. Todo ello, con el fin de contribuir y reducir en la medida de lo posible las grandes dificultades para la recolecci\u00f3n de las estad\u00edsticas vasca en el territorio.<\/p>\r\n\r\n\r\n\r\n<p>El objetivo es establecer una hoja de ruta para las estad\u00edsticas de la econom\u00eda social vasca, que facilite la ubicaci\u00f3n de los indicadores propuestos en dicho informe. Esto puede ayudar a diversas partes interesadas, desde investigadores hasta formuladores de pol\u00edticas, a entender mejor el impacto del sector.<\/p>\r\n\r\n\r\n\r\n<p>Las organizaciones internacionales como la OIT, las Naciones Unidas y el Parlamento Europeo reconocen la importancia de las estad\u00edsticas en la Econom\u00eda Social para visibilizar el sector y legitimar su papel en la formulaci\u00f3n de pol\u00edticas p\u00fablicas.<\/p>\r\n\r\n\r\n\r\n<p>Los informes crean un Roadmap, es decir, una hoja de ruta, para identificar fuentes y recursos de datos sobre la econom\u00eda social vasca, organizados en cuatro dimensiones: 1. Centralidad de las personas; 2. Organizaciones democr\u00e1ticas; 3. Competitividad, sostenibilidad e innovaci\u00f3n; y 4. Compromiso con la comunidad.<\/p>\r\n\r\n\r\n\r\n<p>Los trabajos incluyen tablas con las dimensiones y los indicadores propuestos, as\u00ed como una revisi\u00f3n de las fuentes presentadas en el informe Neurtzen. Como novedad en los casos en los que algunos datos se deban obtenerse mediante encuestas, el informe sugiere preguntas para recolectar dicha informaci\u00f3n.<\/p>\r\n\r\n\r\n\r\n<p>En resumen, el informe establece una gu\u00eda para recopilar datos sobre la econom\u00eda social en el Pa\u00eds Vasco, facilitando la localizaci\u00f3n de indicadores clave.<\/p>\r\n\r\n\r\n\r\n<p>M\u00e1s informaci\u00f3n aqu\u00ed:<\/p>\r\n\r\n\r\n\r\n<p><a href=\"https:\/\/oves-geeb.eus\/wp-content\/uploads\/2024\/05\/VF-Roadmap-I.-Version-priorizada-2.pdf\" target=\"_blank\" rel=\"noopener\">Roadmap I: versi\u00f3n priorizada<\/a><\/p>\r\n\r\n\r\n\r\n<p><a href=\"https:\/\/oves-geeb.eus\/wp-content\/uploads\/2024\/05\/VF_-Version-ampliada_Roadmap-II.pdf\" target=\"_blank\" rel=\"noopener\">Roadmap II: Versi\u00f3n ampliada<\/a><\/p>\r\n\r\n\r\n\r\n<p>Fuente: OVES\/GEEB<\/p>\r\n<\/div>\r\n<\/div>\r\n","protected":false},"excerpt":{"rendered":"","protected":false},"author":3,"featured_media":0,"parent":0,"menu_order":0,"comment_status":"closed","ping_status":"closed","template":"","meta":{"footnotes":""},"class_list":["post-16449","page","type-page","status-publish","hentry"],"acf":[],"_links":{"self":[{"href":"https:\/\/oves-geeb.eus\/es\/wp-json\/wp\/v2\/pages\/16449","targetHints":{"allow":["GET"]}}],"collection":[{"href":"https:\/\/oves-geeb.eus\/es\/wp-json\/wp\/v2\/pages"}],"about":[{"href":"https:\/\/oves-geeb.eus\/es\/wp-json\/wp\/v2\/types\/page"}],"author":[{"embeddable":true,"href":"https:\/\/oves-geeb.eus\/es\/wp-json\/wp\/v2\/users\/3"}],"replies":[{"embeddable":true,"href":"https:\/\/oves-geeb.eus\/es\/wp-json\/wp\/v2\/comments?post=16449"}],"version-history":[{"count":4,"href":"https:\/\/oves-geeb.eus\/es\/wp-json\/wp\/v2\/pages\/16449\/revisions"}],"predecessor-version":[{"id":17696,"href":"https:\/\/oves-geeb.eus\/es\/wp-json\/wp\/v2\/pages\/16449\/revisions\/17696"}],"wp:attachment":[{"href":"https:\/\/oves-geeb.eus\/es\/wp-json\/wp\/v2\/media?parent=16449"}],"curies":[{"name":"wp","href":"https:\/\/api.w.org\/{rel}","templated":true}]}}